{"id":2706,"date":"2021-01-15T09:15:06","date_gmt":"2021-01-15T09:15:06","guid":{"rendered":"https:\/\/www.skupajzazdravje.si\/politika-zasebnosti\/"},"modified":"2021-01-15T09:15:06","modified_gmt":"2021-01-15T09:15:06","slug":"politica-sulla-riservatezza","status":"publish","type":"page","link":"https:\/\/skupajzazdravje.si\/it\/politica-sulla-riservatezza\/","title":{"rendered":"Politica sulla riservatezza"},"content":{"rendered":"[vc_row type=&#8221;in_container&#8221; full_screen_row_position=&#8221;middle&#8221; column_margin=&#8221;default&#8221; scene_position=&#8221;center&#8221; text_color=&#8221;dark&#8221; text_align=&#8221;left&#8221; overlay_strength=&#8221;0.3&#8243; shape_divider_position=&#8221;bottom&#8221; bg_image_animation=&#8221;none&#8221;][vc_column column_padding=&#8221;no-extra-padding&#8221; column_padding_position=&#8221;all&#8221; background_color_opacity=&#8221;1&#8243; background_hover_color_opacity=&#8221;1&#8243; column_link_target=&#8221;_self&#8221; column_shadow=&#8221;none&#8221; column_border_radius=&#8221;none&#8221; width=&#8221;1\/1&#8243; tablet_width_inherit=&#8221;default&#8221; tablet_text_alignment=&#8221;default&#8221; phone_text_alignment=&#8221;default&#8221; overlay_strength=&#8221;0.3&#8243; column_border_width=&#8221;none&#8221; column_border_style=&#8221;solid&#8221; bg_image_animation=&#8221;none&#8221;][vc_column_text] <\/p>\n<h1>Politica sulla riservatezza<\/h1>\n<p> Condizioni generali di utilizzo del sito web <a href=\"https:\/\/www.skupajzazdravje.si\">www.skupajzazdravje.si<\/a> <\/p>\n<ol>\n<li><strong> Introduzione<\/strong><\/li>\n<\/ol>\n<p> Questo sito web \u00e8 stato creato con il sostegno finanziario del Meccanismo finanziario norvegese ed \u00e8 stato aggiornato nell\u2019ambito del progetto finanziato dal Fondo sociale europeo e dalla Repubblica di Slovenia. I contenuti di questo sito web sono di esclusiva responsabilit\u00e0 dell\u2019Istituto nazionale di Sanit\u00e0 pubblica (NIJZ) e non possono in alcun modo essere interpretati come espressione delle opinioni del titolare del programma del Meccanismo finanziario norvegese o del programma del Fondo sociale europeo. <\/p>\n<ol start=\"2\">\n<li><strong> Contenuti del sito web<\/strong><\/li>\n<\/ol>\n<p> Tutti i contenuti pubblicati sul sito web sono di natura informativa e servono principalmente a informare. Il NIJZ si impegna a fare tutto quanto in suo potere per garantire che le informazioni sul sito web siano veritiere, affidabili e di buona qualit\u00e0. Tuttavia, non \u00e8 responsabile per eventuali errori tipografici e per ritardi e carenze nell&#8217;inserimento di dati aggiornati. <\/p>\n<ol start=\"3\">\n<li><strong> Tutela dei diritti d\u2019autore<\/strong><\/li>\n<\/ol>\n<p> Questo sito web \u00e8 di propriet\u00e0 esclusiva dl NIJZ, pertanto \u00e8 vietato qualsiasi uso improprio di dati, immagini, testi e altri dati che fanno parte di questo sito web. \u00c8 vietata qualsiasi riproduzione, distribuzione o altro utilizzo di tutti i dati di cui sopra senza la previa conoscenza e autorizzazione di NIJZ.<strong>\u00a0<\/strong> <\/p>\n<ol start=\"4\">\n<li><strong> Tutela della privacy<\/strong><\/li>\n<\/ol>\n<p> La prima volta che si visita il sito web, sul computer dell\u2019utente viene memorizzato un \u201ccookie\u201d, che l\u2019utente pu\u00f2 rimuovere o impedire che venga salvato attraverso le adeguate impostazioni. I cookie sono piccoli file che consentono una migliore comunicazione con il sito web e attraverso i quali, ad esempio, il sito web pu\u00f2 gestire le tue impostazioni personali. \u00c8 importante sapere che attraverso questi file non possiamo in alcun modo accedere ai tuoi dati personali o dati sul tuo computer, ad eccezione di quelli che sono disponibili pubblicamente (tipo di browser, tipo di sistema operativo, ecc.). I dati che inserisci sul sito web ci vengono inviati online in un formato elettronico non protetto, quindi potrebbero essere disponibili anche a terzi. Per proteggere la tua identit\u00e0 e privacy, non inserire informazioni personali che non desideri vengano divulgate.<strong>\u00a0<\/strong> <\/p>\n<ol start=\"5\">\n<li><strong> Collegamenti esterni<\/strong><\/li>\n<\/ol>\n<p> Il sito web <a href=\"https:\/\/www.skupajzazdravje.si\">www.skupajzazdravje.si<\/a> comprende anche collegamenti a pagine di altri siti web. Il NIJZ non \u00e8 responsabile del contenuto di tali pagine. <\/p>\n<ol start=\"6\">\n<li><strong> Modifiche alle condizioni di utilizzo<\/strong><\/li>\n<\/ol>\n<p> Il NIJZ si riserva il diritto di modificare le condizioni generali senza preavviso. Le modifiche entrano in vigore subito dopo la pubblicazione. Al fine di prendere conoscenza di questi diritti, ti preghiamo di leggere attentamente i termini e le condizioni di utilizzo ogni volta che visiti il nostro sito web.<strong>\u00a0<\/strong> <\/p>\n<ol start=\"7\">\n<li><strong>Tribunale competente <\/strong><\/li>\n<\/ol>\n<p> All&#8217;interpretazione e a tutte le questioni legali relative all&#8217;uso dei materiali pubblicati su queste pagine web, si applica esclusivamente la legge slovena. Il tribunale di Lubiana \u00e8 competente per reclami e controversie relative all&#8217;uso di detti materiali.<strong>\u00a0<\/strong> <\/p>\n<ol start=\"8\">\n<li><strong> Conclusione<\/strong><\/li>\n<\/ol>\n<p>Entrando nel sito web<a href=\"https:\/\/www.skupajzazdravje.si\">www.skupajzazdravje.si<\/a> confermi di essere a conoscenza e di accettare tutti i termini di cui sopra. <\/p>\n<ol start=\"9\">\n<li><strong> Avvertenza speciale<\/strong><\/li>\n<\/ol>\n<p> Il contenuto pubblicato sul sito web <a href=\"https:\/\/www.skupajzazdravje.si\">www.skupajzazdravje.si<\/a> ha lo scopo di fornire informazioni generali su uno stile di vita sano, programmi di prevenzione e screening, esami preventivi negli ambulatori di medicina generale e attivit\u00e0 e trattamenti nei centri di promozione della salute e centri di educazione sanitaria, trattamenti sanitari preventivi dei servizi di comunit\u00e0, attivit\u00e0 di prevenzione e uno stile di vita sano negli ambienti locali. Il contenuto del sito web non pu\u00f2 sostituire una visita al tuo medico di base o altro specialista.[\/vc_column_text][\/vc_column][\/vc_row]\n","protected":false},"excerpt":{"rendered":"<p>[vc_row type=&#8221;in_container&#8221; full_screen_row_position=&#8221;middle&#8221; column_margin=&#8221;default&#8221; scene_position=&#8221;center&#8221; text_color=&#8221;dark&#8221; text_align=&#8221;left&#8221; overlay_strength=&#8221;0.3&#8243; shape_divider_position=&#8221;bottom&#8221; bg_image_animation=&#8221;none&#8221;][vc_column column_padding=&#8221;no-extra-padding&#8221; column_padding_position=&#8221;all&#8221; background_color_opacity=&#8221;1&#8243; background_hover_color_opacity=&#8221;1&#8243; column_link_target=&#8221;_self&#8221; column_shadow=&#8221;none&#8221; column_border_radius=&#8221;none&#8221; width=&#8221;1\/1&#8243; tablet_width_inherit=&#8221;default&#8221; tablet_text_alignment=&#8221;default&#8221; phone_text_alignment=&#8221;default&#8221; overlay_strength=&#8221;0.3&#8243; column_border_width=&#8221;none&#8221; column_border_style=&#8221;solid&#8221; bg_image_animation=&#8221;none&#8221;][vc_column_text] Politica sulla riservatezza Condizioni generali&#8230;<\/p>\n","protected":false},"author":12,"featured_media":0,"parent":0,"menu_order":0,"comment_status":"closed","ping_status":"closed","template":"","meta":{"_acf_changed":false,"footnotes":""},"class_list":["post-2706","page","type-page","status-publish"],"acf":[],"_links":{"self":[{"href":"https:\/\/skupajzazdravje.si\/it\/wp-json\/wp\/v2\/pages\/2706","targetHints":{"allow":["GET"]}}],"collection":[{"href":"https:\/\/skupajzazdravje.si\/it\/wp-json\/wp\/v2\/pages"}],"about":[{"href":"https:\/\/skupajzazdravje.si\/it\/wp-json\/wp\/v2\/types\/page"}],"author":[{"embeddable":true,"href":"https:\/\/skupajzazdravje.si\/it\/wp-json\/wp\/v2\/users\/12"}],"replies":[{"embeddable":true,"href":"https:\/\/skupajzazdravje.si\/it\/wp-json\/wp\/v2\/comments?post=2706"}],"version-history":[{"count":1,"href":"https:\/\/skupajzazdravje.si\/it\/wp-json\/wp\/v2\/pages\/2706\/revisions"}],"predecessor-version":[{"id":2987,"href":"https:\/\/skupajzazdravje.si\/it\/wp-json\/wp\/v2\/pages\/2706\/revisions\/2987"}],"wp:attachment":[{"href":"https:\/\/skupajzazdravje.si\/it\/wp-json\/wp\/v2\/media?parent=2706"}],"curies":[{"name":"wp","href":"https:\/\/api.w.org\/{rel}","templated":true}]}}