{"id":2687,"date":"2021-01-15T09:15:06","date_gmt":"2021-01-15T09:15:06","guid":{"rendered":"https:\/\/www.skupajzazdravje.si\/kaj-je-preventivni-pregled\/"},"modified":"2021-02-11T13:08:06","modified_gmt":"2021-02-11T13:08:06","slug":"cose-un-esame-preventivo","status":"publish","type":"page","link":"https:\/\/skupajzazdravje.si\/it\/esami-preventivi\/cose-un-esame-preventivo\/","title":{"rendered":"Cos\u2019\u00e8 un esame preventivo?"},"content":{"rendered":"[vc_row type=&#8221;full_width_background&#8221; full_screen_row_position=&#8221;middle&#8221; column_margin=&#8221;default&#8221; bg_color=&#8221;#ffffff&#8221; scene_position=&#8221;center&#8221; text_color=&#8221;light&#8221; text_align=&#8221;left&#8221; id=&#8221;home&#8221; color_overlay=&#8221;#7fbf37&#8243; overlay_strength=&#8221;1&#8243; enable_shape_divider=&#8221;true&#8221; shape_divider_color=&#8221;#ffffff&#8221; shape_divider_position=&#8221;both&#8221; shape_divider_height=&#8221;20%&#8221; bg_image_animation=&#8221;none&#8221; parallax_bg=&#8221;true&#8221; parallax_bg_speed=&#8221;fast&#8221; shape_type=&#8221;straight_section&#8221;][vc_column column_padding=&#8221;no-extra-padding&#8221; column_padding_position=&#8221;all&#8221; background_color_opacity=&#8221;1&#8243; background_hover_color_opacity=&#8221;1&#8243; background_image=&#8221;69&#8243; enable_bg_scale=&#8221;true&#8221; column_link_target=&#8221;_self&#8221; column_shadow=&#8221;none&#8221; column_border_radius=&#8221;5px&#8221; width=&#8221;1\/1&#8243; tablet_width_inherit=&#8221;default&#8221; tablet_text_alignment=&#8221;default&#8221; phone_text_alignment=&#8221;default&#8221; enable_gradient=&#8221;true&#8221; color_overlay_2=&#8221;#000000&#8243; gradient_direction=&#8221;top_to_bottom&#8221; overlay_strength=&#8221;0.5&#8243; column_border_width=&#8221;none&#8221; bg_image_animation=&#8221;zoom-out-reveal&#8221;][vc_row_inner content_placement=&#8221;bottom&#8221; column_margin=&#8221;none&#8221; top_padding=&#8221;15%&#8221; bottom_padding=&#8221;15%&#8221; text_align=&#8221;left&#8221;][vc_column_inner column_padding=&#8221;no-extra-padding&#8221; column_padding_position=&#8221;all&#8221; centered_text=&#8221;true&#8221; background_color_opacity=&#8221;1&#8243; background_hover_color_opacity=&#8221;1&#8243; column_shadow=&#8221;none&#8221; column_border_radius=&#8221;none&#8221; column_link_target=&#8221;_self&#8221; width=&#8221;1\/1&#8243; tablet_width_inherit=&#8221;default&#8221; overlay_strength=&#8221;0.3&#8243; column_border_width=&#8221;none&#8221; column_border_style=&#8221;solid&#8221; bg_image_animation=&#8221;none&#8221;][split_line_heading animation_type=&#8221;line-reveal-by-space&#8221; font_style=&#8221;h1&#8243; text_content=&#8221;Cos\u2019\u00e8 un esame preventivo?&#8221;][\/split_line_heading][\/vc_column_inner][\/vc_row_inner][\/vc_column][\/vc_row][vc_row type=&#8221;full_width_background&#8221; full_screen_row_position=&#8221;middle&#8221; equal_height=&#8221;yes&#8221; content_placement=&#8221;middle&#8221; column_margin=&#8221;default&#8221; scene_position=&#8221;center&#8221; text_color=&#8221;dark&#8221; text_align=&#8221;left&#8221; top_padding=&#8221;3%&#8221; bottom_padding=&#8221;2%&#8221; overlay_strength=&#8221;1&#8243; shape_divider_color=&#8221;#f4f4f4&#8243; shape_divider_position=&#8221;bottom&#8221; shape_divider_height=&#8221;40%&#8221; bg_image_animation=&#8221;none&#8221; shape_type=&#8221;curve_opacity&#8221;][vc_column column_padding=&#8221;no-extra-padding&#8221; column_padding_position=&#8221;right&#8221; background_color_opacity=&#8221;1&#8243; background_hover_color_opacity=&#8221;1&#8243; column_link_target=&#8221;_self&#8221; column_shadow=&#8221;none&#8221; column_border_radius=&#8221;none&#8221; width=&#8221;1\/6&#8243; tablet_width_inherit=&#8221;default&#8221; tablet_text_alignment=&#8221;default&#8221; phone_text_alignment=&#8221;default&#8221; overlay_strength=&#8221;0.3&#8243; column_border_width=&#8221;none&#8221; column_border_style=&#8221;solid&#8221; bg_image_animation=&#8221;none&#8221;][\/vc_column][vc_column column_padding=&#8221;no-extra-padding&#8221; column_padding_position=&#8221;all&#8221; background_color_opacity=&#8221;1&#8243; background_hover_color_opacity=&#8221;1&#8243; column_link_target=&#8221;_self&#8221; column_shadow=&#8221;none&#8221; column_border_radius=&#8221;none&#8221; width=&#8221;2\/3&#8243; tablet_width_inherit=&#8221;default&#8221; tablet_text_alignment=&#8221;default&#8221; phone_text_alignment=&#8221;default&#8221; overlay_strength=&#8221;0.3&#8243; column_border_width=&#8221;none&#8221; column_border_style=&#8221;solid&#8221; bg_image_animation=&#8221;none&#8221;][vc_row_inner column_margin=&#8221;default&#8221; bottom_padding=&#8221;2%&#8221; text_align=&#8221;left&#8221;][vc_column_inner column_padding=&#8221;no-extra-padding&#8221; column_padding_position=&#8221;all&#8221; background_color_opacity=&#8221;1&#8243; background_hover_color_opacity=&#8221;1&#8243; column_shadow=&#8221;none&#8221; column_border_radius=&#8221;none&#8221; column_link_target=&#8221;_self&#8221; width=&#8221;1\/1&#8243; tablet_width_inherit=&#8221;default&#8221; overlay_strength=&#8221;0.3&#8243; column_border_width=&#8221;none&#8221; column_border_style=&#8221;solid&#8221; bg_image_animation=&#8221;none&#8221;][vc_widget_sidebar sidebar_id=&#8221;page-sidebar&#8221;][vc_column_text]\n<h3><strong>L&#8217;esame preventivo si svolge in un ambulatorio di medicina generale ed \u00e8 finalizzato alla rilevazione tempestiva del rischio di sviluppo di malattie croniche (prima che compaiano sintomi o segni della malattia) o alla rilevazione tempestiva di possibili malattie croniche preesistenti.<\/strong><\/h3>\n[\/vc_column_text][\/vc_column_inner][\/vc_row_inner][vc_row_inner column_margin=&#8221;default&#8221; bottom_padding=&#8221;0%&#8221; text_align=&#8221;left&#8221;][vc_column_inner column_padding=&#8221;no-extra-padding&#8221; column_padding_position=&#8221;all&#8221; background_color_opacity=&#8221;1&#8243; background_hover_color_opacity=&#8221;1&#8243; column_shadow=&#8221;none&#8221; column_border_radius=&#8221;none&#8221; column_link_target=&#8221;_self&#8221; width=&#8221;1\/1&#8243; tablet_width_inherit=&#8221;default&#8221; overlay_strength=&#8221;0.3&#8243; column_border_width=&#8221;none&#8221; column_border_style=&#8221;solid&#8221; bg_image_animation=&#8221;none&#8221;][vc_column_text]L&#8217;esame \u00e8 finalizzato alla prevenzione e alla diagnosi precoce delle seguenti malattie croniche: malattie cardiovascolari, diabete di tipo 2, obesit\u00e0, ipertensione arteriosa, asma, broncopneumopatia cronica ostruttiva, tumori ereditari, depressione e osteoporosi. Dopo l\u2019esame preventivo, saprai se sei a rischio di sviluppare malattie croniche o se hai una malattia cronica gi\u00e0 in corso. Parteciperai anche a:[\/vc_column_text]<div class=\"nectar-fancy-ul\" data-list-icon=\"icon-arrow-right\" data-animation=\"false\" data-animation-delay=\"0\" data-color=\"accent-color\" data-spacing=\"default\" data-alignment=\"left\"> \n<ul>\n<li>un breve consulto finalizzato a uno stile di vita sano e al miglioramento della salute mentale,<\/li>\n<li>se necessario, un trattamento farmacologico appropriato e,<\/li>\n<li>se lo desideri e corri il rischio di sviluppare una malattia cronica o se hai gi\u00e0 sviluppato una malattia cronica, verrai indirizzato a un centro per la promozione della salute\/centro di educazione sanitaria.<\/li>\n<\/ul>\n <\/div>[vc_column_text]Rilevando tempestivamente il rischio di sviluppo di malattie croniche, \u00e8 possibile prevenire o ritardare lo sviluppo della malattia. Le malattie, che vengono rilevate in una fase iniziale dello sviluppo, spesso richiedono anche trattamenti meno radicali. In questo modo, si possono prevenire molte conseguenze negative delle malattie croniche e migliorare la qualit\u00e0 di vita del paziente.[\/vc_column_text][\/vc_column_inner][\/vc_row_inner][\/vc_column][vc_column column_padding=&#8221;no-extra-padding&#8221; column_padding_position=&#8221;all&#8221; background_color_opacity=&#8221;1&#8243; background_hover_color_opacity=&#8221;1&#8243; column_link_target=&#8221;_self&#8221; column_shadow=&#8221;none&#8221; column_border_radius=&#8221;none&#8221; width=&#8221;1\/6&#8243; tablet_width_inherit=&#8221;default&#8221; tablet_text_alignment=&#8221;default&#8221; phone_text_alignment=&#8221;default&#8221; overlay_strength=&#8221;0.3&#8243; column_border_width=&#8221;none&#8221; column_border_style=&#8221;solid&#8221; bg_image_animation=&#8221;none&#8221;][\/vc_column][\/vc_row][vc_row type=&#8221;in_container&#8221; full_screen_row_position=&#8221;middle&#8221; column_margin=&#8221;default&#8221; scene_position=&#8221;center&#8221; text_color=&#8221;dark&#8221; text_align=&#8221;left&#8221; bottom_padding=&#8221;2%&#8221; id=&#8221;kako-poteka-pregled&#8221; overlay_strength=&#8221;0.3&#8243; shape_divider_position=&#8221;bottom&#8221; bg_image_animation=&#8221;none&#8221; shape_type=&#8221;&#8221;][vc_column column_padding=&#8221;no-extra-padding&#8221; column_padding_position=&#8221;all&#8221; background_color_opacity=&#8221;1&#8243; background_hover_color_opacity=&#8221;1&#8243; column_link_target=&#8221;_self&#8221; column_shadow=&#8221;none&#8221; column_border_radius=&#8221;none&#8221; width=&#8221;1\/6&#8243; tablet_width_inherit=&#8221;default&#8221; tablet_text_alignment=&#8221;default&#8221; phone_text_alignment=&#8221;default&#8221; overlay_strength=&#8221;0.3&#8243; column_border_width=&#8221;none&#8221; column_border_style=&#8221;solid&#8221; bg_image_animation=&#8221;none&#8221;][\/vc_column][vc_column column_padding=&#8221;no-extra-padding&#8221; column_padding_position=&#8221;all&#8221; background_color_opacity=&#8221;1&#8243; background_hover_color_opacity=&#8221;1&#8243; column_link_target=&#8221;_self&#8221; column_shadow=&#8221;none&#8221; column_border_radius=&#8221;none&#8221; width=&#8221;2\/3&#8243; tablet_width_inherit=&#8221;default&#8221; tablet_text_alignment=&#8221;default&#8221; phone_text_alignment=&#8221;default&#8221; overlay_strength=&#8221;0.3&#8243; column_border_width=&#8221;none&#8221; column_border_style=&#8221;solid&#8221; bg_image_animation=&#8221;none&#8221;][toggles style=&#8221;minimal&#8221; accordion=&#8221;true&#8221;][toggle color=&#8221;Default&#8221; title=&#8221;Come si svolge l\u2019esame preventivo?&#8221;][vc_column_text]L\u2019esame preventivo viene eseguito da un&#8217;infermiera abilitata presso l&#8217;ambulatorio del medico personale prescelto. Come parte dell&#8217;esame preventivo, vengono eseguiti:<\/p>\n<p><strong>Esami di laboratorio<br \/>\n<\/strong>Il prelievo di sangue in laboratorio permette di conoscere i seguenti valori:<\/p>\n<ul>\n<li>tasso di glicemia a digiuno nel sangue venoso e<\/li>\n<li>lipidogramma (colesterolo totale, colesterolo LDL, colesterolo HDL, trigliceridi).<\/li>\n<\/ul>\n<p>Se necessario, viene eseguito anche un test orale di tolleranza al glucosio (OGTT) per rilevare eventuali disturbi della glicemia. La decisione di eseguire altri esami di laboratorio \u00e8 di competenza del medico personale prescelto.<\/p>\n<p><strong>Colloquio sulle tue abitudini di vita<br \/>\n<\/strong>Completando alcuni questionari, parlerai all&#8217;infermiera delle tue abitudini di vita legate alla salute, ovvero di:<\/p>\n<ul>\n<li>abitudini alimentari,<\/li>\n<li>attivit\u00e0 fisica,<\/li>\n<li>fumo,<\/li>\n<li>consumo di bevande alcoliche,<\/li>\n<li>sperimentare lo stress,<\/li>\n<li>avvertire sintomi di depressione,<\/li>\n<li>riconoscere i segnali del cancro,<\/li>\n<li>inclusione nei programmi di screening per la diagnosi precoce del cancro.<\/li>\n<\/ul>\n<p><strong>Misurazione di pressione sanguigna, altezza, peso e girovita<br \/>\n<\/strong>Queste misurazioni vengono eseguite durante ogni visita preventiva. Nel caso venga rilevato il rischio di sviluppo di una malattia cronica, le misurazioni verranno effettuate con maggior frequenza.<\/p>\n<p><strong>Ulteriori misurazioni\/esami<br \/>\n<\/strong>Se i risultati dell&#8217;esame preventivo indicano la necessit\u00e0 di ulteriori accertamenti, potresti essere sottoposto a:<\/p>\n<ul>\n<li>elettrocardiogramma (ECG),<\/li>\n<li>spirometria,<\/li>\n<li>misurazione della pressione sanguigna nelle 24 ore e<\/li>\n<li>misurazione dell&#8217;indice della caviglia (ABI).<\/li>\n<\/ul>\n[\/vc_column_text][\/toggle][toggle color=&#8221;Default&#8221; title=&#8221;Cosa segue al termine dell&#8217;esame preventivo?&#8221;][vc_column_text]\n<p style=\"text-align: left;\">Sulla base dei risultati dell&#8217;esame, riceverai consulenza per adottare abitudini di vita sane e migliorare la salute mentale.<\/p>\n<p>Dopo l\u2019esame preventivo, gli accertamenti proseguono presso il tuo medico personale nei seguenti casi:<\/p>\n<ul style=\"text-align: left;\">\n<li>se i risultati dell&#8217;esame preventivo dimostrano che sei ad alto rischio di sviluppare malattie croniche o che hai gi\u00e0 una malattia cronica in corso,<\/li>\n<li>per tua volont\u00e0, indipendentemente dai risultati dell&#8217;esame.<\/li>\n<\/ul>\n<p style=\"text-align: left;\">Al termine dell\u2019esame preventivo, l&#8217;infermiera o il medico personale, sulla base dei risultati e dei tuoi desideri e interessi, ti indirizzer\u00e0 ad <a href=\"https:\/\/www.skupajzazdravje.si\/aktivnosti-za-krepitev-zdravja\/\">attivit\u00e0 per migliorare la salute<\/a> presso un centro di promozione della salute\/centro di educazione sanitaria.<\/p>\n[\/vc_column_text][\/toggle][toggle color=&#8221;Default&#8221; title=&#8221;Devo fare l\u2019esame preventivo anche se di recente mi sono sottoposto a un check-up preventivo per lavoro?&#8221;][vc_column_text]\n<p style=\"text-align: left;\">Sia l\u2019esame preventivo presso l\u2019ambulatorio di medicina generale che la visita medica nell\u2019ambulatorio di medicina del lavoro, traffico e sport sono finalizzate alla tutela della tua salute. Anche gli accertamenti eseguiti in entrambe le visite sono simili. La principale differenza tra le due visite \u00e8 che:<\/p>\n<ul style=\"text-align: left;\">\n<li><em>la visita ambulatoriale di medicina del lavoro, traffico e sport<\/em> \u00e8 finalizzata a prevenire le conseguenze dello stress o i rischi per la sicurezza e la salute sul lavoro, mentre<\/li>\n<li><em>la visita nell\u2019ambulatorio di medicina generale<\/em> ha lo scopo di prevenire le malattie croniche pi\u00f9 comuni o di rilevare tempestivamente eventuali patologie croniche preesistenti e quindi adottare adeguate misure.<\/li>\n<\/ul>\n<p style=\"text-align: left;\"><strong>Perch\u00e9 si \u00e8 sottoposti alla visita di medicina del lavoro?<\/strong><\/p>\n<p style=\"text-align: left;\">Gli esami medici preventivi dei dipendenti vengono effettuati per tutelare la vita, la salute e la capacit\u00e0 lavorativa del dipendente, e per prevenire incidenti e infortuni sul lavoro, malattie professionali e disabilit\u00e0. Gli esami medici preventivi dei dipendenti rilevano lo stato di salute del dipendente e la sua capacit\u00e0 di svolgere determinate mansioni nell&#8217;ambiente di lavoro.<\/p>\n<p style=\"text-align: left;\">Sulla base dei rischi per la sicurezza e salute sul lavoro e di indagini mirate, uno specialista in medicina del lavoro, traffico e sport valuta il rischio per la salute del lavoratore e il suo adempimento di requisiti sanitari speciali per determinate mansioni nell&#8217;ambiente di lavoro.<\/p>\n<p style=\"text-align: left;\">Dopo la visita preventiva presso l&#8217;ambulatorio di medicina del lavoro, traffico e sport, riceverai i risultati di tale visita, che poi porterai al tuo medico personale, che, in base ai risultati ricevuti, valuter\u00e0 se:<\/p>\n<ul style=\"text-align: left;\">\n<li>siano necessarie misure terapeutiche o<\/li>\n<li>eseguir\u00e0 ulteriori accertamenti o<\/li>\n<li>ti indirizzer\u00e0 a un&#8217;infermiera abilitata che lavora in un team, o<\/li>\n<li>ti indirizzer\u00e0 ad attivit\u00e0 di promozione della salute presso un centro di promozione della salute\/centro di educazione sanitaria nel campo del cambiamento delle abitudini di vita malsane e del rafforzamento della salute mentale.<\/li>\n<\/ul>\n<p style=\"text-align: left;\">In questo modo, il flusso di informazioni si conclude, consentendo di trattare la persona con la massima cura.<\/p>\n[\/vc_column_text][\/toggle][\/toggles][\/vc_column][vc_column column_padding=&#8221;no-extra-padding&#8221; column_padding_position=&#8221;all&#8221; background_color_opacity=&#8221;1&#8243; background_hover_color_opacity=&#8221;1&#8243; column_link_target=&#8221;_self&#8221; column_shadow=&#8221;none&#8221; column_border_radius=&#8221;none&#8221; width=&#8221;1\/6&#8243; tablet_width_inherit=&#8221;default&#8221; tablet_text_alignment=&#8221;default&#8221; phone_text_alignment=&#8221;default&#8221; overlay_strength=&#8221;0.3&#8243; column_border_width=&#8221;none&#8221; column_border_style=&#8221;solid&#8221; bg_image_animation=&#8221;none&#8221;][\/vc_column][\/vc_row]\n","protected":false},"excerpt":{"rendered":"<p>[vc_row type=&#8221;full_width_background&#8221; full_screen_row_position=&#8221;middle&#8221; column_margin=&#8221;default&#8221; bg_color=&#8221;#ffffff&#8221; scene_position=&#8221;center&#8221; text_color=&#8221;light&#8221; text_align=&#8221;left&#8221; id=&#8221;home&#8221; color_overlay=&#8221;#7fbf37&#8243; overlay_strength=&#8221;1&#8243; enable_shape_divider=&#8221;true&#8221; shape_divider_color=&#8221;#ffffff&#8221; shape_divider_position=&#8221;both&#8221; shape_divider_height=&#8221;20%&#8221; bg_image_animation=&#8221;none&#8221; parallax_bg=&#8221;true&#8221; parallax_bg_speed=&#8221;fast&#8221; shape_type=&#8221;straight_section&#8221;][vc_column column_padding=&#8221;no-extra-padding&#8221; column_padding_position=&#8221;all&#8221; background_color_opacity=&#8221;1&#8243; background_hover_color_opacity=&#8221;1&#8243; background_image=&#8221;69&#8243; enable_bg_scale=&#8221;true&#8221; column_link_target=&#8221;_self&#8221; column_shadow=&#8221;none&#8221; column_border_radius=&#8221;5px&#8221; width=&#8221;1\/1&#8243; tablet_width_inherit=&#8221;default&#8221;&#8230;<\/p>\n","protected":false},"author":12,"featured_media":0,"parent":2764,"menu_order":0,"comment_status":"closed","ping_status":"closed","template":"","meta":{"_acf_changed":false,"footnotes":""},"class_list":["post-2687","page","type-page","status-publish"],"acf":[],"_links":{"self":[{"href":"https:\/\/skupajzazdravje.si\/it\/wp-json\/wp\/v2\/pages\/2687","targetHints":{"allow":["GET"]}}],"collection":[{"href":"https:\/\/skupajzazdravje.si\/it\/wp-json\/wp\/v2\/pages"}],"about":[{"href":"https:\/\/skupajzazdravje.si\/it\/wp-json\/wp\/v2\/types\/page"}],"author":[{"embeddable":true,"href":"https:\/\/skupajzazdravje.si\/it\/wp-json\/wp\/v2\/users\/12"}],"replies":[{"embeddable":true,"href":"https:\/\/skupajzazdravje.si\/it\/wp-json\/wp\/v2\/comments?post=2687"}],"version-history":[{"count":4,"href":"https:\/\/skupajzazdravje.si\/it\/wp-json\/wp\/v2\/pages\/2687\/revisions"}],"predecessor-version":[{"id":3152,"href":"https:\/\/skupajzazdravje.si\/it\/wp-json\/wp\/v2\/pages\/2687\/revisions\/3152"}],"up":[{"embeddable":true,"href":"https:\/\/skupajzazdravje.si\/it\/wp-json\/wp\/v2\/pages\/2764"}],"wp:attachment":[{"href":"https:\/\/skupajzazdravje.si\/it\/wp-json\/wp\/v2\/media?parent=2687"}],"curies":[{"name":"wp","href":"https:\/\/api.w.org\/{rel}","templated":true}]}}