{"id":2668,"date":"2021-01-15T09:15:06","date_gmt":"2021-01-15T09:15:06","guid":{"rendered":"https:\/\/www.skupajzazdravje.si\/obcinski-preizkus-hoje\/"},"modified":"2021-02-19T11:16:40","modified_gmt":"2021-02-19T11:16:40","slug":"prova-di-marcia-comunale","status":"publish","type":"page","link":"https:\/\/skupajzazdravje.si\/it\/una-comunita-sana\/prova-di-marcia-comunale\/","title":{"rendered":"Prova di marcia comunale"},"content":{"rendered":"[vc_row type=&#8221;full_width_background&#8221; full_screen_row_position=&#8221;middle&#8221; column_margin=&#8221;default&#8221; bg_color=&#8221;#ffffff&#8221; scene_position=&#8221;center&#8221; text_color=&#8221;light&#8221; text_align=&#8221;left&#8221; id=&#8221;home&#8221; color_overlay=&#8221;#7fbf37&#8243; overlay_strength=&#8221;1&#8243; enable_shape_divider=&#8221;true&#8221; shape_divider_color=&#8221;#ffffff&#8221; shape_divider_position=&#8221;both&#8221; shape_divider_height=&#8221;20%&#8221; bg_image_animation=&#8221;none&#8221; parallax_bg=&#8221;true&#8221; parallax_bg_speed=&#8221;fast&#8221; shape_type=&#8221;straight_section&#8221;][vc_column column_padding=&#8221;no-extra-padding&#8221; column_padding_position=&#8221;all&#8221; background_color_opacity=&#8221;1&#8243; background_hover_color_opacity=&#8221;1&#8243; background_image=&#8221;1325&#8243; enable_bg_scale=&#8221;true&#8221; column_link_target=&#8221;_self&#8221; column_shadow=&#8221;none&#8221; column_border_radius=&#8221;5px&#8221; width=&#8221;1\/1&#8243; tablet_width_inherit=&#8221;default&#8221; tablet_text_alignment=&#8221;default&#8221; phone_text_alignment=&#8221;default&#8221; enable_gradient=&#8221;true&#8221; color_overlay_2=&#8221;#000000&#8243; gradient_direction=&#8221;top_to_bottom&#8221; overlay_strength=&#8221;0.5&#8243; column_border_width=&#8221;none&#8221; bg_image_animation=&#8221;zoom-out-reveal&#8221;][vc_row_inner content_placement=&#8221;bottom&#8221; column_margin=&#8221;none&#8221; top_padding=&#8221;15%&#8221; bottom_padding=&#8221;15%&#8221; text_align=&#8221;left&#8221;][vc_column_inner column_padding=&#8221;no-extra-padding&#8221; column_padding_position=&#8221;all&#8221; centered_text=&#8221;true&#8221; background_color_opacity=&#8221;1&#8243; background_hover_color_opacity=&#8221;1&#8243; column_shadow=&#8221;none&#8221; column_border_radius=&#8221;none&#8221; column_link_target=&#8221;_self&#8221; width=&#8221;1\/1&#8243; tablet_width_inherit=&#8221;default&#8221; overlay_strength=&#8221;0.3&#8243; column_border_width=&#8221;none&#8221; column_border_style=&#8221;solid&#8221; bg_image_animation=&#8221;none&#8221;][split_line_heading animation_type=&#8221;line-reveal-by-space&#8221; font_style=&#8221;h1&#8243; text_content=&#8221;Prova di marcia comunale di 2 chilometri&#8221;][\/split_line_heading][\/vc_column_inner][\/vc_row_inner][\/vc_column][\/vc_row][vc_row type=&#8221;full_width_background&#8221; full_screen_row_position=&#8221;middle&#8221; equal_height=&#8221;yes&#8221; content_placement=&#8221;middle&#8221; column_margin=&#8221;default&#8221; scene_position=&#8221;center&#8221; text_color=&#8221;dark&#8221; text_align=&#8221;left&#8221; top_padding=&#8221;3%&#8221; bottom_padding=&#8221;3%&#8221; overlay_strength=&#8221;1&#8243; shape_divider_color=&#8221;#f4f4f4&#8243; shape_divider_position=&#8221;bottom&#8221; shape_divider_height=&#8221;40%&#8221; bg_image_animation=&#8221;none&#8221; shape_type=&#8221;curve_opacity&#8221;][vc_column column_padding=&#8221;no-extra-padding&#8221; column_padding_position=&#8221;right&#8221; background_color_opacity=&#8221;1&#8243; background_hover_color_opacity=&#8221;1&#8243; column_link_target=&#8221;_self&#8221; column_shadow=&#8221;none&#8221; column_border_radius=&#8221;none&#8221; width=&#8221;1\/6&#8243; tablet_width_inherit=&#8221;default&#8221; tablet_text_alignment=&#8221;default&#8221; phone_text_alignment=&#8221;default&#8221; overlay_strength=&#8221;0.3&#8243; column_border_width=&#8221;none&#8221; column_border_style=&#8221;solid&#8221; bg_image_animation=&#8221;none&#8221;][\/vc_column][vc_column column_padding=&#8221;no-extra-padding&#8221; column_padding_position=&#8221;all&#8221; background_color_opacity=&#8221;1&#8243; background_hover_color_opacity=&#8221;1&#8243; column_link_target=&#8221;_self&#8221; column_shadow=&#8221;none&#8221; column_border_radius=&#8221;none&#8221; width=&#8221;2\/3&#8243; tablet_width_inherit=&#8221;default&#8221; tablet_text_alignment=&#8221;default&#8221; phone_text_alignment=&#8221;default&#8221; overlay_strength=&#8221;0.3&#8243; column_border_width=&#8221;none&#8221; column_border_style=&#8221;solid&#8221; bg_image_animation=&#8221;none&#8221;][vc_row_inner column_margin=&#8221;default&#8221; bottom_padding=&#8221;2%&#8221; text_align=&#8221;left&#8221;][vc_column_inner column_padding=&#8221;no-extra-padding&#8221; column_padding_position=&#8221;all&#8221; background_color_opacity=&#8221;1&#8243; background_hover_color_opacity=&#8221;1&#8243; column_shadow=&#8221;none&#8221; column_border_radius=&#8221;none&#8221; column_link_target=&#8221;_self&#8221; width=&#8221;1\/1&#8243; tablet_width_inherit=&#8221;default&#8221; overlay_strength=&#8221;0.3&#8243; column_border_width=&#8221;none&#8221; column_border_style=&#8221;solid&#8221; bg_image_animation=&#8221;none&#8221;][vc_widget_sidebar sidebar_id=&#8221;page-sidebar&#8221;][vc_column_text]\n<h3>Partecipa alla prova di marcia di 2 chilometri e scopri qual \u00e8 la tua forma fisica.<\/h3>\n[\/vc_column_text][\/vc_column_inner][\/vc_row_inner][vc_row_inner column_margin=&#8221;default&#8221; bottom_padding=&#8221;2%&#8221; text_align=&#8221;left&#8221;][vc_column_inner column_padding=&#8221;no-extra-padding&#8221; column_padding_position=&#8221;all&#8221; background_color_opacity=&#8221;1&#8243; background_hover_color_opacity=&#8221;1&#8243; column_shadow=&#8221;none&#8221; column_border_radius=&#8221;none&#8221; column_link_target=&#8221;_self&#8221; width=&#8221;1\/1&#8243; tablet_width_inherit=&#8221;default&#8221; overlay_strength=&#8221;0.3&#8243; column_border_width=&#8221;none&#8221; column_border_style=&#8221;solid&#8221; bg_image_animation=&#8221;none&#8221;][vc_column_text]La prova di marcia di 2 km \u00e8 un test facile e sicuro per misurare le tue prestazioni fisiche (la capacit\u00e0 di cuore, vasi sanguigni e sistema respiratorio) camminando il pi\u00f9 velocemente possibile senza mettere a rischio la tua salute. In base ai tuoi risultati, esperti di salute e sport ti consiglieranno qual \u00e8 l&#8217;attivit\u00e0 fisica o sportiva pi\u00f9 adatta e salutare per te.<\/p>\n<p>La prova \u00e8 adatta a tutti gli adulti sani di et\u00e0 compresa tra 20 e 65 anni che sono fisicamente inattivi o moderatamente attivi. Si consiglia di farla ogni 6 mesi. Ci\u00f2 ti consentir\u00e0 di seguire i miglioramenti della tua condizione fisica.<\/p>\n<p>La partecipazione alle prove di marcia di 2 chilometri, che si tengono ovunque in Slovenia, \u00e8 gratuita. Informazioni sulle date e i luoghi esatti delle marce di 2 km sono disponibili presso il tuo centro sanitario.[\/vc_column_text][\/vc_column_inner][\/vc_row_inner][\/vc_column][vc_column column_padding=&#8221;no-extra-padding&#8221; column_padding_position=&#8221;all&#8221; background_color_opacity=&#8221;1&#8243; background_hover_color_opacity=&#8221;1&#8243; column_link_target=&#8221;_self&#8221; column_shadow=&#8221;none&#8221; column_border_radius=&#8221;none&#8221; width=&#8221;1\/6&#8243; tablet_width_inherit=&#8221;default&#8221; tablet_text_alignment=&#8221;default&#8221; phone_text_alignment=&#8221;default&#8221; overlay_strength=&#8221;0.3&#8243; column_border_width=&#8221;none&#8221; column_border_style=&#8221;solid&#8221; bg_image_animation=&#8221;none&#8221;][\/vc_column][\/vc_row][vc_row type=&#8221;full_width_background&#8221; full_screen_row_position=&#8221;middle&#8221; equal_height=&#8221;yes&#8221; content_placement=&#8221;middle&#8221; column_margin=&#8221;default&#8221; scene_position=&#8221;center&#8221; text_color=&#8221;dark&#8221; text_align=&#8221;left&#8221; top_padding=&#8221;1%&#8221; bottom_padding=&#8221;3%&#8221; overlay_strength=&#8221;1&#8243; shape_divider_color=&#8221;#f4f4f4&#8243; shape_divider_position=&#8221;bottom&#8221; shape_divider_height=&#8221;40%&#8221; bg_image_animation=&#8221;none&#8221; shape_type=&#8221;curve_opacity&#8221;][vc_column column_padding=&#8221;no-extra-padding&#8221; column_padding_position=&#8221;right&#8221; background_color_opacity=&#8221;1&#8243; background_hover_color_opacity=&#8221;1&#8243; column_link_target=&#8221;_self&#8221; column_shadow=&#8221;none&#8221; column_border_radius=&#8221;none&#8221; width=&#8221;1\/6&#8243; tablet_width_inherit=&#8221;default&#8221; tablet_text_alignment=&#8221;default&#8221; phone_text_alignment=&#8221;default&#8221; overlay_strength=&#8221;0.3&#8243; column_border_width=&#8221;none&#8221; column_border_style=&#8221;solid&#8221; bg_image_animation=&#8221;none&#8221;][\/vc_column][vc_column column_padding=&#8221;no-extra-padding&#8221; column_padding_position=&#8221;all&#8221; background_color_opacity=&#8221;1&#8243; background_hover_color_opacity=&#8221;1&#8243; column_link_target=&#8221;_self&#8221; column_shadow=&#8221;none&#8221; column_border_radius=&#8221;none&#8221; width=&#8221;2\/3&#8243; tablet_width_inherit=&#8221;default&#8221; tablet_text_alignment=&#8221;default&#8221; phone_text_alignment=&#8221;default&#8221; overlay_strength=&#8221;0.3&#8243; column_border_width=&#8221;none&#8221; column_border_style=&#8221;solid&#8221; bg_image_animation=&#8221;none&#8221;][toggles style=&#8221;minimal&#8221; accordion=&#8221;true&#8221;][toggle color=&#8221;Default&#8221; title=&#8221;Celje&#8221;][vc_column_text]\n<table>\n<thead>\n<tr>\n<th>Organizzatore della marcia<\/th>\n<th>Link alle date<\/th>\n<\/tr>\n<\/thead>\n<tbody>\n<tr>\n<td>CKZ CELJE<\/td>\n<td><a href=\"https:\/\/www.zd-celje.si\/si\/osnovno-zdravstvo\/2244-center-za-krepitev-zdravja\" target=\"_blank\" rel=\"noopener noreferrer\">Sito web dell&#8217;organizzatore<\/a><\/td>\n<\/tr>\n<tr>\n<td>ZVC LA\u0160KO<\/td>\n<td><a href=\"http:\/\/www.zd-lasko.si\/\" target=\"_blank\" rel=\"noopener noreferrer\">Sito web dell&#8217;organizzatore<\/a><\/td>\n<\/tr>\n<tr>\n<td>ZVC RADE\u010cE<\/td>\n<td><a href=\"https:\/\/www.zd-radece.si\/\" target=\"_blank\" rel=\"noopener noreferrer\">Sito web dell&#8217;organizzatore<\/a><\/td>\n<\/tr>\n<tr>\n<td>CKZ SLOVENSKE KONJICE<\/td>\n<td><a href=\"https:\/\/www.zd-slovenskekonjice.si\/index.php\/center-za-krepitev-zdravja\/aktualni-dogodki\" target=\"_blank\" rel=\"noopener noreferrer\">Sito web dell&#8217;organizzatore<\/a><\/td>\n<\/tr>\n<tr>\n<td>CKZ \u0160ENTJUR<\/td>\n<td><a href=\"http:\/\/ckz-sentjur.si\/novice-in-dogodki\/\" target=\"_blank\" rel=\"noopener noreferrer\">Sito web dell&#8217;organizzatore<\/a><\/td>\n<\/tr>\n<tr>\n<td>ZVC \u0160MARJE PRI JEL\u0160AH<\/td>\n<td><a href=\"https:\/\/www.zd-smarje.si\/\" target=\"_blank\" rel=\"noopener noreferrer\">Sito web dell&#8217;organizzatore<\/a><\/td>\n<\/tr>\n<tr>\n<td>CKZ SPODNJE SAVINJSKE DOLINE<\/td>\n<td><a href=\"http:\/\/www.zd-zalec.si\/thw_companion\/obcinski-test-hoje\/\" target=\"_blank\" rel=\"noopener noreferrer\">Sito web dell&#8217;organizzatore<\/a><\/td>\n<\/tr>\n<\/tbody>\n<\/table>\n[\/vc_column_text][\/toggle][toggle color=&#8221;Default&#8221; title=&#8221;Capodistria&#8221;][vc_column_text]\n<table>\n<thead>\n<tr>\n<th>Organizator preizkusa<\/th>\n<th>Povezava do datumov<\/th>\n<\/tr>\n<\/thead>\n<tbody>\n<tr>\n<td>ZVC ILIRSKA BISTRICA<\/td>\n<td><a href=\"https:\/\/www.zdib.si\/\" target=\"_blank\" rel=\"noopener noreferrer\">Sito web dell&#8217;organizzatore<\/a><\/td>\n<\/tr>\n<tr>\n<td>CKZ IZOLA<\/td>\n<td><a href=\"http:\/\/www.zd-izola.si\/obvestila\/dogodki\" target=\"_blank\" rel=\"noopener noreferrer\">Sito web dell&#8217;organizzatore<\/a><\/td>\n<\/tr>\n<tr>\n<td>ZVC KOPER<\/td>\n<td><a href=\"https:\/\/www.zd-koper.si\/\" target=\"_blank\" rel=\"noopener noreferrer\">Sito web dell&#8217;organizzatore<\/a><\/td>\n<\/tr>\n<tr>\n<td>CKZ PIRAN<\/td>\n<td><a href=\"http:\/\/www.ckzpiran.si\/\" target=\"_blank\" rel=\"noopener noreferrer\">Sito web dell&#8217;organizzatore<\/a><\/td>\n<\/tr>\n<tr>\n<td>CKZ POSTOJNA<\/td>\n<td><a href=\"https:\/\/www.zd-po.si\/ckz\/\" target=\"_blank\" rel=\"noopener noreferrer\">Sito web dell&#8217;organizzatore<\/a><\/td>\n<\/tr>\n<tr>\n<td>ZVC SE\u017dANA<\/td>\n<td><a href=\"https:\/\/www.zd-sezana.si\/rubrika.php?novost=91\" target=\"_blank\" rel=\"noopener noreferrer\">Sito web dell&#8217;organizzatore<\/a><\/td>\n<\/tr>\n<\/tbody>\n<\/table>\n[\/vc_column_text][\/toggle][toggle color=&#8221;Default&#8221; title=&#8221;Kranj&#8221;][vc_column_text]\n<table>\n<thead>\n<tr>\n<th>Organizzatore della marcia<\/th>\n<th>Link alle date<\/th>\n<\/tr>\n<\/thead>\n<tbody>\n<tr>\n<td>ZVC BLED BOHINJ<\/td>\n<td><a href=\"https:\/\/zvc.zd-bled.si\/\" target=\"_blank\" rel=\"noopener noreferrer\">Sito web dell&#8217;organizzatore<\/a><\/td>\n<\/tr>\n<tr>\n<td>ZVC JESENICE<\/td>\n<td><a href=\"https:\/\/www.zd-jesenice.si\/\" target=\"_blank\" rel=\"noopener noreferrer\">Sito web dell&#8217;organizzatore<\/a><\/td>\n<\/tr>\n<tr>\n<td>CKZ KRANJ<\/td>\n<td><a href=\"https:\/\/www.zd-kranj.si\/\" target=\"_blank\" rel=\"noopener noreferrer\">Sito web dell&#8217;organizzatore<\/a><\/td>\n<\/tr>\n<tr>\n<td>ZVC RADOVLJICA<\/td>\n<td><a href=\"https:\/\/www.zd-radovljica.si\/\" target=\"_blank\" rel=\"noopener noreferrer\">Sito web dell&#8217;organizzatore<\/a><\/td>\n<\/tr>\n<tr>\n<td>ZVC \u0160KOFJA LOKA<\/td>\n<td><a href=\"https:\/\/www.zd-loka.si\/\" target=\"_blank\" rel=\"noopener noreferrer\">Sito web dell&#8217;organizzatore<\/a><\/td>\n<\/tr>\n<tr>\n<td>ZVC TR\u017dI\u010c<\/td>\n<td><a href=\"https:\/\/www.zd-trzic.si\/\" target=\"_blank\" rel=\"noopener noreferrer\">Sito web dell&#8217;organizzatore<\/a><\/td>\n<\/tr>\n<\/tbody>\n<\/table>\n[\/vc_column_text][\/toggle][toggle color=&#8221;Default&#8221; title=&#8221;Kr\u0161ko&#8221;][vc_column_text]\n<table>\n<thead>\n<tr>\n<th>Organizzatore della marcia<\/th>\n<th>Link alle date<\/th>\n<\/tr>\n<\/thead>\n<tbody>\n<tr>\n<td>CKZ BRE\u017dICE<\/td>\n<td><a href=\"https:\/\/www.zd-brezice.si\/povezave\/134\" target=\"_blank\" rel=\"noopener noreferrer\">Sito web dell&#8217;organizzatore<\/a><\/td>\n<\/tr>\n<tr>\n<td>ZVC KR\u0160KO<\/td>\n<td><a href=\"https:\/\/www.facebook.com\/zdkrsko\/\" target=\"_blank\" rel=\"noopener noreferrer\">Sito web dell&#8217;organizzatore<\/a><\/td>\n<\/tr>\n<tr>\n<td>CKZ SEVNICA<\/td>\n<td><a href=\"https:\/\/www.zd-sevnica.si\/\" target=\"_blank\" rel=\"noopener noreferrer\">Sito web dell&#8217;organizzatore<\/a><\/td>\n<\/tr>\n<\/tbody>\n<\/table>\n[\/vc_column_text][\/toggle][toggle color=&#8221;Default&#8221; title=&#8221;Lubiana&#8221;][vc_column_text]\n<table>\n<thead>\n<tr>\n<th>Organizzatore della marcia<\/th>\n<th>Link alle date<\/th>\n<\/tr>\n<\/thead>\n<tbody>\n<tr>\n<td>ZVC CERKNICA<\/td>\n<td><a href=\"http:\/\/www.zd-cerknica.si\/\" target=\"_blank\" rel=\"noopener noreferrer\">Sito web dell&#8217;organizzatore<\/a><\/td>\n<\/tr>\n<tr>\n<td>ZVC DOM\u017dALE<\/td>\n<td><a href=\"https:\/\/www.zd-domzale.si\/\" target=\"_blank\" rel=\"noopener noreferrer\">Sito web dell&#8217;organizzatore<\/a><\/td>\n<\/tr>\n<tr>\n<td>ZVC GROSUPLJE<\/td>\n<td><a href=\"http:\/\/www.zd-grosuplje.si\/\" target=\"_blank\" rel=\"noopener noreferrer\">Sito web dell&#8217;organizzatore<\/a><\/td>\n<\/tr>\n<tr>\n<td>ZVC HRASTNIK<\/td>\n<td><a href=\"http:\/\/sl.zd-hrastnik.si\/informacije\/\" target=\"_blank\" rel=\"noopener noreferrer\">Sito web dell&#8217;organizzatore<\/a><\/td>\n<\/tr>\n<tr>\n<td>CKZ IDRIJA<\/td>\n<td><a href=\"https:\/\/ckz.zd-idrija.si\/\" target=\"_blank\" rel=\"noopener noreferrer\">Sito web dell&#8217;organizzatore<\/a><\/td>\n<\/tr>\n<tr>\n<td>ZVC IVAN\u010cNA GORICA<\/td>\n<td><a href=\"http:\/\/sl.zd-ivg.si\/center-za-krepitev-zdravja\/obvestila\/\" target=\"_blank\" rel=\"noopener noreferrer\"> Sito web dell&#8217;organizzatore <\/a><\/td>\n<\/tr>\n<tr>\n<td>CKZ KAMNIK<\/td>\n<td><a href=\"https:\/\/www.zdkamnik.si\/ckz\" target=\"_blank\" rel=\"noopener noreferrer\">Sito web dell&#8217;organizzatore<\/a><\/td>\n<\/tr>\n<tr>\n<td>CKZ KO\u010cEVJE<\/td>\n<td><a href=\"http:\/\/www.ckzkocevje.si\/\" target=\"_blank\" rel=\"noopener noreferrer\">Sito web dell&#8217;organizzatore<\/a><\/td>\n<\/tr>\n<tr>\n<td>ZVC LITIJA<\/td>\n<td><a href=\"http:\/\/www.zd-litija.si\/obvestila\" target=\"_blank\" rel=\"noopener noreferrer\">Sito web dell&#8217;organizzatore<\/a><\/td>\n<\/tr>\n<tr>\n<td>ZVC LJUBLJANA BE\u017dIGRAD<\/td>\n<td><a href=\"https:\/\/www.zd-lj.si\/zdlj\/index.php?option=com_content&amp;view=article&amp;id=47&amp;Itemid=1204&amp;lang=sl\" target=\"_blank\" rel=\"noopener noreferrer\">Sito web dell&#8217;organizzatore<\/a><\/td>\n<\/tr>\n<tr>\n<td>ZVC LJUBLJANA CENTER<\/td>\n<td><a href=\"https:\/\/www.zd-lj.si\/zdlj\/index.php?option=com_content&amp;view=article&amp;id=47&amp;Itemid=1204&amp;lang=sl\" target=\"_blank\" rel=\"noopener noreferrer\"> Sito web dell\u2019organizzatore<\/a><\/td>\n<\/tr>\n<tr>\n<td>ZVC LJUBLJANA MOSTE POLJE<\/td>\n<td><a href=\"https:\/\/www.zd-lj.si\/zdlj\/index.php?option=com_content&amp;view=article&amp;id=47&amp;Itemid=1204&amp;lang=sl\" target=\"_blank\" rel=\"noopener noreferrer\">Sito web dell\u2019organizzatore<\/a><\/td>\n<\/tr>\n<tr>\n<td>ZVC LJUBLJANA \u0160ENTVID<\/td>\n<td><a href=\"https:\/\/www.zd-lj.si\/zdlj\/index.php?option=com_content&amp;view=article&amp;id=47&amp;Itemid=1204&amp;lang=sl\" target=\"_blank\" rel=\"noopener noreferrer\">Sito web dell\u2019organizzatore<\/a><\/td>\n<\/tr>\n<tr>\n<td>ZVC LJUBLJANA \u0160I\u0160KA<\/td>\n<td><a href=\"https:\/\/www.zd-lj.si\/zdlj\/index.php?option=com_content&amp;view=article&amp;id=47&amp;Itemid=1204&amp;lang=sl\" target=\"_blank\" rel=\"noopener noreferrer\">Sito web dell\u2019organizzatore<\/a><\/td>\n<\/tr>\n<tr>\n<td>ZVC LJUBLJANA VI\u010c RUDNIK<\/td>\n<td><a href=\"https:\/\/www.zd-lj.si\/zdlj\/index.php?option=com_content&amp;view=article&amp;id=47&amp;Itemid=1204&amp;lang=sl\" target=\"_blank\" rel=\"noopener noreferrer\">Sito web dell\u2019organizzatore<\/a><\/td>\n<\/tr>\n<tr>\n<td>CKZ LOGATEC<\/td>\n<td><a href=\"https:\/\/zd-logatec.si\/\" target=\"_blank\" rel=\"noopener noreferrer\">Sito web dell\u2019organizzatore<\/a><\/td>\n<\/tr>\n<tr>\n<td>ZVC MEDVODE<\/td>\n<td><a href=\"http:\/\/www.zd-medvode.si\/\" target=\"_blank\" rel=\"noopener noreferrer\">Sito web dell\u2019organizzatore<\/a><\/td>\n<\/tr>\n<tr>\n<td>ZVC RIBNICA<\/td>\n<td><a href=\"https:\/\/www.zdribnica.si\/\" target=\"_blank\" rel=\"noopener noreferrer\">Sito web dell\u2019organizzatore<\/a><\/td>\n<\/tr>\n<tr>\n<td>ZVC TRBOVLJE<\/td>\n<td><a href=\"https:\/\/www.zd-trbovlje.si\/\" target=\"_blank\" rel=\"noopener noreferrer\">Sito web dell\u2019organizzatore<\/a><\/td>\n<\/tr>\n<tr>\n<td>CKZ VRHINIKA<\/td>\n<td><a href=\"https:\/\/zd-vrhnika.si\/ostale-dejavnosti\/\" target=\"_blank\" rel=\"noopener noreferrer\">Sito web dell\u2019organizzatore<\/a><\/td>\n<\/tr>\n<tr>\n<td>ZVC ZAGORJE<\/td>\n<td><a href=\"http:\/\/www.zd-zagorje.si\/zdravstvena-vzgoja\/\" target=\"_blank\" rel=\"noopener noreferrer\">Sito web dell\u2019organizzatore<\/a><\/td>\n<\/tr>\n<\/tbody>\n<\/table>\n[\/vc_column_text][\/toggle][toggle color=&#8221;Default&#8221; title=&#8221;Maribor&#8221;][vc_column_text]\n<table>\n<thead>\n<tr>\n<th>Organizzatore della marcia<\/th>\n<th>Link alle date<\/th>\n<\/tr>\n<\/thead>\n<tbody>\n<tr>\n<td>CKZ LENART<\/td>\n<td><a href=\"https:\/\/www.zd-lenart.si\/ckz\/index.php\/delavnice\/termini-delavnic\" target=\"_blank\" rel=\"noopener noreferrer\">Sito web dell\u2019organizzatore<\/a><\/td>\n<\/tr>\n<tr>\n<td>CKZ MARIBOR<\/td>\n<td><a href=\"http:\/\/www.zd-mb.si\/preizkusi-hoje-na-2-km\" target=\"_blank\" rel=\"noopener noreferrer\">Sito web dell\u2019organizzatore<\/a><\/td>\n<\/tr>\n<tr>\n<td>CKZ ORMO\u017d<\/td>\n<td><a href=\"http:\/\/ckz.zd-ormoz.si\/\" target=\"_blank\" rel=\"noopener noreferrer\">Sito web dell\u2019organizzatore<\/a><\/td>\n<\/tr>\n<tr>\n<td>ZVC PTUJ<\/td>\n<td><a href=\"http:\/\/www.zd-ptuj.si\/\" target=\"_blank\" rel=\"noopener noreferrer\">Sito web dell\u2019organizzatore<\/a><\/td>\n<\/tr>\n<tr>\n<td>CKZ SLOVENSKA BISTRICA<\/td>\n<td><a href=\"http:\/\/www.ckz-sb.si\/\" target=\"_blank\" rel=\"noopener noreferrer\">Sito web dell\u2019organizzatore<\/a><\/td>\n<\/tr>\n<\/tbody>\n<\/table>\n[\/vc_column_text][\/toggle][toggle color=&#8221;Default&#8221; title=&#8221;Murska Sobota&#8221;][vc_column_text]\n<table>\n<thead>\n<tr>\n<th>Organizzatore della marcia<\/th>\n<th>Link alle date<\/th>\n<\/tr>\n<\/thead>\n<tbody>\n<tr>\n<td>CKZ GORNJA RADGONA<\/td>\n<td><a href=\"https:\/\/www.zd-gr.si\/\" target=\"_blank\" rel=\"noopener noreferrer\">Sito web dell\u2019organizzatore<\/a><\/td>\n<\/tr>\n<tr>\n<td>ZVC LENDAVA<\/td>\n<td><a href=\"http:\/\/www.zd-lendava.si\/\" target=\"_blank\" rel=\"noopener noreferrer\">Sito web dell\u2019organizzatore<\/a><\/td>\n<\/tr>\n<tr>\n<td>ZVC LJUTOMER<\/td>\n<td><a href=\"http:\/\/www.zd-lju.si\/\" target=\"_blank\" rel=\"noopener noreferrer\">Sito web dell\u2019organizzatore<\/a><\/td>\n<\/tr>\n<tr>\n<td>CKZ MURSKA SOBOTA<\/td>\n<td><a href=\"https:\/\/ckz.zd-ms.si\/termini-delavnic\" target=\"_blank\" rel=\"noopener noreferrer\">Sito web dell\u2019organizzatore<\/a><\/td>\n<\/tr>\n<\/tbody>\n<\/table>\n[\/vc_column_text][\/toggle][toggle color=&#8221;Default&#8221; title=&#8221;Nova Gorica&#8221;][vc_column_text]\n<table>\n<thead>\n<tr>\n<th>Organizzatore della marcia<\/th>\n<th>Link alle date<\/th>\n<\/tr>\n<\/thead>\n<tbody>\n<tr>\n<td>CKZ AJDOV\u0160\u010cINA<\/td>\n<td><a href=\"https:\/\/ckz.zd-ajdovscina.si\/o-centru\/dogodki\" target=\"_blank\" rel=\"noopener noreferrer\">Sito web dell\u2019organizzatore<\/a><\/td>\n<\/tr>\n<tr>\n<td>CKZ NOVA GORICA<\/td>\n<td><a href=\"https:\/\/ckz-ng.si\/\" target=\"_blank\" rel=\"noopener noreferrer\">Sito web dell\u2019organizzatore<\/a><\/td>\n<\/tr>\n<tr>\n<td>ZVC TOLMIN<\/td>\n<td><a href=\"https:\/\/www.zd-tolmin.si\/\" target=\"_blank\" rel=\"noopener noreferrer\">Sito web dell\u2019organizzatore<\/a><\/td>\n<\/tr>\n<\/tbody>\n<\/table>\n[\/vc_column_text][\/toggle][toggle color=&#8221;Default&#8221; title=&#8221;Novo Mesto&#8221;][vc_column_text]\n<table>\n<thead>\n<tr>\n<th>Organizzatore della marcia<\/th>\n<th>Link alle date<\/th>\n<\/tr>\n<\/thead>\n<tbody>\n<tr>\n<td>CKZ BELA KRAJINA<\/td>\n<td><a href=\"https:\/\/zd-crnomelj.si\/zvc\/\" target=\"_blank\" rel=\"noopener noreferrer\">Sito web dell\u2019organizzatore<\/a><\/td>\n<\/tr>\n<tr>\n<td>ZVC NOVO MESTO<\/td>\n<td><a href=\"https:\/\/zd-nm.si\/\" target=\"_blank\" rel=\"noopener noreferrer\">Sito web dell\u2019organizzatore<\/a><\/td>\n<\/tr>\n<tr>\n<td>CKZ TREBNJE<\/td>\n<td><a href=\"https:\/\/zd-tr.si\/center-za-krepitev-zdravlja\" target=\"_blank\" rel=\"noopener noreferrer\">Sito web dell\u2019organizzatore<\/a><\/td>\n<\/tr>\n<\/tbody>\n<\/table>\n[\/vc_column_text][\/toggle][toggle color=&#8221;Default&#8221; title=&#8221;Ravne na Koro\u0161kem&#8221;][vc_column_text]\n<table>\n<thead>\n<tr>\n<th>Organizzatore della marcia<\/th>\n<th>Link alle date<\/th>\n<\/tr>\n<\/thead>\n<tbody>\n<tr>\n<td>ZVC NAZARJE<\/td>\n<td><a href=\"https:\/\/www.zd-mozirje.si\/\" target=\"_blank\" rel=\"noopener noreferrer\">Sito web dell\u2019organizzatore<\/a><\/td>\n<\/tr>\n<tr>\n<td>ZVC RADLJE OB DRAVI<\/td>\n<td><a href=\"https:\/\/www.facebook.com\/zvcradlje\/events\/\" target=\"_blank\" rel=\"noopener noreferrer\">Sito web dell\u2019organizzatore<\/a><\/td>\n<\/tr>\n<tr>\n<td>ZVC RAVNE NA KORO\u0160KEM<\/td>\n<td><a href=\"https:\/\/www.zd-ravne.si\/aktualno\/obvestila\/programi-krepitve-zdravja-testiranje-telesne-zmogljivosti\" target=\"_blank\" rel=\"noopener noreferrer\">Sito web dell\u2019organizzatore<\/a><\/td>\n<\/tr>\n<tr>\n<td>CKZ KORO\u0160KA<\/td>\n<td><a href=\"http:\/\/www.krepimozdravje.si\/\" target=\"_blank\" rel=\"noopener noreferrer\">Sito web dell\u2019organizzatore<\/a><\/td>\n<\/tr>\n<tr>\n<td>CKZ VELENJE<\/td>\n<td><a href=\"https:\/\/www.zd-velenje.si\/ckz\/z-gibanjem-do-zdravja\/preizkus-hoje-na-2-kilometra\/\" target=\"_blank\" rel=\"noopener noreferrer\">Sito web dell\u2019organizzatore<\/a><\/td>\n<\/tr>\n<\/tbody>\n<\/table>\n[\/vc_column_text][\/toggle][\/toggles][\/vc_column][vc_column column_padding=&#8221;no-extra-padding&#8221; column_padding_position=&#8221;all&#8221; background_color_opacity=&#8221;1&#8243; background_hover_color_opacity=&#8221;1&#8243; column_link_target=&#8221;_self&#8221; column_shadow=&#8221;none&#8221; column_border_radius=&#8221;none&#8221; width=&#8221;1\/6&#8243; tablet_width_inherit=&#8221;default&#8221; tablet_text_alignment=&#8221;default&#8221; phone_text_alignment=&#8221;default&#8221; overlay_strength=&#8221;0.3&#8243; column_border_width=&#8221;none&#8221; column_border_style=&#8221;solid&#8221; bg_image_animation=&#8221;none&#8221;][\/vc_column][\/vc_row]\n","protected":false},"excerpt":{"rendered":"<p>[vc_row type=&#8221;full_width_background&#8221; full_screen_row_position=&#8221;middle&#8221; column_margin=&#8221;default&#8221; bg_color=&#8221;#ffffff&#8221; scene_position=&#8221;center&#8221; text_color=&#8221;light&#8221; text_align=&#8221;left&#8221; id=&#8221;home&#8221; color_overlay=&#8221;#7fbf37&#8243; overlay_strength=&#8221;1&#8243; enable_shape_divider=&#8221;true&#8221; shape_divider_color=&#8221;#ffffff&#8221; shape_divider_position=&#8221;both&#8221; shape_divider_height=&#8221;20%&#8221; bg_image_animation=&#8221;none&#8221; parallax_bg=&#8221;true&#8221; parallax_bg_speed=&#8221;fast&#8221; shape_type=&#8221;straight_section&#8221;][vc_column column_padding=&#8221;no-extra-padding&#8221; column_padding_position=&#8221;all&#8221; background_color_opacity=&#8221;1&#8243; background_hover_color_opacity=&#8221;1&#8243; background_image=&#8221;1325&#8243; enable_bg_scale=&#8221;true&#8221; column_link_target=&#8221;_self&#8221; column_shadow=&#8221;none&#8221; column_border_radius=&#8221;5px&#8221; width=&#8221;1\/1&#8243; tablet_width_inherit=&#8221;default&#8221;&#8230;<\/p>\n","protected":false},"author":12,"featured_media":0,"parent":2750,"menu_order":0,"comment_status":"closed","ping_status":"closed","template":"","meta":{"_acf_changed":false,"footnotes":""},"class_list":["post-2668","page","type-page","status-publish"],"acf":[],"_links":{"self":[{"href":"https:\/\/skupajzazdravje.si\/it\/wp-json\/wp\/v2\/pages\/2668","targetHints":{"allow":["GET"]}}],"collection":[{"href":"https:\/\/skupajzazdravje.si\/it\/wp-json\/wp\/v2\/pages"}],"about":[{"href":"https:\/\/skupajzazdravje.si\/it\/wp-json\/wp\/v2\/types\/page"}],"author":[{"embeddable":true,"href":"https:\/\/skupajzazdravje.si\/it\/wp-json\/wp\/v2\/users\/12"}],"replies":[{"embeddable":true,"href":"https:\/\/skupajzazdravje.si\/it\/wp-json\/wp\/v2\/comments?post=2668"}],"version-history":[{"count":3,"href":"https:\/\/skupajzazdravje.si\/it\/wp-json\/wp\/v2\/pages\/2668\/revisions"}],"predecessor-version":[{"id":3217,"href":"https:\/\/skupajzazdravje.si\/it\/wp-json\/wp\/v2\/pages\/2668\/revisions\/3217"}],"up":[{"embeddable":true,"href":"https:\/\/skupajzazdravje.si\/it\/wp-json\/wp\/v2\/pages\/2750"}],"wp:attachment":[{"href":"https:\/\/skupajzazdravje.si\/it\/wp-json\/wp\/v2\/media?parent=2668"}],"curies":[{"name":"wp","href":"https:\/\/api.w.org\/{rel}","templated":true}]}}