{"id":4116,"date":"2024-02-20T10:34:24","date_gmt":"2024-02-20T10:34:24","guid":{"rendered":"https:\/\/www.skupajzazdravje.si\/?page_id=4116"},"modified":"2024-02-20T11:39:15","modified_gmt":"2024-02-20T11:39:15","slug":"a-programrol","status":"publish","type":"page","link":"https:\/\/skupajzazdravje.si\/hu\/a-programrol\/","title":{"rendered":"A programr\u00f3l"},"content":{"rendered":"[vc_row type=&#8221;full_width_background&#8221; full_screen_row_position=&#8221;middle&#8221; equal_height=&#8221;yes&#8221; content_placement=&#8221;bottom&#8221; column_margin=&#8221;default&#8221; bg_image=&#8221;390&#8243; bg_position=&#8221;center center&#8221; bg_repeat=&#8221;no-repeat&#8221; bg_color=&#8221;#d1d1ca&#8221; scene_position=&#8221;center&#8221; text_color=&#8221;light&#8221; text_align=&#8221;left&#8221; top_padding=&#8221;7%&#8221; bottom_padding=&#8221;12%&#8221; enable_gradient=&#8221;true&#8221; color_overlay=&#8221;#4d4d4f&#8221; gradient_direction=&#8221;left_to_right&#8221; overlay_strength=&#8221;0.95&#8243; enable_shape_divider=&#8221;true&#8221; shape_divider_position=&#8221;bottom&#8221; shape_divider_height=&#8221;200&#8243; shape_divider_bring_to_front=&#8221;true&#8221; bg_image_animation=&#8221;zoom-out-reveal&#8221; parallax_bg=&#8221;true&#8221; parallax_bg_speed=&#8221;fast&#8221; shape_type=&#8221;mountains&#8221;][vc_column column_padding=&#8221;no-extra-padding&#8221; column_padding_position=&#8221;all&#8221; background_color_opacity=&#8221;1&#8243; background_hover_color_opacity=&#8221;1&#8243; column_link_target=&#8221;_self&#8221; column_shadow=&#8221;none&#8221; column_border_radius=&#8221;none&#8221; width=&#8221;2\/3&#8243; tablet_width_inherit=&#8221;default&#8221; tablet_text_alignment=&#8221;default&#8221; phone_text_alignment=&#8221;default&#8221; overlay_strength=&#8221;0.3&#8243; column_border_width=&#8221;none&#8221; column_border_style=&#8221;solid&#8221; bg_image_animation=&#8221;none&#8221;][vc_row_inner column_margin=&#8221;default&#8221; text_align=&#8221;left&#8221;][vc_column_inner column_padding=&#8221;no-extra-padding&#8221; column_padding_position=&#8221;all&#8221; background_color_opacity=&#8221;1&#8243; background_hover_color_opacity=&#8221;1&#8243; column_shadow=&#8221;none&#8221; column_border_radius=&#8221;none&#8221; column_link_target=&#8221;_self&#8221; width=&#8221;1\/1&#8243; tablet_width_inherit=&#8221;default&#8221; overlay_strength=&#8221;0.3&#8243; column_border_width=&#8221;none&#8221; column_border_style=&#8221;solid&#8221; bg_image_animation=&#8221;none&#8221;][split_line_heading animation_type=&#8221;line-reveal-by-space&#8221; font_style=&#8221;h1&#8243; text_content=&#8221;A programr\u00f3l&#8221;][\/split_line_heading][\/vc_column_inner][\/vc_row_inner][vc_row_inner column_margin=&#8221;default&#8221; text_align=&#8221;left&#8221;][vc_column_inner column_padding=&#8221;no-extra-padding&#8221; column_padding_position=&#8221;all&#8221; background_color_opacity=&#8221;1&#8243; background_hover_color_opacity=&#8221;1&#8243; column_shadow=&#8221;none&#8221; column_border_radius=&#8221;none&#8221; column_link_target=&#8221;_self&#8221; width=&#8221;1\/1&#8243; tablet_width_inherit=&#8221;default&#8221; overlay_strength=&#8221;0.3&#8243; column_border_width=&#8221;none&#8221; column_border_style=&#8221;solid&#8221; bg_image_animation=&#8221;none&#8221;][split_line_heading animation_type=&#8221;line-reveal-by-space&#8221; font_style=&#8221;h4&#8243; text_content=&#8221;A fejlett orsz\u00e1gok t\u00f6bbs\u00e9ge az elm\u00falt \u00e9vtizedekben a modern \u00e9letm\u00f3d \u00e9s a n\u00e9pess\u00e9g el\u00f6reged\u00e9se miatt a kr\u00f3nikus betegs\u00e9gek terjed\u00e9s\u00e9vel k\u00fczd. Ugyanakkor azt vessz\u00fck \u00e9szre, hogy a lakoss\u00e1g k\u00fcl\u00f6nb\u00f6z\u0151 csoportjai k\u00f6z\u00f6tt jelent\u0151s eg\u00e9szs\u00e9g\u00fcgyi k\u00fcl\u00f6nbs\u00e9gek \u00e9szlelhet\u0151ek. Ez\u00e9rt a szlov\u00e9niai lakoss\u00e1g eg\u00e9szs\u00e9g\u00e9nek jav\u00edt\u00e1sa c\u00e9lj\u00e1b\u00f3l minden feln\u0151tt sz\u00e1m\u00e1ra el\u00e9rhet\u0151 az Egy\u00fctt az eg\u00e9szs\u00e9g\u00e9rt program, amely szakmai seg\u00edts\u00e9get ny\u00fajt az eg\u00e9szs\u00e9gesebb \u00e9letm\u00f3dr\u00f3l \u00e9s a jobb min\u0151s\u00e9g\u0171 \u00e9letr\u0151l val\u00f3 gondoskod\u00e1s ter\u00e9n.&#8221;][\/split_line_heading][\/vc_column_inner][\/vc_row_inner][vc_row_inner column_margin=&#8221;default&#8221; text_align=&#8221;left&#8221;][vc_column_inner column_padding=&#8221;no-extra-padding&#8221; column_padding_position=&#8221;all&#8221; background_color_opacity=&#8221;1&#8243; background_hover_color_opacity=&#8221;1&#8243; column_shadow=&#8221;none&#8221; column_border_radius=&#8221;none&#8221; column_link_target=&#8221;_self&#8221; width=&#8221;1\/1&#8243; tablet_width_inherit=&#8221;default&#8221; overlay_strength=&#8221;0.3&#8243; column_border_width=&#8221;none&#8221; column_border_style=&#8221;solid&#8221; bg_image_animation=&#8221;none&#8221;][nectar_btn size=&#8221;large&#8221; button_style=&#8221;regular&#8221; button_color_2=&#8221;Accent-Color&#8221; icon_family=&#8221;default_arrow&#8221; url=&#8221;#zgodovina-in-razvoj&#8221; text=&#8221;A program t\u00f6rt\u00e9nete \u00e9s fejl\u0151d\u00e9se&#8221; margin_right=&#8221;30&#8243;][nectar_btn size=&#8221;large&#8221; button_style=&#8221;regular&#8221; button_color_2=&#8221;Accent-Color&#8221; icon_family=&#8221;default_arrow&#8221; url=&#8221;#cilji-in-financiranje&#8221; text=&#8221;A program c\u00e9lkit\u0171z\u00e9sei \u00e9s finansz\u00edroz\u00e1sa&#8221;][\/vc_column_inner][\/vc_row_inner][\/vc_column][vc_column column_padding=&#8221;no-extra-padding&#8221; column_padding_position=&#8221;all&#8221; background_color_opacity=&#8221;1&#8243; background_hover_color_opacity=&#8221;1&#8243; column_link_target=&#8221;_self&#8221; column_shadow=&#8221;none&#8221; column_border_radius=&#8221;none&#8221; width=&#8221;1\/3&#8243; tablet_width_inherit=&#8221;default&#8221; tablet_text_alignment=&#8221;default&#8221; phone_text_alignment=&#8221;default&#8221; overlay_strength=&#8221;0.3&#8243; column_border_width=&#8221;none&#8221; column_border_style=&#8221;solid&#8221; bg_image_animation=&#8221;none&#8221;][\/vc_column][\/vc_row][vc_row type=&#8221;in_container&#8221; full_screen_row_position=&#8221;middle&#8221; column_margin=&#8221;default&#8221; scene_position=&#8221;center&#8221; text_color=&#8221;dark&#8221; text_align=&#8221;left&#8221; top_padding=&#8221;2%&#8221; bottom_padding=&#8221;2%&#8221; id=&#8221;zgodovina-in-razvoj&#8221; overlay_strength=&#8221;0.3&#8243; shape_divider_position=&#8221;bottom&#8221; bg_image_animation=&#8221;none&#8221; shape_type=&#8221;&#8221;][vc_column column_padding=&#8221;no-extra-padding&#8221; column_padding_position=&#8221;all&#8221; background_color_opacity=&#8221;1&#8243; background_hover_color_opacity=&#8221;1&#8243; column_link_target=&#8221;_self&#8221; column_shadow=&#8221;none&#8221; column_border_radius=&#8221;none&#8221; width=&#8221;1\/1&#8243; tablet_width_inherit=&#8221;default&#8221; tablet_text_alignment=&#8221;default&#8221; phone_text_alignment=&#8221;default&#8221; overlay_strength=&#8221;0.3&#8243; column_border_width=&#8221;none&#8221; column_border_style=&#8221;solid&#8221; bg_image_animation=&#8221;none&#8221;][vc_column_text]\n<h1 style=\"text-align: left;\">A program t\u00f6rt\u00e9nete \u00e9s fejl\u0151d\u00e9se<\/h1>\n[\/vc_column_text][vc_column_text]\n<h4 style=\"text-align: left;\">Szlov\u00e9ni\u00e1ban rendk\u00edv\u00fcl gazdag eg\u00e9szs\u00e9g\u00fcgyi m\u00falttal rendelkez\u00fcnk a kr\u00f3nikus betegs\u00e9gek megel\u0151z\u00e9s\u00e9nek a ter\u00fclet\u00e9n. Az egyetemesen hozz\u00e1f\u00e9rhet\u0151 nemzeti programot 2002 \u00f3ta orsz\u00e1gszerte v\u00e9grehajtj\u00e1k mind a 61 eg\u00e9szs\u00e9gh\u00e1z csal\u00e1dorvosi rendel\u0151iben \u00e9s eg\u00e9szs\u00e9gnevel\u00e9si k\u00f6zpontjaiban.<\/h4>\n[\/vc_column_text][\/vc_column][\/vc_row][vc_row type=&#8221;in_container&#8221; full_screen_row_position=&#8221;middle&#8221; column_margin=&#8221;default&#8221; scene_position=&#8221;center&#8221; text_color=&#8221;dark&#8221; text_align=&#8221;left&#8221; overlay_strength=&#8221;0.3&#8243; shape_divider_position=&#8221;bottom&#8221; bg_image_animation=&#8221;none&#8221;][vc_column column_padding=&#8221;no-extra-padding&#8221; column_padding_position=&#8221;all&#8221; background_color_opacity=&#8221;1&#8243; background_hover_color_opacity=&#8221;1&#8243; column_link_target=&#8221;_self&#8221; column_shadow=&#8221;none&#8221; column_border_radius=&#8221;none&#8221; width=&#8221;1\/2&#8243; tablet_width_inherit=&#8221;default&#8221; tablet_text_alignment=&#8221;default&#8221; phone_text_alignment=&#8221;default&#8221; overlay_strength=&#8221;0.3&#8243; column_border_width=&#8221;none&#8221; column_border_style=&#8221;solid&#8221; bg_image_animation=&#8221;none&#8221;][vc_column_text]Az Egy\u00fctt az eg\u00e9szs\u00e9g\u00e9rt program gy\u00f6kerei a CINDI Szlov\u00e9nia program kialak\u00edt\u00e1s\u00e1ig ny\u00falnak vissza, melynek alapvet\u0151 c\u00e9lja a kr\u00f3nikus betegs\u00e9gek megel\u0151z\u00e9se \u00e9s k\u00e9zben tart\u00e1sa volt. A CINDI program kezdete \u00f3ta a program tartalm\u00e1t \u2013 sz\u00e1mos szak\u00e9rt\u0151vel egy\u00fcttm\u0171k\u00f6dve \u2013 rendszeresen friss\u00edtett\u00e9k, nyomon k\u00f6vetve e ter\u00fclet szakmai fejl\u0151d\u00e9s\u00e9t.<\/p>\n<p>Az <strong>Egy\u00fctt az eg\u00e9szs\u00e9g\u00e9rt <\/strong>programnak k\u00f6sz\u00f6nhet\u0151en a kr\u00f3nikus, nem fert\u0151z\u0151 betegs\u00e9gek integr\u00e1lt megel\u0151z\u00e9s\u00e9t c\u00e9lz\u00f3 \u00e1tfog\u00f3 program Szlov\u00e9nia valamennyi feln\u0151tt lakosa sz\u00e1m\u00e1ra el\u00e9rhet\u0151.<\/p>\n<p>A programot a csal\u00e1dorvosi rendel\u0151k, a k\u00f6z\u00f6ss\u00e9gi szak\u00e1pol\u00e1si szolg\u00e1lat, valamint az eg\u00e9szs\u00e9gfejleszt\u00e9si, illetve eg\u00e9szs\u00e9gnevel\u00e9si k\u00f6zpontok keret\u00e9ben speci\u00e1lisan k\u00e9pzett eg\u00e9szs\u00e9g\u00fcgyi szakemberek val\u00f3s\u00edtj\u00e1k meg. Munk\u00e1juk sor\u00e1n szorosan egy\u00fcttm\u0171k\u00f6dnek az eg\u00e9szs\u00e9gh\u00e1zak \u00e9s a helyi k\u00f6z\u00f6ss\u00e9gek m\u00e1s v\u00e1llalkoz\u00e1saival.<\/p>\n<p>Az Egy\u00fctt az eg\u00e9szs\u00e9g\u00e9rt program kidolgoz\u00e1s\u00e1r\u00f3l, megval\u00f3s\u00edt\u00e1s\u00e1r\u00f3l \u00e9s min\u0151s\u00e9gbiztos\u00edt\u00e1s\u00e1r\u00f3l az Orsz\u00e1gos K\u00f6zeg\u00e9szs\u00e9g\u00fcgyi Int\u00e9zet multidiszciplin\u00e1ris szak\u00e9rt\u0151i csoportja gondoskodik.[\/vc_column_text]<div class=\"nectar-fancy-ul\" data-list-icon=\"icon-arrow-right\" data-animation=\"false\" data-animation-delay=\"0\" data-color=\"accent-color\" data-spacing=\"20px\" data-alignment=\"left\"> \n<ul>\n<li><a href=\"https:\/\/www.skupajzazdravje.si\/wp-content\/uploads\/2021\/05\/Skupajzazdravje_LOGO_CGP.zip\">Az Egy\u00fctt az eg\u00e9szs\u00e9g\u00e9rt program log\u00f3ja<\/a>\u00a0nyomtatott \u00e9s online m\u00e9di\u00e1ban t\u00f6rt\u00e9n\u0151 haszn\u00e1latra.<\/li>\n<\/ul>\n <\/div>[\/vc_column][vc_column column_padding=&#8221;padding-5-percent&#8221; column_padding_position=&#8221;all&#8221; background_color=&#8221;#f9f9ef&#8221; background_color_opacity=&#8221;1&#8243; background_hover_color_opacity=&#8221;1&#8243; column_link_target=&#8221;_self&#8221; column_shadow=&#8221;none&#8221; column_border_radius=&#8221;20px&#8221; width=&#8221;1\/2&#8243; tablet_width_inherit=&#8221;default&#8221; tablet_text_alignment=&#8221;default&#8221; phone_text_alignment=&#8221;default&#8221; overlay_strength=&#8221;0.3&#8243; column_border_width=&#8221;none&#8221; bg_image_animation=&#8221;none&#8221;][vc_column_text]\n<h5>A PROGRAM H\u00c1ROM TEV\u00c9KENYS\u00c9GCSOPORTOT KAPCSOL \u00d6SSZE:<\/h5>\n[\/vc_column_text]<div class=\"nectar-fancy-ul\" data-list-icon=\"icon-arrow-right\" data-animation=\"false\" data-animation-delay=\"0\" data-color=\"accent-color\" data-spacing=\"20px\" data-alignment=\"left\"> \n<ul>\n<li>a megel\u0151z\u00e9si orvosi vizsg\u00e1lat <a href=\"https:\/\/www.skupajzazdravje.si\/hu\/megelozo-vizsgalat\/\">elv\u00e9gz\u00e9s\u00e9t<\/a> a csal\u00e1dorvosi rendel\u0151ben a kr\u00f3nikus betegs\u00e9gek kialakul\u00e1s\u00e1val kapcsolatos kock\u00e1zati t\u00e9nyez\u0151k korai felismer\u00e9s\u00e9nek a c\u00e9lj\u00e1b\u00f3l,<\/li>\n<li><a href=\"https:\/\/www.skupajzazdravje.si\/hu\/egeszsegfejlesztesi-tevekenysegek\/\">csoportos \u00e9s egy\u00e9ni konzult\u00e1ci\u00f3k kivitelez\u00e9s\u00e9t<\/a> az \u00e9letm\u00f3d megv\u00e1ltoztat\u00e1sa \u00e9s a ment\u00e1lis eg\u00e9szs\u00e9g er\u0151s\u00edt\u00e9s\u00e9hez ny\u00fajtand\u00f3 seg\u00edts\u00e9g \u00e9s t\u00e1mogat\u00e1s c\u00e9lj\u00e1b\u00f3l, amelyeket szakemberek v\u00e9geznek az eg\u00e9szs\u00e9gfejleszt\u00e9si vagy az eg\u00e9szs\u00e9gnevel\u00e9si k\u00f6zpontokban,<\/li>\n<li>valamint legk\u00fcl\u00f6nb\u00f6z\u0151bb eg\u00e9szs\u00e9gfejleszt\u00e9si tev\u00e9kenys\u00e9gek t\u00e1mogat\u00e1s\u00e1t, amelyek az eg\u00e9szs\u00e9g\u00fcgyi szakemberekkel egy\u00fcttm\u0171k\u00f6dve a <a href=\"https:\/\/www.skupajzazdravje.si\/hu\/egeszseges-kozosseg\/\">helyi k\u00f6z\u00f6ss\u00e9gekben zajlanak<\/a> \u2013 ott, ahol \u00e9l, illetve dolgozik.<\/li>\n<\/ul>\n <\/div>[\/vc_column][\/vc_row][vc_row type=&#8221;full_width_content&#8221; full_screen_row_position=&#8221;middle&#8221; column_margin=&#8221;default&#8221; scene_position=&#8221;center&#8221; text_color=&#8221;dark&#8221; text_align=&#8221;left&#8221; top_padding=&#8221;2%&#8221; bottom_padding=&#8221;2%&#8221; overlay_strength=&#8221;0.3&#8243; shape_divider_position=&#8221;bottom&#8221; bg_image_animation=&#8221;none&#8221; shape_type=&#8221;&#8221;][vc_column column_padding=&#8221;no-extra-padding&#8221; column_padding_position=&#8221;all&#8221; background_color_opacity=&#8221;1&#8243; background_hover_color_opacity=&#8221;1&#8243; column_link_target=&#8221;_self&#8221; column_shadow=&#8221;none&#8221; column_border_radius=&#8221;none&#8221; width=&#8221;1\/1&#8243; tablet_width_inherit=&#8221;default&#8221; tablet_text_alignment=&#8221;default&#8221; phone_text_alignment=&#8221;default&#8221; overlay_strength=&#8221;0.3&#8243; column_border_width=&#8221;none&#8221; column_border_style=&#8221;solid&#8221; bg_image_animation=&#8221;none&#8221;][divider line_type=&#8221;Full Width Line&#8221; line_thickness=&#8221;1&#8243; divider_color=&#8221;default&#8221; animate=&#8221;yes&#8221; custom_height=&#8221;50&#8243;][\/vc_column][\/vc_row][vc_row type=&#8221;in_container&#8221; full_screen_row_position=&#8221;middle&#8221; column_margin=&#8221;default&#8221; scene_position=&#8221;center&#8221; text_color=&#8221;dark&#8221; text_align=&#8221;left&#8221; top_padding=&#8221;2%&#8221; bottom_padding=&#8221;2%&#8221; id=&#8221;cilji-in-financiranje&#8221; overlay_strength=&#8221;0.3&#8243; shape_divider_position=&#8221;bottom&#8221; bg_image_animation=&#8221;none&#8221; shape_type=&#8221;&#8221;][vc_column column_padding=&#8221;no-extra-padding&#8221; column_padding_position=&#8221;all&#8221; background_color_opacity=&#8221;1&#8243; background_hover_color_opacity=&#8221;1&#8243; column_link_target=&#8221;_self&#8221; column_shadow=&#8221;none&#8221; column_border_radius=&#8221;none&#8221; width=&#8221;1\/1&#8243; tablet_width_inherit=&#8221;default&#8221; tablet_text_alignment=&#8221;default&#8221; phone_text_alignment=&#8221;default&#8221; overlay_strength=&#8221;0.3&#8243; column_border_width=&#8221;none&#8221; column_border_style=&#8221;solid&#8221; bg_image_animation=&#8221;none&#8221;][vc_column_text]\n<h1 style=\"text-align: left;\">A program c\u00e9lkit\u0171z\u00e9sei \u00e9s finansz\u00edroz\u00e1sa<\/h1>\n[\/vc_column_text][vc_column_text]\n<h4 style=\"text-align: left;\"><strong>Az Egy\u00fctt az eg\u00e9szs\u00e9g\u00e9rt program els\u0151dleges c\u00e9lja a szlov\u00e9niai lakoss\u00e1g eg\u00e9szs\u00e9g\u00e9nek \u00e9s \u00e9letmin\u0151s\u00e9g\u00e9nek a jav\u00edt\u00e1sa.<\/strong><\/h4>\n[\/vc_column_text][\/vc_column][\/vc_row][vc_row type=&#8221;in_container&#8221; full_screen_row_position=&#8221;middle&#8221; column_margin=&#8221;default&#8221; scene_position=&#8221;center&#8221; text_color=&#8221;dark&#8221; text_align=&#8221;left&#8221; overlay_strength=&#8221;0.3&#8243; shape_divider_position=&#8221;bottom&#8221; bg_image_animation=&#8221;none&#8221;][vc_column column_padding=&#8221;padding-2-percent&#8221; column_padding_position=&#8221;right&#8221; background_color_opacity=&#8221;1&#8243; background_hover_color_opacity=&#8221;1&#8243; column_link_target=&#8221;_self&#8221; column_shadow=&#8221;none&#8221; column_border_radius=&#8221;none&#8221; width=&#8221;1\/2&#8243; tablet_width_inherit=&#8221;default&#8221; tablet_text_alignment=&#8221;default&#8221; phone_text_alignment=&#8221;default&#8221; overlay_strength=&#8221;0.3&#8243; column_border_width=&#8221;none&#8221; column_border_style=&#8221;solid&#8221; bg_image_animation=&#8221;none&#8221;][vc_column_text]<strong>A program f\u0151 c\u00e9lkit\u0171z\u00e9sei:<\/strong>[\/vc_column_text]<div class=\"nectar-fancy-ul\" data-list-icon=\"icon-arrow-right\" data-animation=\"false\" data-animation-delay=\"0\" data-color=\"accent-color\" data-spacing=\"20px\" data-alignment=\"left\"> \n<ul>\n<li>az egyes leggyakoribb kr\u00f3nikus betegs\u00e9gek, pld. a sz\u00edv- \u00e9s \u00e9rrendszeri betegs\u00e9gek, a r\u00e1k, a 2-es t\u00edpus\u00fa diab\u00e9tesz, a kr\u00f3nikus obstrukt\u00edv t\u00fcd\u0151betegs\u00e9g, a magas v\u00e9rnyom\u00e1s, az elh\u00edz\u00e1s, a depresszi\u00f3, a csontritkul\u00e1s stb. miatti korai elhal\u00e1loz\u00e1s, a megbeteged\u00e9s \u00e9s rokkants\u00e1g cs\u00f6kkent\u00e9se,<\/li>\n<li>a kr\u00f3nikus betegs\u00e9gek kialakul\u00e1s\u00e1ra kihat\u00f3 viselked\u00e9si, biol\u00f3giai \u00e9s pszichoszoci\u00e1lis kock\u00e1zati t\u00e9nyez\u0151k felismer\u00e9se \u00e9s k\u00e9zben tart\u00e1sa,<\/li>\n<li>a ment\u00e1lis eg\u00e9szs\u00e9g jav\u00edt\u00e1sa,<\/li>\n<li>az emberek felhatalmaz\u00e1sa a saj\u00e1t eg\u00e9szs\u00e9g\u00fckr\u0151l val\u00f3 gondoskod\u00e1sra \u00e9s<\/li>\n<li>saj\u00e1t \u00e9letmin\u0151s\u00e9g\u00fck jav\u00edt\u00e1s\u00e1ra.<\/li>\n<\/ul>\n <\/div>[\/vc_column][vc_column column_padding=&#8221;padding-2-percent&#8221; column_padding_position=&#8221;left&#8221; background_color_opacity=&#8221;1&#8243; background_hover_color_opacity=&#8221;1&#8243; column_link_target=&#8221;_self&#8221; column_shadow=&#8221;none&#8221; column_border_radius=&#8221;20px&#8221; width=&#8221;1\/2&#8243; tablet_width_inherit=&#8221;default&#8221; tablet_text_alignment=&#8221;default&#8221; phone_text_alignment=&#8221;default&#8221; overlay_strength=&#8221;0.3&#8243; column_border_width=&#8221;none&#8221; bg_image_animation=&#8221;none&#8221;][vc_column_text]<strong>Annak \u00e9rdek\u00e9ben, hogy sikeres legyen a t\u00e1rsadalomban olyan jelent\u0151s v\u00e1ltoz\u00e1sok el\u00e9r\u00e9se, mint a kr\u00f3nikus betegs\u00e9gek megel\u0151z\u00e9se, a program a k\u00f6vetkez\u0151kre \u00f6sszpontos\u00edt:<\/strong>[\/vc_column_text]<div class=\"nectar-fancy-ul\" data-list-icon=\"icon-arrow-right\" data-animation=\"false\" data-animation-delay=\"0\" data-color=\"accent-color\" data-spacing=\"20px\" data-alignment=\"left\"> \n<ul>\n<li>a kr\u00f3nikus betegs\u00e9gek kialakul\u00e1s\u00e1nak kock\u00e1zati t\u00e9nyez\u0151ivel \u00e9l\u0151 szem\u00e9lyek, az egyes leggyakoribb kr\u00f3nikus betegs\u00e9gek \u00e1ltal vesz\u00e9lyeztetett szem\u00e9lyek \u00e9s a kr\u00f3nikus betegs\u00e9gekkel \u00e9l\u0151 betegek korai felkutat\u00e1sa,<\/li>\n<li>szakmai inform\u00e1ci\u00f3k biztos\u00edt\u00e1sa, k\u00e9szs\u00e9gek oktat\u00e1sa \u00e9s az eg\u00e9szs\u00e9ggel \u00f6sszef\u00fcgg\u0151 fenntarthat\u00f3 \u00e9letm\u00f3dv\u00e1lt\u00e1s seg\u00edt\u00e9se, az emberek felhatalmaz\u00e1sa a kr\u00f3nikus betegs\u00e9gekkel val\u00f3 \u00e9letre \u00e9s a ment\u00e1lis eg\u00e9szs\u00e9g er\u0151s\u00edt\u00e9se, valamint<\/li>\n<li>partnerh\u00e1l\u00f3zat kialak\u00edt\u00e1sa a helyi k\u00f6z\u00f6ss\u00e9geken bel\u00fcl, amely az egy\u00e9neknek t\u00e1mogat\u00e1st ny\u00fajt az eg\u00e9szs\u00e9ges \u00e9letm\u00f3d fenntart\u00e1s\u00e1ban \u00e9s a kr\u00f3nikus, nem fert\u0151z\u0151 betegs\u00e9gek \u00f6nell\u00e1t\u00e1s\u00e1ban.<\/li>\n<\/ul>\n <\/div>[\/vc_column][\/vc_row][vc_row type=&#8221;in_container&#8221; full_screen_row_position=&#8221;middle&#8221; column_margin=&#8221;default&#8221; scene_position=&#8221;center&#8221; text_color=&#8221;dark&#8221; text_align=&#8221;left&#8221; bottom_padding=&#8221;30&#8243; overlay_strength=&#8221;0.3&#8243; shape_divider_position=&#8221;bottom&#8221; bg_image_animation=&#8221;none&#8221; shape_type=&#8221;&#8221;][vc_column column_padding=&#8221;padding-3-percent&#8221; column_padding_position=&#8221;all&#8221; background_color=&#8221;#f9f9ef&#8221; background_color_opacity=&#8221;1&#8243; background_hover_color_opacity=&#8221;1&#8243; column_link_target=&#8221;_self&#8221; column_shadow=&#8221;none&#8221; column_border_radius=&#8221;20px&#8221; width=&#8221;1\/1&#8243; tablet_width_inherit=&#8221;default&#8221; tablet_text_alignment=&#8221;default&#8221; phone_text_alignment=&#8221;default&#8221; overlay_strength=&#8221;0.3&#8243; column_border_width=&#8221;none&#8221; bg_image_animation=&#8221;none&#8221;][vc_column_text]\n<p style=\"text-align: center;\"><strong>Az Egy\u00fctt az eg\u00e9szs\u00e9g\u00e9rt programban val\u00f3 r\u00e9szv\u00e9tel teljesen ingyenes, hiszen a program k\u00f6lts\u00e9geit <a href=\"https:\/\/www.zzzs.si\/\">a k\u00f6telez\u0151 eg\u00e9szs\u00e9gbiztos\u00edt\u00e1s keret\u00e9ben<\/a> a Szlov\u00e9n Eg\u00e9szs\u00e9gbiztos\u00edt\u00e1si Int\u00e9zet viseli.<\/strong><\/p>\n[\/vc_column_text][\/vc_column][\/vc_row]\n","protected":false},"excerpt":{"rendered":"<p>[vc_row type=&#8221;full_width_background&#8221; full_screen_row_position=&#8221;middle&#8221; equal_height=&#8221;yes&#8221; content_placement=&#8221;bottom&#8221; column_margin=&#8221;default&#8221; bg_image=&#8221;390&#8243; bg_position=&#8221;center center&#8221; bg_repeat=&#8221;no-repeat&#8221; bg_color=&#8221;#d1d1ca&#8221; scene_position=&#8221;center&#8221; text_color=&#8221;light&#8221; text_align=&#8221;left&#8221; top_padding=&#8221;7%&#8221; bottom_padding=&#8221;12%&#8221; enable_gradient=&#8221;true&#8221; color_overlay=&#8221;#4d4d4f&#8221; gradient_direction=&#8221;left_to_right&#8221; overlay_strength=&#8221;0.95&#8243; enable_shape_divider=&#8221;true&#8221; shape_divider_position=&#8221;bottom&#8221; shape_divider_height=&#8221;200&#8243; shape_divider_bring_to_front=&#8221;true&#8221; bg_image_animation=&#8221;zoom-out-reveal&#8221; parallax_bg=&#8221;true&#8221; parallax_bg_speed=&#8221;fast&#8221; shape_type=&#8221;mountains&#8221;][vc_column column_padding=&#8221;no-extra-padding&#8221; column_padding_position=&#8221;all&#8221;&#8230;<\/p>\n","protected":false},"author":11,"featured_media":0,"parent":0,"menu_order":0,"comment_status":"closed","ping_status":"closed","template":"","meta":{"_acf_changed":false,"footnotes":""},"class_list":["post-4116","page","type-page","status-publish"],"acf":[],"_links":{"self":[{"href":"https:\/\/skupajzazdravje.si\/hu\/wp-json\/wp\/v2\/pages\/4116","targetHints":{"allow":["GET"]}}],"collection":[{"href":"https:\/\/skupajzazdravje.si\/hu\/wp-json\/wp\/v2\/pages"}],"about":[{"href":"https:\/\/skupajzazdravje.si\/hu\/wp-json\/wp\/v2\/types\/page"}],"author":[{"embeddable":true,"href":"https:\/\/skupajzazdravje.si\/hu\/wp-json\/wp\/v2\/users\/11"}],"replies":[{"embeddable":true,"href":"https:\/\/skupajzazdravje.si\/hu\/wp-json\/wp\/v2\/comments?post=4116"}],"version-history":[{"count":3,"href":"https:\/\/skupajzazdravje.si\/hu\/wp-json\/wp\/v2\/pages\/4116\/revisions"}],"predecessor-version":[{"id":4491,"href":"https:\/\/skupajzazdravje.si\/hu\/wp-json\/wp\/v2\/pages\/4116\/revisions\/4491"}],"wp:attachment":[{"href":"https:\/\/skupajzazdravje.si\/hu\/wp-json\/wp\/v2\/media?parent=4116"}],"curies":[{"name":"wp","href":"https:\/\/api.w.org\/{rel}","templated":true}]}}