{"id":2732,"date":"2021-01-15T09:18:00","date_gmt":"2021-01-15T09:18:00","guid":{"rendered":"https:\/\/www.skupajzazdravje.si\/posvet-s-strokovnjakom\/"},"modified":"2021-02-19T10:29:31","modified_gmt":"2021-02-19T10:29:31","slug":"szakertoi-konzultacio","status":"publish","type":"page","link":"https:\/\/skupajzazdravje.si\/hu\/egeszsegfejlesztesi-tevekenysegek\/szakertoi-konzultacio\/","title":{"rendered":"Szak\u00e9rt\u0151i konzult\u00e1ci\u00f3"},"content":{"rendered":"[vc_row type=&#8221;full_width_background&#8221; full_screen_row_position=&#8221;middle&#8221; column_margin=&#8221;default&#8221; bg_color=&#8221;#ffffff&#8221; scene_position=&#8221;center&#8221; text_color=&#8221;light&#8221; text_align=&#8221;left&#8221; id=&#8221;home&#8221; color_overlay=&#8221;#7fbf37&#8243; overlay_strength=&#8221;1&#8243; enable_shape_divider=&#8221;true&#8221; shape_divider_color=&#8221;#ffffff&#8221; shape_divider_position=&#8221;both&#8221; shape_divider_height=&#8221;20%&#8221; bg_image_animation=&#8221;none&#8221; parallax_bg=&#8221;true&#8221; parallax_bg_speed=&#8221;fast&#8221; shape_type=&#8221;straight_section&#8221;][vc_column column_padding=&#8221;no-extra-padding&#8221; column_padding_position=&#8221;all&#8221; background_color_opacity=&#8221;1&#8243; background_hover_color_opacity=&#8221;1&#8243; background_image=&#8221;773&#8243; column_link_target=&#8221;_self&#8221; column_shadow=&#8221;none&#8221; column_border_radius=&#8221;5px&#8221; width=&#8221;1\/1&#8243; tablet_width_inherit=&#8221;default&#8221; tablet_text_alignment=&#8221;default&#8221; phone_text_alignment=&#8221;default&#8221; enable_gradient=&#8221;true&#8221; color_overlay_2=&#8221;#000000&#8243; gradient_direction=&#8221;top_to_bottom&#8221; overlay_strength=&#8221;0.5&#8243; column_border_width=&#8221;none&#8221; bg_image_animation=&#8221;zoom-out-reveal&#8221;][vc_row_inner content_placement=&#8221;bottom&#8221; column_margin=&#8221;none&#8221; top_padding=&#8221;15%&#8221; bottom_padding=&#8221;15%&#8221; text_align=&#8221;left&#8221;][vc_column_inner column_padding=&#8221;no-extra-padding&#8221; column_padding_position=&#8221;all&#8221; centered_text=&#8221;true&#8221; background_color_opacity=&#8221;1&#8243; background_hover_color_opacity=&#8221;1&#8243; column_shadow=&#8221;none&#8221; column_border_radius=&#8221;none&#8221; column_link_target=&#8221;_self&#8221; width=&#8221;1\/1&#8243; tablet_width_inherit=&#8221;default&#8221; overlay_strength=&#8221;0.3&#8243; column_border_width=&#8221;none&#8221; column_border_style=&#8221;solid&#8221; bg_image_animation=&#8221;none&#8221;][split_line_heading animation_type=&#8221;line-reveal-by-space&#8221; font_style=&#8221;h1&#8243; text_content=&#8221;Szak\u00e9rt\u0151i konzult\u00e1ci\u00f3&#8221;][\/split_line_heading][\/vc_column_inner][\/vc_row_inner][\/vc_column][\/vc_row][vc_row type=&#8221;full_width_background&#8221; full_screen_row_position=&#8221;middle&#8221; equal_height=&#8221;yes&#8221; content_placement=&#8221;middle&#8221; column_margin=&#8221;default&#8221; scene_position=&#8221;center&#8221; text_color=&#8221;dark&#8221; text_align=&#8221;left&#8221; top_padding=&#8221;3%&#8221; bottom_padding=&#8221;3%&#8221; overlay_strength=&#8221;1&#8243; shape_divider_color=&#8221;#f4f4f4&#8243; shape_divider_position=&#8221;bottom&#8221; shape_divider_height=&#8221;40%&#8221; bg_image_animation=&#8221;none&#8221; shape_type=&#8221;curve_opacity&#8221;][vc_column column_padding=&#8221;no-extra-padding&#8221; column_padding_position=&#8221;right&#8221; background_color_opacity=&#8221;1&#8243; background_hover_color_opacity=&#8221;1&#8243; column_link_target=&#8221;_self&#8221; column_shadow=&#8221;none&#8221; column_border_radius=&#8221;none&#8221; width=&#8221;1\/6&#8243; tablet_width_inherit=&#8221;default&#8221; tablet_text_alignment=&#8221;default&#8221; phone_text_alignment=&#8221;default&#8221; overlay_strength=&#8221;0.3&#8243; column_border_width=&#8221;none&#8221; column_border_style=&#8221;solid&#8221; bg_image_animation=&#8221;none&#8221;][\/vc_column][vc_column column_padding=&#8221;no-extra-padding&#8221; column_padding_position=&#8221;all&#8221; background_color_opacity=&#8221;1&#8243; background_hover_color_opacity=&#8221;1&#8243; column_link_target=&#8221;_self&#8221; column_shadow=&#8221;none&#8221; column_border_radius=&#8221;none&#8221; width=&#8221;2\/3&#8243; tablet_width_inherit=&#8221;default&#8221; tablet_text_alignment=&#8221;default&#8221; phone_text_alignment=&#8221;default&#8221; overlay_strength=&#8221;0.3&#8243; column_border_width=&#8221;none&#8221; column_border_style=&#8221;solid&#8221; bg_image_animation=&#8221;none&#8221;][vc_row_inner column_margin=&#8221;default&#8221; bottom_padding=&#8221;2%&#8221; text_align=&#8221;left&#8221;][vc_column_inner column_padding=&#8221;no-extra-padding&#8221; column_padding_position=&#8221;all&#8221; background_color_opacity=&#8221;1&#8243; background_hover_color_opacity=&#8221;1&#8243; column_shadow=&#8221;none&#8221; column_border_radius=&#8221;none&#8221; column_link_target=&#8221;_self&#8221; width=&#8221;1\/1&#8243; tablet_width_inherit=&#8221;default&#8221; overlay_strength=&#8221;0.3&#8243; column_border_width=&#8221;none&#8221; column_border_style=&#8221;solid&#8221; bg_image_animation=&#8221;none&#8221;][vc_widget_sidebar sidebar_id=&#8221;page-sidebar&#8221;][vc_column_text]\n<h3>Minden eg\u00e9szs\u00e9gfejleszt\u00e9si k\u00f6zpontban \u00e9s eg\u00e9szs\u00e9gnevel\u00e9si k\u00f6zpontban r\u00e9szt vehet az eg\u00e9szs\u00e9gjav\u00edt\u00f3 besz\u00e9lget\u00e9si \u00f3r\u00e1kon, ahol lehet\u0151s\u00e9ge van arra, hogy k\u00fcl\u00f6n-k\u00fcl\u00f6n konzult\u00e1ljon a k\u00fcl\u00f6nb\u00f6z\u0151 szak\u00e9rt\u0151kkel.<\/h3>\n[\/vc_column_text][\/vc_column_inner][\/vc_row_inner][vc_row_inner column_margin=&#8221;default&#8221; bottom_padding=&#8221;2%&#8221; text_align=&#8221;left&#8221;][vc_column_inner column_padding=&#8221;no-extra-padding&#8221; column_padding_position=&#8221;all&#8221; background_color_opacity=&#8221;1&#8243; background_hover_color_opacity=&#8221;1&#8243; column_shadow=&#8221;none&#8221; column_border_radius=&#8221;none&#8221; column_link_target=&#8221;_self&#8221; width=&#8221;1\/1&#8243; tablet_width_inherit=&#8221;default&#8221; overlay_strength=&#8221;0.3&#8243; column_border_width=&#8221;none&#8221; column_border_style=&#8221;solid&#8221; bg_image_animation=&#8221;none&#8221;][vc_column_text]Szeretne t\u00f6bbet megtudni az eg\u00e9szs\u00e9gfejleszt\u00e9si k\u00f6zpontokban \u00e9s az eg\u00e9szs\u00e9gnevel\u00e9si k\u00f6zpontokban el\u00e9rhet\u0151 m\u0171helymunk\u00e1kr\u00f3l \u00e9s tan\u00e1csad\u00e1sokr\u00f3l? \u00dagy d\u00f6nt\u00f6tt, hogy megv\u00e1ltoztatja az eg\u00e9szs\u00e9gtelen \u00e9letm\u00f3d szok\u00e1sait, de nem tudja, hol \u00e9s hogyan kell kezdeni?<\/p>\n<p>Az eg\u00e9szs\u00e9gjav\u00edt\u00f3 konzult\u00e1ci\u00f3s \u00f3r\u00e1kon r\u00e9szt vehet:[\/vc_column_text][\/vc_column_inner][\/vc_row_inner]<div class=\"nectar-fancy-ul\" data-list-icon=\"icon-arrow-right\" data-animation=\"false\" data-animation-delay=\"0\" data-color=\"accent-color\" data-spacing=\"default\" data-alignment=\"left\"> \n<ul>\n<li>ha konzult\u00e1lni szeretne arr\u00f3l, hogyan tudja fenntartani \u00e9s er\u0151s\u00edteni az eg\u00e9szs\u00e9g\u00e9t,<\/li>\n<li>ha szak\u00e9rt\u0151vel egy\u00fctt szeretne kidolgozni m\u0171k\u00f6d\u0151k\u00e9pes tervet az eg\u00e9szs\u00e9gtelen \u00e9letm\u00f3dbeli szok\u00e1sok megv\u00e1ltoztat\u00e1s\u00e1hoz,<\/li>\n<li>ha t\u00e1mogat\u00e1sra vagy seg\u00edts\u00e9gre van sz\u00fcks\u00e9ge az eg\u00e9szs\u00e9ggel kapcsolatos viselked\u00e9s megv\u00e1ltoztat\u00e1s\u00e1hoz,<\/li>\n<li>ha seg\u00edts\u00e9gre van sz\u00fcks\u00e9ge a kiv\u00e1lasztott motoros k\u00e9szs\u00e9gek elsaj\u00e1t\u00edt\u00e1s\u00e1hoz,<\/li>\n<li>ha arr\u00f3l szeretne besz\u00e9lni, hogyan jav\u00edthatja a ment\u00e1lis eg\u00e9szs\u00e9g\u00e9t,<\/li>\n<li>ha nem tudja, hogyan vegyen r\u00e9szt a <a href=\"https:\/\/www.program-svit.si\/\">Svit<\/a>, r\u00e1k el\u0151tt jelentkez\u0151 elv\u00e1ltoz\u00e1sok, valamint a vastag- \u00e9s v\u00e9gb\u00e9lr\u00e1k sz\u0171r\u00e9s\u00e9t \u00e9s korai felismer\u00e9s\u00e9t szolg\u00e1l\u00f3 \u00e1llami sz\u0171r\u0151programban,<\/li>\n<li>ha nem tudja, hogyan vegyen r\u00e9szt a <a href=\"https:\/\/dora.onko-i.si\/\">Dora<\/a>, orsz\u00e1gos eml\u0151r\u00e1k\u00a0\u00e1llami sz\u0171r\u0151programban, \u00e9s a <a href=\"https:\/\/zora.onko-i.si\/\">Zora<\/a>, a m\u00e9hnyak el\u0151tti r\u00e1kos v\u00e1ltoz\u00e1sok korai felismer\u00e9s\u00e9t szolg\u00e1l\u00f3 \u00e1llami sz\u0171r\u0171programban<\/li>\n<li>ha m\u00e1r r\u00e9szt vett az eg\u00e9szs\u00e9gfejleszt\u00e9si k\u00f6zpont\/eg\u00e9szs\u00e9gnevel\u00e9si k\u00f6zpont b\u00e1rmelyik m\u0171hely\u00e9n, \u00e9s \u00e9rdekli, hogy tov\u00e1bbra is j\u00f3 \u00faton halad-e a megv\u00e1ltozott szok\u00e1sok fenntart\u00e1sa \u00e9rdek\u00e9ben.<\/li>\n<\/ul>\n <\/div>[vc_column_text]Az egy\u00e9ni foglalkoz\u00e1sokat <a href=\"\/aktivnosti-za-krepitev-zdravja\/kje-se-lahko-udelezim-aktivnosti\/#kateri-strokovnjaki\">szakk\u00e9pzett okleveles \u00e1pol\u00f3k, gy\u00f3gytorn\u00e1szok, pszichol\u00f3gusok, dietetikusok \u00e9s kineziol\u00f3gusok v\u00e9gzik<\/a>. Hogy melyik szak\u00e9rt\u0151h\u00f6z, \u00e9s mikor j\u00f6het eg\u00e9szs\u00e9gjav\u00edt\u00f3 besz\u00e9lget\u00e9si \u00f3r\u00e1ra, l\u00e9pjen kapcsolatba a eg\u00e9szs\u00e9gfejleszt\u00e9si\/eg\u00e9szs\u00e9gnevel\u00e9si k\u00f6zpontj\u00e1val.[\/vc_column_text][\/vc_column][vc_column column_padding=&#8221;no-extra-padding&#8221; column_padding_position=&#8221;all&#8221; background_color_opacity=&#8221;1&#8243; background_hover_color_opacity=&#8221;1&#8243; column_link_target=&#8221;_self&#8221; column_shadow=&#8221;none&#8221; column_border_radius=&#8221;none&#8221; width=&#8221;1\/6&#8243; tablet_width_inherit=&#8221;default&#8221; tablet_text_alignment=&#8221;default&#8221; phone_text_alignment=&#8221;default&#8221; overlay_strength=&#8221;0.3&#8243; column_border_width=&#8221;none&#8221; column_border_style=&#8221;solid&#8221; bg_image_animation=&#8221;none&#8221;][\/vc_column][\/vc_row][vc_row type=&#8221;in_container&#8221; full_screen_row_position=&#8221;middle&#8221; column_margin=&#8221;default&#8221; scene_position=&#8221;center&#8221; text_color=&#8221;dark&#8221; text_align=&#8221;left&#8221; overlay_strength=&#8221;0.3&#8243; shape_divider_position=&#8221;bottom&#8221; bg_image_animation=&#8221;none&#8221;][vc_column column_padding=&#8221;no-extra-padding&#8221; column_padding_position=&#8221;all&#8221; background_color_opacity=&#8221;1&#8243; background_hover_color_opacity=&#8221;1&#8243; column_link_target=&#8221;_self&#8221; column_shadow=&#8221;none&#8221; column_border_radius=&#8221;none&#8221; width=&#8221;1\/6&#8243; tablet_width_inherit=&#8221;default&#8221; tablet_text_alignment=&#8221;default&#8221; phone_text_alignment=&#8221;default&#8221; overlay_strength=&#8221;0.3&#8243; column_border_width=&#8221;none&#8221; column_border_style=&#8221;solid&#8221; bg_image_animation=&#8221;none&#8221;][\/vc_column][vc_column column_padding=&#8221;no-extra-padding&#8221; column_padding_position=&#8221;all&#8221; background_color_opacity=&#8221;1&#8243; background_hover_color_opacity=&#8221;1&#8243; column_link_target=&#8221;_self&#8221; column_shadow=&#8221;none&#8221; column_border_radius=&#8221;none&#8221; width=&#8221;2\/3&#8243; tablet_width_inherit=&#8221;default&#8221; tablet_text_alignment=&#8221;default&#8221; phone_text_alignment=&#8221;default&#8221; overlay_strength=&#8221;0.3&#8243; column_border_width=&#8221;none&#8221; column_border_style=&#8221;solid&#8221; bg_image_animation=&#8221;none&#8221;][testimonial_slider style=&#8221;default&#8221; star_rating_color=&#8221;accent-color&#8221;][testimonial star_rating=&#8221;none&#8221; title=&#8221;Testimonial&#8221; id=&#8221;1613054136252-0&#8243; tab_id=&#8221;1613054136252-1&#8243; name=&#8221;Eg\u00e9szs\u00e9gfejleszt\u0151 K\u00f6zpont, Kranj&#8221; quote=&#8221;A konzult\u00e1ci\u00f3s \u00f3r\u00e1k bel\u00e9p\u00e9si pontt\u00e1 v\u00e1ltak a min\u0151s\u00e9gi eg\u00e9szs\u00e9g\u00fcgyi inform\u00e1ci\u00f3k keres\u00e9s\u00e9nek a rendszer\u00e9ben.&#8221;][testimonial star_rating=&#8221;none&#8221; title=&#8221;Testimonial&#8221; id=&#8221;1613054136304-5&#8243; tab_id=&#8221;1613054136305-6&#8243; name=&#8221;Eg\u00e9szs\u00e9gfejleszt\u0151 K\u00f6zpont, Slovenska Bistrica&#8221; quote=&#8221;A bevezet\u0151 megbesz\u00e9l\u00e9sen a r\u00e9sztvev\u0151k k\u00f6nnyeben fogalmazz\u00e1k meg a m\u0171helymunk\u00e1kkal kapcsolatos k\u00e9rd\u00e9seiket \u00e9s aggodalmaikat.&#8221;][\/testimonial_slider][\/vc_column][vc_column column_padding=&#8221;no-extra-padding&#8221; column_padding_position=&#8221;all&#8221; background_color_opacity=&#8221;1&#8243; background_hover_color_opacity=&#8221;1&#8243; column_link_target=&#8221;_self&#8221; column_shadow=&#8221;none&#8221; column_border_radius=&#8221;none&#8221; width=&#8221;1\/6&#8243; tablet_width_inherit=&#8221;default&#8221; tablet_text_alignment=&#8221;default&#8221; phone_text_alignment=&#8221;default&#8221; overlay_strength=&#8221;0.3&#8243; column_border_width=&#8221;none&#8221; column_border_style=&#8221;solid&#8221; bg_image_animation=&#8221;none&#8221;][\/vc_column][\/vc_row]\n","protected":false},"excerpt":{"rendered":"<p>[vc_row type=&#8221;full_width_background&#8221; full_screen_row_position=&#8221;middle&#8221; column_margin=&#8221;default&#8221; bg_color=&#8221;#ffffff&#8221; scene_position=&#8221;center&#8221; text_color=&#8221;light&#8221; text_align=&#8221;left&#8221; id=&#8221;home&#8221; color_overlay=&#8221;#7fbf37&#8243; overlay_strength=&#8221;1&#8243; enable_shape_divider=&#8221;true&#8221; shape_divider_color=&#8221;#ffffff&#8221; shape_divider_position=&#8221;both&#8221; shape_divider_height=&#8221;20%&#8221; bg_image_animation=&#8221;none&#8221; parallax_bg=&#8221;true&#8221; parallax_bg_speed=&#8221;fast&#8221; shape_type=&#8221;straight_section&#8221;][vc_column column_padding=&#8221;no-extra-padding&#8221; column_padding_position=&#8221;all&#8221; background_color_opacity=&#8221;1&#8243; background_hover_color_opacity=&#8221;1&#8243; background_image=&#8221;773&#8243; column_link_target=&#8221;_self&#8221; column_shadow=&#8221;none&#8221; column_border_radius=&#8221;5px&#8221; width=&#8221;1\/1&#8243; tablet_width_inherit=&#8221;default&#8221; tablet_text_alignment=&#8221;default&#8221;&#8230;<\/p>\n","protected":false},"author":12,"featured_media":0,"parent":2758,"menu_order":0,"comment_status":"closed","ping_status":"closed","template":"","meta":{"_acf_changed":false,"footnotes":""},"class_list":["post-2732","page","type-page","status-publish"],"acf":[],"_links":{"self":[{"href":"https:\/\/skupajzazdravje.si\/hu\/wp-json\/wp\/v2\/pages\/2732","targetHints":{"allow":["GET"]}}],"collection":[{"href":"https:\/\/skupajzazdravje.si\/hu\/wp-json\/wp\/v2\/pages"}],"about":[{"href":"https:\/\/skupajzazdravje.si\/hu\/wp-json\/wp\/v2\/types\/page"}],"author":[{"embeddable":true,"href":"https:\/\/skupajzazdravje.si\/hu\/wp-json\/wp\/v2\/users\/12"}],"replies":[{"embeddable":true,"href":"https:\/\/skupajzazdravje.si\/hu\/wp-json\/wp\/v2\/comments?post=2732"}],"version-history":[{"count":6,"href":"https:\/\/skupajzazdravje.si\/hu\/wp-json\/wp\/v2\/pages\/2732\/revisions"}],"predecessor-version":[{"id":3206,"href":"https:\/\/skupajzazdravje.si\/hu\/wp-json\/wp\/v2\/pages\/2732\/revisions\/3206"}],"up":[{"embeddable":true,"href":"https:\/\/skupajzazdravje.si\/hu\/wp-json\/wp\/v2\/pages\/2758"}],"wp:attachment":[{"href":"https:\/\/skupajzazdravje.si\/hu\/wp-json\/wp\/v2\/media?parent=2732"}],"curies":[{"name":"wp","href":"https:\/\/api.w.org\/{rel}","templated":true}]}}