{"id":2725,"date":"2021-01-15T09:18:00","date_gmt":"2021-01-15T09:18:00","guid":{"rendered":"https:\/\/www.skupajzazdravje.si\/delovne-organizacije\/"},"modified":"2021-02-11T14:35:03","modified_gmt":"2021-02-11T14:35:03","slug":"a-munkaugyi-szervezetek-szamara","status":"publish","type":"page","link":"https:\/\/skupajzazdravje.si\/hu\/egeszseges-kozosseg\/a-munkaugyi-szervezetek-szamara\/","title":{"rendered":"A munka\u00fcgyi szervezetek sz\u00e1m\u00e1ra"},"content":{"rendered":"[vc_row type=&#8221;full_width_background&#8221; full_screen_row_position=&#8221;middle&#8221; column_margin=&#8221;default&#8221; bg_color=&#8221;#ffffff&#8221; scene_position=&#8221;center&#8221; text_color=&#8221;light&#8221; text_align=&#8221;left&#8221; id=&#8221;home&#8221; color_overlay=&#8221;#7fbf37&#8243; overlay_strength=&#8221;1&#8243; enable_shape_divider=&#8221;true&#8221; shape_divider_color=&#8221;#ffffff&#8221; shape_divider_position=&#8221;both&#8221; shape_divider_height=&#8221;20%&#8221; bg_image_animation=&#8221;none&#8221; parallax_bg=&#8221;true&#8221; parallax_bg_speed=&#8221;fast&#8221; shape_type=&#8221;straight_section&#8221;][vc_column column_padding=&#8221;no-extra-padding&#8221; column_padding_position=&#8221;all&#8221; background_color_opacity=&#8221;1&#8243; background_hover_color_opacity=&#8221;1&#8243; background_image=&#8221;1009&#8243; column_link_target=&#8221;_self&#8221; column_shadow=&#8221;none&#8221; column_border_radius=&#8221;5px&#8221; width=&#8221;1\/1&#8243; tablet_width_inherit=&#8221;default&#8221; tablet_text_alignment=&#8221;default&#8221; phone_text_alignment=&#8221;default&#8221; enable_gradient=&#8221;true&#8221; color_overlay_2=&#8221;#000000&#8243; gradient_direction=&#8221;top_to_bottom&#8221; overlay_strength=&#8221;0.5&#8243; column_border_width=&#8221;none&#8221; bg_image_animation=&#8221;zoom-out-reveal&#8221;][vc_row_inner content_placement=&#8221;bottom&#8221; column_margin=&#8221;none&#8221; top_padding=&#8221;15%&#8221; bottom_padding=&#8221;15%&#8221; text_align=&#8221;left&#8221;][vc_column_inner column_padding=&#8221;no-extra-padding&#8221; column_padding_position=&#8221;all&#8221; centered_text=&#8221;true&#8221; background_color_opacity=&#8221;1&#8243; background_hover_color_opacity=&#8221;1&#8243; column_shadow=&#8221;none&#8221; column_border_radius=&#8221;none&#8221; column_link_target=&#8221;_self&#8221; width=&#8221;1\/1&#8243; tablet_width_inherit=&#8221;default&#8221; overlay_strength=&#8221;0.3&#8243; column_border_width=&#8221;none&#8221; column_border_style=&#8221;solid&#8221; bg_image_animation=&#8221;none&#8221;][split_line_heading animation_type=&#8221;line-reveal-by-space&#8221; font_style=&#8221;h1&#8243; text_content=&#8221;A munka\u00fcgyi szervezetek sz\u00e1m\u00e1ra&#8221;][\/split_line_heading][\/vc_column_inner][\/vc_row_inner][\/vc_column][\/vc_row][vc_row type=&#8221;full_width_background&#8221; full_screen_row_position=&#8221;middle&#8221; equal_height=&#8221;yes&#8221; content_placement=&#8221;middle&#8221; column_margin=&#8221;default&#8221; scene_position=&#8221;center&#8221; text_color=&#8221;dark&#8221; text_align=&#8221;left&#8221; top_padding=&#8221;3%&#8221; bottom_padding=&#8221;3%&#8221; overlay_strength=&#8221;1&#8243; shape_divider_color=&#8221;#f4f4f4&#8243; shape_divider_position=&#8221;bottom&#8221; shape_divider_height=&#8221;40%&#8221; bg_image_animation=&#8221;none&#8221; shape_type=&#8221;curve_opacity&#8221;][vc_column column_padding=&#8221;no-extra-padding&#8221; column_padding_position=&#8221;right&#8221; background_color_opacity=&#8221;1&#8243; background_hover_color_opacity=&#8221;1&#8243; column_link_target=&#8221;_self&#8221; column_shadow=&#8221;none&#8221; column_border_radius=&#8221;none&#8221; width=&#8221;1\/6&#8243; tablet_width_inherit=&#8221;default&#8221; tablet_text_alignment=&#8221;default&#8221; phone_text_alignment=&#8221;default&#8221; overlay_strength=&#8221;0.3&#8243; column_border_width=&#8221;none&#8221; column_border_style=&#8221;solid&#8221; bg_image_animation=&#8221;none&#8221;][\/vc_column][vc_column column_padding=&#8221;no-extra-padding&#8221; column_padding_position=&#8221;all&#8221; background_color_opacity=&#8221;1&#8243; background_hover_color_opacity=&#8221;1&#8243; column_link_target=&#8221;_self&#8221; column_shadow=&#8221;none&#8221; column_border_radius=&#8221;none&#8221; width=&#8221;2\/3&#8243; tablet_width_inherit=&#8221;default&#8221; tablet_text_alignment=&#8221;default&#8221; phone_text_alignment=&#8221;default&#8221; overlay_strength=&#8221;0.3&#8243; column_border_width=&#8221;none&#8221; column_border_style=&#8221;solid&#8221; bg_image_animation=&#8221;none&#8221;][vc_row_inner column_margin=&#8221;default&#8221; bottom_padding=&#8221;2%&#8221; text_align=&#8221;left&#8221;][vc_column_inner column_padding=&#8221;no-extra-padding&#8221; column_padding_position=&#8221;all&#8221; background_color_opacity=&#8221;1&#8243; background_hover_color_opacity=&#8221;1&#8243; column_shadow=&#8221;none&#8221; column_border_radius=&#8221;none&#8221; column_link_target=&#8221;_self&#8221; width=&#8221;1\/1&#8243; tablet_width_inherit=&#8221;default&#8221; overlay_strength=&#8221;0.3&#8243; column_border_width=&#8221;none&#8221; column_border_style=&#8221;solid&#8221; bg_image_animation=&#8221;none&#8221;][vc_widget_sidebar sidebar_id=&#8221;page-sidebar&#8221;][vc_column_text]\n<h3><strong>A helyi k\u00f6z\u00f6ss\u00e9gekben a k\u00f6zeg\u00e9szs\u00e9g\u00fcgy jav\u00edt\u00e1sa \u00e9rdek\u00e9ben tett er\u0151fesz\u00edt\u00e9sek magukban foglalj\u00e1k a munka\u00fcgyi szervezetekben foglalkoztatottak eg\u00e9szs\u00e9g\u00e9vel kapcsolatos ell\u00e1t\u00e1st is. Ez\u00e9rt az eg\u00e9szs\u00e9gfejleszt\u00e9si \u00e9s az eg\u00e9szs\u00e9gnevel\u00e9si k\u00f6zpontok szakemberei kiemelt figyelmet ford\u00edtanak a munkav\u00e1llal\u00f3k eg\u00e9szs\u00e9g\u00e9nek fenntart\u00e1s\u00e1ra \u00e9s meger\u0151s\u00edt\u00e9s\u00e9re ir\u00e1nyul\u00f3 tev\u00e9kenys\u00e9gekre is.<\/strong><\/h3>\n[\/vc_column_text][\/vc_column_inner][\/vc_row_inner][vc_row_inner column_margin=&#8221;default&#8221; bottom_padding=&#8221;2%&#8221; text_align=&#8221;left&#8221;][vc_column_inner column_padding=&#8221;no-extra-padding&#8221; column_padding_position=&#8221;all&#8221; background_color_opacity=&#8221;1&#8243; background_hover_color_opacity=&#8221;1&#8243; column_shadow=&#8221;none&#8221; column_border_radius=&#8221;none&#8221; column_link_target=&#8221;_self&#8221; width=&#8221;1\/1&#8243; tablet_width_inherit=&#8221;default&#8221; overlay_strength=&#8221;0.3&#8243; column_border_width=&#8221;none&#8221; column_border_style=&#8221;solid&#8221; bg_image_animation=&#8221;none&#8221;][vc_column_text]Az eg\u00e9szs\u00e9g el\u0151mozd\u00edt\u00e1sa a munkahelyen jelent\u0151s m\u00e9rt\u00e9kben hozz\u00e1j\u00e1rul az alkalmazottak eg\u00e9szs\u00e9g\u00e9hez \u00e9s eg\u00e9szs\u00e9ges \u00e9letm\u00f3dj\u00e1hoz. Ez\u00e9rt a munkahelyi eg\u00e9szs\u00e9gfejleszt\u00e9si programokat tervez\u0151 eg\u00e9szs\u00e9g\u00fcgyi t\u00e1mogat\u00f3k felvehetik a kapcsolatot a legk\u00f6zelebbi <a href=\"https:\/\/www.skupajzazdravje.si\/zemljevid\/\">eg\u00e9szs\u00e9gfejleszt\u00e9si vagy eg\u00e9szs\u00e9gnevel\u00e9si k\u00f6zponttal,<\/a> \u00e9s meg\u00e1llapodhatnak az egy\u00fcttm\u0171k\u00f6d\u00e9sr\u0151l. A k\u00f6zpont szak\u00e9rt\u0151ivel egy\u00fctt dolgozik a munkak\u00f6rnyezet\u00e9hez \u00e9s folyamataihoz igaz\u00edtott tev\u00e9kenys\u00e9gek fejleszt\u00e9s\u00e9n, amelyek hozz\u00e1j\u00e1rulnak valamennyi alkalmazott eg\u00e9szs\u00e9g\u00e9hez \u00e9s j\u00f3l\u00e9t\u00e9hez.<\/p>\n<p>El\u0151ad\u00e1sok, konzult\u00e1ci\u00f3k \u00e9s m\u0171helymunk\u00e1k szervez\u00e9s\u00e9ben egyeztethet a k\u00f6vetkez\u0151 ter\u00fcleteken:[\/vc_column_text]<div class=\"nectar-fancy-ul\" data-list-icon=\"icon-arrow-right\" data-animation=\"false\" data-animation-delay=\"0\" data-color=\"accent-color\" data-spacing=\"default\" data-alignment=\"left\"> \n<ul>\n<li>eg\u00e9szs\u00e9ges t\u00e1pl\u00e1lkoz\u00e1s \u00e9s fizikai aktivit\u00e1s a munkahelyen,<\/li>\n<li>szabadid\u0151 akt\u00edv elt\u00f6lt\u00e9se,<\/li>\n<li>a megszak\u00edt\u00e1s n\u00e9lk\u00fcli \u00fcl\u0151 munka k\u00e1ros hat\u00e1sai \u00e9s az eg\u00e9szs\u00e9ges testtart\u00e1s fontoss\u00e1ga,<\/li>\n<li>munkasz\u00fcnetek akt\u00edv v\u00e9grehajt\u00e1sa a munkahelyen,<\/li>\n<li>eg\u00e9szs\u00e9ges munkak\u00f6rnyezet kialak\u00edt\u00e1sa,<\/li>\n<li>ment\u00e1lis eg\u00e9szs\u00e9g- \u00e9s stresszkezel\u00e9s,<\/li>\n<li>relax\u00e1ci\u00f3s technik\u00e1k<\/li>\n<li>\u00e9s az eg\u00e9szs\u00e9gfejleszt\u00e9s ter\u00fclet\u00e9n egy\u00e9b, az \u00d6n sz\u00e1m\u00e1ra relev\u00e1ns t\u00e9m\u00e1k ter\u00fclet\u00e9n.<\/li>\n<\/ul>\n <\/div>[\/vc_column_inner][\/vc_row_inner][\/vc_column][vc_column column_padding=&#8221;no-extra-padding&#8221; column_padding_position=&#8221;all&#8221; background_color_opacity=&#8221;1&#8243; background_hover_color_opacity=&#8221;1&#8243; column_link_target=&#8221;_self&#8221; column_shadow=&#8221;none&#8221; column_border_radius=&#8221;none&#8221; width=&#8221;1\/6&#8243; tablet_width_inherit=&#8221;default&#8221; tablet_text_alignment=&#8221;default&#8221; phone_text_alignment=&#8221;default&#8221; overlay_strength=&#8221;0.3&#8243; column_border_width=&#8221;none&#8221; column_border_style=&#8221;solid&#8221; bg_image_animation=&#8221;none&#8221;][\/vc_column][\/vc_row]\n","protected":false},"excerpt":{"rendered":"<p>[vc_row type=&#8221;full_width_background&#8221; full_screen_row_position=&#8221;middle&#8221; column_margin=&#8221;default&#8221; bg_color=&#8221;#ffffff&#8221; scene_position=&#8221;center&#8221; text_color=&#8221;light&#8221; text_align=&#8221;left&#8221; id=&#8221;home&#8221; color_overlay=&#8221;#7fbf37&#8243; overlay_strength=&#8221;1&#8243; enable_shape_divider=&#8221;true&#8221; shape_divider_color=&#8221;#ffffff&#8221; shape_divider_position=&#8221;both&#8221; shape_divider_height=&#8221;20%&#8221; bg_image_animation=&#8221;none&#8221; parallax_bg=&#8221;true&#8221; parallax_bg_speed=&#8221;fast&#8221; shape_type=&#8221;straight_section&#8221;][vc_column column_padding=&#8221;no-extra-padding&#8221; column_padding_position=&#8221;all&#8221; background_color_opacity=&#8221;1&#8243; background_hover_color_opacity=&#8221;1&#8243; background_image=&#8221;1009&#8243; column_link_target=&#8221;_self&#8221; column_shadow=&#8221;none&#8221; column_border_radius=&#8221;5px&#8221; width=&#8221;1\/1&#8243; tablet_width_inherit=&#8221;default&#8221; tablet_text_alignment=&#8221;default&#8221;&#8230;<\/p>\n","protected":false},"author":12,"featured_media":0,"parent":2752,"menu_order":0,"comment_status":"closed","ping_status":"closed","template":"","meta":{"_acf_changed":false,"footnotes":""},"class_list":["post-2725","page","type-page","status-publish"],"acf":[],"_links":{"self":[{"href":"https:\/\/skupajzazdravje.si\/hu\/wp-json\/wp\/v2\/pages\/2725","targetHints":{"allow":["GET"]}}],"collection":[{"href":"https:\/\/skupajzazdravje.si\/hu\/wp-json\/wp\/v2\/pages"}],"about":[{"href":"https:\/\/skupajzazdravje.si\/hu\/wp-json\/wp\/v2\/types\/page"}],"author":[{"embeddable":true,"href":"https:\/\/skupajzazdravje.si\/hu\/wp-json\/wp\/v2\/users\/12"}],"replies":[{"embeddable":true,"href":"https:\/\/skupajzazdravje.si\/hu\/wp-json\/wp\/v2\/comments?post=2725"}],"version-history":[{"count":2,"href":"https:\/\/skupajzazdravje.si\/hu\/wp-json\/wp\/v2\/pages\/2725\/revisions"}],"predecessor-version":[{"id":3170,"href":"https:\/\/skupajzazdravje.si\/hu\/wp-json\/wp\/v2\/pages\/2725\/revisions\/3170"}],"up":[{"embeddable":true,"href":"https:\/\/skupajzazdravje.si\/hu\/wp-json\/wp\/v2\/pages\/2752"}],"wp:attachment":[{"href":"https:\/\/skupajzazdravje.si\/hu\/wp-json\/wp\/v2\/media?parent=2725"}],"curies":[{"name":"wp","href":"https:\/\/api.w.org\/{rel}","templated":true}]}}