{"id":2720,"date":"2021-01-15T09:18:00","date_gmt":"2021-01-15T09:18:00","guid":{"rendered":"https:\/\/www.skupajzazdravje.si\/odprta-vrata-za-zdravje\/"},"modified":"2021-03-01T11:08:52","modified_gmt":"2021-03-01T11:08:52","slug":"nyitott-kapuk-az-egeszsegert","status":"publish","type":"page","link":"https:\/\/skupajzazdravje.si\/hu\/egeszseges-kozosseg\/nyitott-kapuk-az-egeszsegert\/","title":{"rendered":"Nyitott kapuk az eg\u00e9szs\u00e9g\u00e9rt"},"content":{"rendered":"[vc_row type=&#8221;full_width_background&#8221; full_screen_row_position=&#8221;middle&#8221; column_margin=&#8221;default&#8221; bg_color=&#8221;#ffffff&#8221; scene_position=&#8221;center&#8221; text_color=&#8221;light&#8221; text_align=&#8221;left&#8221; id=&#8221;home&#8221; color_overlay=&#8221;#7fbf37&#8243; overlay_strength=&#8221;1&#8243; enable_shape_divider=&#8221;true&#8221; shape_divider_color=&#8221;#ffffff&#8221; shape_divider_position=&#8221;both&#8221; shape_divider_height=&#8221;20%&#8221; bg_image_animation=&#8221;none&#8221; parallax_bg=&#8221;true&#8221; parallax_bg_speed=&#8221;fast&#8221; shape_type=&#8221;straight_section&#8221;][vc_column column_padding=&#8221;no-extra-padding&#8221; column_padding_position=&#8221;all&#8221; background_color_opacity=&#8221;1&#8243; background_hover_color_opacity=&#8221;1&#8243; background_image=&#8221;217&#8243; enable_bg_scale=&#8221;true&#8221; column_link_target=&#8221;_self&#8221; column_shadow=&#8221;none&#8221; column_border_radius=&#8221;5px&#8221; width=&#8221;1\/1&#8243; tablet_width_inherit=&#8221;default&#8221; tablet_text_alignment=&#8221;default&#8221; phone_text_alignment=&#8221;default&#8221; enable_gradient=&#8221;true&#8221; color_overlay_2=&#8221;#000000&#8243; gradient_direction=&#8221;top_to_bottom&#8221; overlay_strength=&#8221;0.5&#8243; column_border_width=&#8221;none&#8221; bg_image_animation=&#8221;zoom-out-reveal&#8221;][vc_row_inner content_placement=&#8221;bottom&#8221; column_margin=&#8221;none&#8221; top_padding=&#8221;15%&#8221; bottom_padding=&#8221;15%&#8221; text_align=&#8221;left&#8221;][vc_column_inner column_padding=&#8221;no-extra-padding&#8221; column_padding_position=&#8221;all&#8221; centered_text=&#8221;true&#8221; background_color_opacity=&#8221;1&#8243; background_hover_color_opacity=&#8221;1&#8243; column_shadow=&#8221;none&#8221; column_border_radius=&#8221;none&#8221; column_link_target=&#8221;_self&#8221; width=&#8221;1\/1&#8243; tablet_width_inherit=&#8221;default&#8221; overlay_strength=&#8221;0.3&#8243; column_border_width=&#8221;none&#8221; column_border_style=&#8221;solid&#8221; bg_image_animation=&#8221;none&#8221;][split_line_heading animation_type=&#8221;line-reveal-by-space&#8221; font_style=&#8221;h1&#8243; text_content=&#8221;Nyitott kapuk az eg\u00e9szs\u00e9g\u00e9rt&#8221;][\/split_line_heading][\/vc_column_inner][\/vc_row_inner][\/vc_column][\/vc_row][vc_row type=&#8221;full_width_background&#8221; full_screen_row_position=&#8221;middle&#8221; equal_height=&#8221;yes&#8221; content_placement=&#8221;middle&#8221; column_margin=&#8221;default&#8221; scene_position=&#8221;center&#8221; text_color=&#8221;dark&#8221; text_align=&#8221;left&#8221; top_padding=&#8221;3%&#8221; bottom_padding=&#8221;3%&#8221; overlay_strength=&#8221;1&#8243; shape_divider_color=&#8221;#f4f4f4&#8243; shape_divider_position=&#8221;bottom&#8221; shape_divider_height=&#8221;40%&#8221; bg_image_animation=&#8221;none&#8221; shape_type=&#8221;curve_opacity&#8221;][vc_column column_padding=&#8221;no-extra-padding&#8221; column_padding_position=&#8221;right&#8221; background_color_opacity=&#8221;1&#8243; background_hover_color_opacity=&#8221;1&#8243; column_link_target=&#8221;_self&#8221; column_shadow=&#8221;none&#8221; column_border_radius=&#8221;none&#8221; width=&#8221;1\/6&#8243; tablet_width_inherit=&#8221;default&#8221; tablet_text_alignment=&#8221;default&#8221; phone_text_alignment=&#8221;default&#8221; overlay_strength=&#8221;0.3&#8243; column_border_width=&#8221;none&#8221; column_border_style=&#8221;solid&#8221; bg_image_animation=&#8221;none&#8221;][\/vc_column][vc_column column_padding=&#8221;no-extra-padding&#8221; column_padding_position=&#8221;all&#8221; background_color_opacity=&#8221;1&#8243; background_hover_color_opacity=&#8221;1&#8243; column_link_target=&#8221;_self&#8221; column_shadow=&#8221;none&#8221; column_border_radius=&#8221;none&#8221; width=&#8221;2\/3&#8243; tablet_width_inherit=&#8221;default&#8221; tablet_text_alignment=&#8221;default&#8221; phone_text_alignment=&#8221;default&#8221; overlay_strength=&#8221;0.3&#8243; column_border_width=&#8221;none&#8221; column_border_style=&#8221;solid&#8221; bg_image_animation=&#8221;none&#8221;][vc_row_inner column_margin=&#8221;default&#8221; bottom_padding=&#8221;2%&#8221; text_align=&#8221;left&#8221;][vc_column_inner column_padding=&#8221;no-extra-padding&#8221; column_padding_position=&#8221;all&#8221; background_color_opacity=&#8221;1&#8243; background_hover_color_opacity=&#8221;1&#8243; column_shadow=&#8221;none&#8221; column_border_radius=&#8221;none&#8221; column_link_target=&#8221;_self&#8221; width=&#8221;1\/1&#8243; tablet_width_inherit=&#8221;default&#8221; overlay_strength=&#8221;0.3&#8243; column_border_width=&#8221;none&#8221; column_border_style=&#8221;solid&#8221; bg_image_animation=&#8221;none&#8221;][vc_widget_sidebar sidebar_id=&#8221;page-sidebar&#8221;][vc_column_text]\n<h3><strong>A nyitott kapuk az eg\u00e9szs\u00e9g\u00e9rt r\u00f6vid esem\u00e9nyek, amelyek az eg\u00e9szs\u00e9g meg\u0151rz\u00e9s\u00e9nek \u00e9s jav\u00edt\u00e1s\u00e1nak tartalm\u00e1ra \u00f6sszpontos\u00edtanak. K\u00fcl\u00f6nf\u00e9le helysz\u00edneken zajlanak, p\u00e9ld\u00e1ul szoci\u00e1lis munkak\u00f6zpontokban, a Szlov\u00e9n Foglalkoztat\u00e1si Szolg\u00e1lat region\u00e1lis szolg\u00e1lataiban, a Caritasban, a V\u00f6r\u00f6skeresztben \u00e9s m\u00e1s nem korm\u00e1nyzati szervezetekn\u00e9l.<\/strong><\/h3>\n[\/vc_column_text][\/vc_column_inner][\/vc_row_inner][vc_row_inner column_margin=&#8221;default&#8221; bottom_padding=&#8221;2%&#8221; text_align=&#8221;left&#8221;][vc_column_inner column_padding=&#8221;no-extra-padding&#8221; column_padding_position=&#8221;all&#8221; background_color_opacity=&#8221;1&#8243; background_hover_color_opacity=&#8221;1&#8243; column_shadow=&#8221;none&#8221; column_border_radius=&#8221;none&#8221; column_link_target=&#8221;_self&#8221; width=&#8221;1\/1&#8243; tablet_width_inherit=&#8221;default&#8221; overlay_strength=&#8221;0.3&#8243; column_border_width=&#8221;none&#8221; column_border_style=&#8221;solid&#8221; bg_image_animation=&#8221;none&#8221;][vc_column_text]A nyitott kapukat az eg\u00e9szs\u00e9g\u00e9rt az eg\u00e9szs\u00e9gfejleszt\u00e9si k\u00f6zpontok szakemberei biztos\u00edtj\u00e1k &#8211; diplom\u00e1s \u00e1pol\u00f3k, gy\u00f3gytorn\u00e1szok, pszichol\u00f3gusok, dietetikusok \u00e9s kineziol\u00f3gusok. A nyitott kapuk az eg\u00e9szs\u00e9g\u00e9rt megl\u00e1togat\u00e1sakor r\u00e9szt vesz csoportos m\u0171helymunk\u00e1kban, de mindig van id\u0151 az egy\u00e9ni konzult\u00e1ci\u00f3kra is.<\/p>\n<p>A nyitott kapuk t\u00e9m\u00e1i nagyon v\u00e1ltozatosak:[\/vc_column_text]<div class=\"nectar-fancy-ul\" data-list-icon=\"icon-arrow-right\" data-animation=\"false\" data-animation-delay=\"0\" data-color=\"accent-color\" data-spacing=\"default\" data-alignment=\"left\"> \n<ul>\n<li>t\u00e1j\u00e9koztat\u00e1s a r\u00e1k korai diagnosztiz\u00e1l\u00e1s\u00e1ra szolg\u00e1l\u00f3 megel\u0151z\u00e9si \u00e9s sz\u0171r\u0151programokr\u00f3l \u00e9s azok integr\u00e1l\u00e1s\u00e1nak m\u00f3djair\u00f3l (<a href=\"https:\/\/dora.onko-i.si\/\" target=\"_blank\" rel=\"noopener noreferrer\">Dora<\/a>, <a href=\"https:\/\/zora.onko-i.si\/\" target=\"_blank\" rel=\"noopener noreferrer\">Zora<\/a>, <a href=\"https:\/\/www.program-svit.si\/\" target=\"_blank\" rel=\"noopener noreferrer\">Svit<\/a>),<\/li>\n<li>hogyan v\u00e1lasszak szem\u00e9lyi orvost,<\/li>\n<li>m\u0171helymunk\u00e1t az eg\u00e9szs\u00e9gtelen \u00e9letm\u00f3d megv\u00e1ltoztat\u00e1s\u00e1ra \u00e9s a ment\u00e1lis eg\u00e9szs\u00e9g er\u0151s\u00edt\u00e9s\u00e9hez:\n<ul>\n<li>hogyan t\u00e1pl\u00e1lkozhatok eg\u00e9szs\u00e9gesen, ha nincs el\u00e9g p\u00e9nzem,<\/li>\n<li>milyen fizikai tev\u00e9kenys\u00e9g er\u0151s\u00edti az eg\u00e9szs\u00e9gemet,<\/li>\n<li>szeretn\u00e9k leszokni a doh\u00e1nyz\u00e1sr\u00f3l, de nem tudom, hogyan fog siker\u00fclni,<\/li>\n<li>hogyan \u00e9lhetek min\u0151s\u00e9gi \u00e9letet a 2-es t\u00edpus\u00fa cukorbetegs\u00e9ggel?,<\/li>\n<li>fizikai alkalmass\u00e1gi teszt feln\u0151tteknek\/id\u0151seknek,<\/li>\n<li>mi fontos a tests\u00faly kezel\u00e9se szempontj\u00e1b\u00f3l,<\/li>\n<li>hogyan lehet sikeresen kezelni a stresszt.<\/li>\n<\/ul>\n<\/li>\n<li>sz\u00e1mos m\u00e1s t\u00e9ma, amely fontosnak \u00e9s aktu\u00e1lisnak bizonyul azok sz\u00e1m\u00e1ra, akik olyan helyet l\u00e1togatnak meg, ahol a nyitott kapu az eg\u00e9szs\u00e9g\u00e9rt zajlik.<\/li>\n<\/ul>\n <\/div>[vc_column_text]A l\u00e1togat\u00e1sok felt\u00e9teleir\u0151l \u00e9s helysz\u00edneir\u0151l az eg\u00e9szs\u00e9gfejleszt\u00e9si k\u00f6zpontok el\u0151zetesen meg\u00e1llapodnak. \u00cdgy lehet\u0151s\u00e9g ad\u00f3dik azok id\u0151ben t\u00f6rt\u00e9n\u0151 t\u00e1j\u00e9koztat\u00e1s\u00e1ra is, akiket a nyitott kapu az eg\u00e9szs\u00e9g\u00e9rt megc\u00e9loz (a helyi k\u00f6z\u00f6ss\u00e9gben tal\u00e1lhat\u00f3 plak\u00e1ton kereszt\u00fcl, a honlapon stb.).<\/p>\n<p>Az <a href=\"https:\/\/www.skupajzazdravje.si\/zemljevid\/\" target=\"_blank\" rel=\"noopener noreferrer\">eg\u00e9szs\u00e9gfejleszt\u00e9si k\u00f6zpontban vagy az eg\u00e9szs\u00e9gnevel\u00e9si k\u00f6zpontban<\/a> megtudhatja, mikor \u00e9s hol zajlik a k\u00f6rnyezet\u00e9ben nyitott kapu az eg\u00e9szs\u00e9g\u00e9rt.[\/vc_column_text][\/vc_column_inner][\/vc_row_inner][\/vc_column][vc_column column_padding=&#8221;no-extra-padding&#8221; column_padding_position=&#8221;all&#8221; background_color_opacity=&#8221;1&#8243; background_hover_color_opacity=&#8221;1&#8243; column_link_target=&#8221;_self&#8221; column_shadow=&#8221;none&#8221; column_border_radius=&#8221;none&#8221; width=&#8221;1\/6&#8243; tablet_width_inherit=&#8221;default&#8221; tablet_text_alignment=&#8221;default&#8221; phone_text_alignment=&#8221;default&#8221; overlay_strength=&#8221;0.3&#8243; column_border_width=&#8221;none&#8221; column_border_style=&#8221;solid&#8221; bg_image_animation=&#8221;none&#8221;][\/vc_column][\/vc_row]\n","protected":false},"excerpt":{"rendered":"<p>[vc_row type=&#8221;full_width_background&#8221; full_screen_row_position=&#8221;middle&#8221; column_margin=&#8221;default&#8221; bg_color=&#8221;#ffffff&#8221; scene_position=&#8221;center&#8221; text_color=&#8221;light&#8221; text_align=&#8221;left&#8221; id=&#8221;home&#8221; color_overlay=&#8221;#7fbf37&#8243; overlay_strength=&#8221;1&#8243; enable_shape_divider=&#8221;true&#8221; shape_divider_color=&#8221;#ffffff&#8221; shape_divider_position=&#8221;both&#8221; shape_divider_height=&#8221;20%&#8221; bg_image_animation=&#8221;none&#8221; parallax_bg=&#8221;true&#8221; parallax_bg_speed=&#8221;fast&#8221; shape_type=&#8221;straight_section&#8221;][vc_column column_padding=&#8221;no-extra-padding&#8221; column_padding_position=&#8221;all&#8221; background_color_opacity=&#8221;1&#8243; background_hover_color_opacity=&#8221;1&#8243; background_image=&#8221;217&#8243; enable_bg_scale=&#8221;true&#8221; column_link_target=&#8221;_self&#8221; column_shadow=&#8221;none&#8221; column_border_radius=&#8221;5px&#8221; width=&#8221;1\/1&#8243; tablet_width_inherit=&#8221;default&#8221;&#8230;<\/p>\n","protected":false},"author":12,"featured_media":0,"parent":2752,"menu_order":0,"comment_status":"closed","ping_status":"closed","template":"","meta":{"_acf_changed":false,"footnotes":""},"class_list":["post-2720","page","type-page","status-publish"],"acf":[],"_links":{"self":[{"href":"https:\/\/skupajzazdravje.si\/hu\/wp-json\/wp\/v2\/pages\/2720","targetHints":{"allow":["GET"]}}],"collection":[{"href":"https:\/\/skupajzazdravje.si\/hu\/wp-json\/wp\/v2\/pages"}],"about":[{"href":"https:\/\/skupajzazdravje.si\/hu\/wp-json\/wp\/v2\/types\/page"}],"author":[{"embeddable":true,"href":"https:\/\/skupajzazdravje.si\/hu\/wp-json\/wp\/v2\/users\/12"}],"replies":[{"embeddable":true,"href":"https:\/\/skupajzazdravje.si\/hu\/wp-json\/wp\/v2\/comments?post=2720"}],"version-history":[{"count":4,"href":"https:\/\/skupajzazdravje.si\/hu\/wp-json\/wp\/v2\/pages\/2720\/revisions"}],"predecessor-version":[{"id":3223,"href":"https:\/\/skupajzazdravje.si\/hu\/wp-json\/wp\/v2\/pages\/2720\/revisions\/3223"}],"up":[{"embeddable":true,"href":"https:\/\/skupajzazdravje.si\/hu\/wp-json\/wp\/v2\/pages\/2752"}],"wp:attachment":[{"href":"https:\/\/skupajzazdravje.si\/hu\/wp-json\/wp\/v2\/media?parent=2720"}],"curies":[{"name":"wp","href":"https:\/\/api.w.org\/{rel}","templated":true}]}}