{"id":2712,"date":"2021-01-15T09:18:00","date_gmt":"2021-01-15T09:18:00","guid":{"rendered":"https:\/\/www.skupajzazdravje.si\/nasveti-za-zdravje\/"},"modified":"2021-01-15T09:18:03","modified_gmt":"2021-01-15T09:18:03","slug":"egeszsegugyi-tanacsok","status":"publish","type":"page","link":"https:\/\/skupajzazdravje.si\/hu\/egeszsegugyi-tanacsok\/","title":{"rendered":"Eg\u00e9szs\u00e9g\u00fcgyi tan\u00e1csok"},"content":{"rendered":"[vc_row type=&#8221;full_width_background&#8221; full_screen_row_position=&#8221;middle&#8221; column_margin=&#8221;default&#8221; bg_color=&#8221;#ffffff&#8221; scene_position=&#8221;center&#8221; text_color=&#8221;light&#8221; text_align=&#8221;left&#8221; id=&#8221;home&#8221; color_overlay=&#8221;#7fbf37&#8243; overlay_strength=&#8221;1&#8243; enable_shape_divider=&#8221;true&#8221; shape_divider_color=&#8221;#ffffff&#8221; shape_divider_position=&#8221;both&#8221; shape_divider_height=&#8221;20%&#8221; bg_image_animation=&#8221;none&#8221; parallax_bg=&#8221;true&#8221; parallax_bg_speed=&#8221;fast&#8221; shape_type=&#8221;straight_section&#8221;][vc_column column_padding=&#8221;no-extra-padding&#8221; column_padding_position=&#8221;all&#8221; background_color_opacity=&#8221;1&#8243; background_hover_color_opacity=&#8221;1&#8243; background_image=&#8221;445&#8243; enable_bg_scale=&#8221;true&#8221; column_link_target=&#8221;_self&#8221; column_shadow=&#8221;none&#8221; column_border_radius=&#8221;5px&#8221; width=&#8221;1\/1&#8243; tablet_width_inherit=&#8221;default&#8221; tablet_text_alignment=&#8221;default&#8221; phone_text_alignment=&#8221;default&#8221; enable_gradient=&#8221;true&#8221; color_overlay_2=&#8221;#000000&#8243; gradient_direction=&#8221;top_to_bottom&#8221; overlay_strength=&#8221;0.5&#8243; column_border_width=&#8221;none&#8221; bg_image_animation=&#8221;zoom-out-reveal&#8221;][vc_row_inner content_placement=&#8221;bottom&#8221; column_margin=&#8221;none&#8221; top_padding=&#8221;10%&#8221; bottom_padding=&#8221;10%&#8221; text_align=&#8221;left&#8221;][vc_column_inner column_padding=&#8221;no-extra-padding&#8221; column_padding_position=&#8221;all&#8221; centered_text=&#8221;true&#8221; background_color_opacity=&#8221;1&#8243; background_hover_color_opacity=&#8221;1&#8243; column_shadow=&#8221;none&#8221; column_border_radius=&#8221;none&#8221; column_link_target=&#8221;_self&#8221; width=&#8221;1\/1&#8243; tablet_width_inherit=&#8221;default&#8221; overlay_strength=&#8221;0.3&#8243; column_border_width=&#8221;none&#8221; column_border_style=&#8221;solid&#8221; bg_image_animation=&#8221;none&#8221;][split_line_heading animation_type=&#8221;line-reveal-by-space&#8221; font_style=&#8221;h1&#8243; text_content=&#8221;Nasveti za zdravje&#8221;][\/split_line_heading][\/vc_column_inner][\/vc_row_inner][\/vc_column][\/vc_row][vc_row type=&#8221;in_container&#8221; full_screen_row_position=&#8221;middle&#8221; column_margin=&#8221;default&#8221; scene_position=&#8221;center&#8221; text_color=&#8221;dark&#8221; text_align=&#8221;left&#8221; top_padding=&#8221;2%&#8221; overlay_strength=&#8221;0.3&#8243; shape_divider_position=&#8221;bottom&#8221; bg_image_animation=&#8221;none&#8221; shape_type=&#8221;&#8221;][vc_column column_padding=&#8221;no-extra-padding&#8221; column_padding_position=&#8221;all&#8221; background_color_opacity=&#8221;1&#8243; background_hover_color_opacity=&#8221;1&#8243; column_link_target=&#8221;_self&#8221; column_shadow=&#8221;none&#8221; column_border_radius=&#8221;none&#8221; width=&#8221;1\/1&#8243; tablet_width_inherit=&#8221;default&#8221; tablet_text_alignment=&#8221;default&#8221; phone_text_alignment=&#8221;default&#8221; overlay_strength=&#8221;0.3&#8243; column_border_width=&#8221;none&#8221; column_border_style=&#8221;solid&#8221; bg_image_animation=&#8221;none&#8221;][nectar_post_grid post_type=&#8221;post&#8221; blog_category=&#8221;all,alkohol,covid,dusevno-zdravje,higiena,mascobe,opuscanje-kajenja,telesna-dejavnost-in-gibanje,ustno-zdravje,zdrava-prehrana&#8221; enable_sortable=&#8221;yes&#8221; order=&#8221;DESC&#8221; orderby=&#8221;rand&#8221; pagination=&#8221;none&#8221; columns=&#8221;3&#8243; grid_item_spacing=&#8221;15px&#8221; grid_item_height=&#8221;30vh&#8221; enable_masonry=&#8221;yes&#8221; image_size=&#8221;default&#8221; image_loading=&#8221;lazy-load&#8221; enable_indicator=&#8221;yes&#8221; mouse_indicator_style=&#8221;default&#8221; mouse_indicator_text=&#8221;view&#8221; mouse_indicator_color=&#8221;#000000&#8243; display_categories=&#8221;yes&#8221; text_content_layout=&#8221;all_bottom_left_shadow&#8221; color_overlay=&#8221;#000000&#8243; color_overlay_opacity=&#8221;0.2&#8243; color_overlay_hover_opacity=&#8221;0&#8243; text_color=&#8221;light&#8221; text_color_hover=&#8221;light&#8221; hover_effect=&#8221;slow_zoom&#8221; border_radius=&#8221;5px&#8221; shadow_on_hover=&#8221;yes&#8221; meta_visibility=&#8221;always&#8221; posts_per_page=&#8221;40&#8243;][\/vc_column][\/vc_row]\n","protected":false},"excerpt":{"rendered":"<p>[vc_row type=&#8221;full_width_background&#8221; full_screen_row_position=&#8221;middle&#8221; column_margin=&#8221;default&#8221; bg_color=&#8221;#ffffff&#8221; scene_position=&#8221;center&#8221; text_color=&#8221;light&#8221; text_align=&#8221;left&#8221; id=&#8221;home&#8221; color_overlay=&#8221;#7fbf37&#8243; overlay_strength=&#8221;1&#8243; enable_shape_divider=&#8221;true&#8221; shape_divider_color=&#8221;#ffffff&#8221; shape_divider_position=&#8221;both&#8221; shape_divider_height=&#8221;20%&#8221; bg_image_animation=&#8221;none&#8221; parallax_bg=&#8221;true&#8221; parallax_bg_speed=&#8221;fast&#8221; shape_type=&#8221;straight_section&#8221;][vc_column column_padding=&#8221;no-extra-padding&#8221; column_padding_position=&#8221;all&#8221; background_color_opacity=&#8221;1&#8243; background_hover_color_opacity=&#8221;1&#8243; background_image=&#8221;445&#8243; enable_bg_scale=&#8221;true&#8221; column_link_target=&#8221;_self&#8221; column_shadow=&#8221;none&#8221; column_border_radius=&#8221;5px&#8221; width=&#8221;1\/1&#8243; tablet_width_inherit=&#8221;default&#8221;&#8230;<\/p>\n","protected":false},"author":12,"featured_media":0,"parent":0,"menu_order":0,"comment_status":"closed","ping_status":"closed","template":"","meta":{"_acf_changed":false,"footnotes":""},"class_list":["post-2712","page","type-page","status-publish"],"acf":[],"_links":{"self":[{"href":"https:\/\/skupajzazdravje.si\/hu\/wp-json\/wp\/v2\/pages\/2712","targetHints":{"allow":["GET"]}}],"collection":[{"href":"https:\/\/skupajzazdravje.si\/hu\/wp-json\/wp\/v2\/pages"}],"about":[{"href":"https:\/\/skupajzazdravje.si\/hu\/wp-json\/wp\/v2\/types\/page"}],"author":[{"embeddable":true,"href":"https:\/\/skupajzazdravje.si\/hu\/wp-json\/wp\/v2\/users\/12"}],"replies":[{"embeddable":true,"href":"https:\/\/skupajzazdravje.si\/hu\/wp-json\/wp\/v2\/comments?post=2712"}],"version-history":[{"count":1,"href":"https:\/\/skupajzazdravje.si\/hu\/wp-json\/wp\/v2\/pages\/2712\/revisions"}],"predecessor-version":[{"id":3043,"href":"https:\/\/skupajzazdravje.si\/hu\/wp-json\/wp\/v2\/pages\/2712\/revisions\/3043"}],"wp:attachment":[{"href":"https:\/\/skupajzazdravje.si\/hu\/wp-json\/wp\/v2\/media?parent=2712"}],"curies":[{"name":"wp","href":"https:\/\/api.w.org\/{rel}","templated":true}]}}