{"id":2707,"date":"2021-01-15T09:18:03","date_gmt":"2021-01-15T09:18:03","guid":{"rendered":"https:\/\/www.skupajzazdravje.si\/politika-zasebnosti\/"},"modified":"2021-01-15T09:18:03","modified_gmt":"2021-01-15T09:18:03","slug":"adatvedelmi-iranyelvek","status":"publish","type":"page","link":"https:\/\/skupajzazdravje.si\/hu\/adatvedelmi-iranyelvek\/","title":{"rendered":"Adatv\u00e9delmi Ir\u00e1nyelvek"},"content":{"rendered":"[vc_row type=&#8221;in_container&#8221; full_screen_row_position=&#8221;middle&#8221; column_margin=&#8221;default&#8221; scene_position=&#8221;center&#8221; text_color=&#8221;dark&#8221; text_align=&#8221;left&#8221; overlay_strength=&#8221;0.3&#8243; shape_divider_position=&#8221;bottom&#8221; bg_image_animation=&#8221;none&#8221;][vc_column column_padding=&#8221;no-extra-padding&#8221; column_padding_position=&#8221;all&#8221; background_color_opacity=&#8221;1&#8243; background_hover_color_opacity=&#8221;1&#8243; column_link_target=&#8221;_self&#8221; column_shadow=&#8221;none&#8221; column_border_radius=&#8221;none&#8221; width=&#8221;1\/1&#8243; tablet_width_inherit=&#8221;default&#8221; tablet_text_alignment=&#8221;default&#8221; phone_text_alignment=&#8221;default&#8221; overlay_strength=&#8221;0.3&#8243; column_border_width=&#8221;none&#8221; column_border_style=&#8221;solid&#8221; bg_image_animation=&#8221;none&#8221;][vc_column_text] <\/p>\n<h1>Adatv\u00e9delmi Ir\u00e1nyelvek<\/h1>\n<p>A honlap haszn\u00e1lat\u00e1nak \u00e1ltal\u00e1nos felt\u00e9telei<a href=\"https:\/\/www.skupajzazdravje.si\">www.skupajzazdravje.si<\/a> <\/p>\n<ol>\n<li><strong> Bevezet\u00e9s<\/strong><\/li>\n<\/ol>\n<p> A honlap a Norv\u00e9g Finansz\u00edroz\u00e1si Mechanizmus t\u00e1mogat\u00e1s\u00e1val j\u00f6tt l\u00e9tre, a fejleszt\u00e9s\u00e9re pedig egy az Eur\u00f3pai Szoci\u00e1lis Alap \u00e9s a Szlov\u00e9n K\u00f6zt\u00e1rsas\u00e1g p\u00e9nz\u00fcgyi t\u00e1mogat\u00e1s\u00e1val megval\u00f3sult program keret\u00e9ben ker\u00fclt sor. A honlap tartalm\u00e1\u00e9rt kiz\u00e1r\u00f3lag a Nemzeti K\u00f6zeg\u00e9szs\u00e9g\u00fcgyi Int\u00e9zet (NIJZ) v\u00e1llal felel\u0151ss\u00e9get, \u00e9s semmik\u00e9ppen sem tekinthet\u0151 \u00fagy, hogy t\u00fckr\u00f6zi a Norv\u00e9g P\u00e9nz\u00fcgyi Mechanizmus Program Vezet\u0151j\u00e9nek vagy az Eur\u00f3pai Szoci\u00e1lis Alap Programj\u00e1nak v\u00e9lem\u00e9ny\u00e9t. <\/p>\n<ol start=\"2\">\n<li><strong> A honlap tartalma<\/strong><\/li>\n<\/ol>\n<p> A honlapon tal\u00e1lhat\u00f3 \u00f6sszes tartalom t\u00e1j\u00e9koztat\u00f3 jelleg\u0171 \u00e9s els\u0151sorban inform\u00e1ci\u00f3k szolg\u00e1ltat\u00e1s\u00e1ra szolg\u00e1l. A NIJZ v\u00e1llalja, hogy mindent megtesz annak \u00e9rdek\u00e9ben, hogy a honlapon tal\u00e1lhat\u00f3 inform\u00e1ci\u00f3k igazak, megb\u00edzhat\u00f3ak \u00e9s j\u00f3 min\u0151s\u00e9g\u0171ek legyenek. Nem felel azonban a nyomdai vagy a tipogr\u00e1fiai hib\u00e1k\u00e9rt, valamint a naprak\u00e9sz adatok bevitel\u00e9ben bek\u00f6vetkezett k\u00e9sedelmek\u00e9rt \u00e9s hi\u00e1nyoss\u00e1gok\u00e9rt. <\/p>\n<ol start=\"3\">\n<li><strong>Szerz\u0151i jogv\u00e9delem<\/strong><\/li>\n<\/ol>\n<p> Ez a honlap a NIJZ kiz\u00e1r\u00f3lagos tulajdon\u00e1t k\u00e9pezi, ez\u00e9rt tilos a honlap r\u00e9sz\u00e9t k\u00e9pez\u0151 adatokkal, k\u00e9pekkel, sz\u00f6vegekkel \u00e9s egy\u00e9b adatokkal val\u00f3 vissza\u00e9l\u00e9s. Tilos a fenti adatok b\u00e1rmilyen m\u00e1sol\u00e1sa, terjeszt\u00e9se vagy egy\u00e9b felhaszn\u00e1l\u00e1sa a NIJZ el\u0151zetes tudta \u00e9s enged\u00e9lye n\u00e9lk\u00fcl.<strong>\u00a0<\/strong> <\/p>\n<ol start=\"4\">\n<li><strong> Adatv\u00e9delem<\/strong><\/li>\n<\/ol>\n<p> A honlap els\u0151 l\u00e1togat\u00e1sakor a sz\u00e1m\u00edt\u00f3g\u00e9p\u00e9n egy \u201es\u00fcti\u201d t\u00e1rol\u00f3dik, amelyet saj\u00e1t maga is elt\u00e1vol\u00edthat, vagy haszn\u00e1lja a megfelel\u0151 be\u00e1ll\u00edt\u00e1sokat a ment\u00e9s megakad\u00e1lyoz\u00e1s\u00e1hoz. A s\u00fctik kicsi f\u00e1jlok, amelyek jobb kommunik\u00e1ci\u00f3t biztos\u00edtanak a honlappal, \u00e9s amelyeken kereszt\u00fcl p\u00e9ld\u00e1ul a honlap kezelheti az \u00d6n szem\u00e9lyes be\u00e1ll\u00edt\u00e1sait. Fontos tudni, hogy ezeken a f\u00e1jlokon kereszt\u00fcl semmilyen m\u00f3don nem f\u00e9rhet\u00fcnk hozz\u00e1 szem\u00e9lyes vagy a sz\u00e1m\u00edt\u00f3g\u00e9p\u00e9n l\u00e9v\u0151 adatokhoz, kiv\u00e9ve azokat, amelyek nyilv\u00e1nosan el\u00e9rhet\u0151ek (b\u00f6ng\u00e9sz\u0151 t\u00edpusa, oper\u00e1ci\u00f3s rendszer t\u00edpusa stb.). A honlapon megadott inform\u00e1ci\u00f3k online ker\u00fclnek elk\u00fcld\u00e9sre hozz\u00e1nk v\u00e9delem n\u00e9lk\u00fcli elektronikus form\u00e1ban, ez\u00e9rt harmadik felek sz\u00e1m\u00e1ra is el\u00e9rhet\u0151k lehetnek. Az \u00d6n szem\u00e9lyazonoss\u00e1g\u00e1nak \u00e9s mag\u00e1n\u00e9let\u00e9nek v\u00e9delme \u00e9rdek\u00e9ben ne adjon meg olyan szem\u00e9lyes adatokat, amelyeket nem k\u00edv\u00e1n nyilv\u00e1noss\u00e1gra hozni.<strong>\u00a0<\/strong> <\/p>\n<ol start=\"5\">\n<li><strong> K\u00fcls\u0151 linkek<\/strong><\/li>\n<\/ol>\n<p> A <a href=\"https:\/\/www.skupajzazdravje.si\">www.skupajzazdravje.si<\/a>honlap linkeket tartalmaz a k\u00fcls\u0151 honlapok hivatkoz\u00e1s\u00e1ra, amelyek nem r\u00e9szei ennek a honlapnak. Ezen oldalak tartalm\u00e1\u00e9rt nem v\u00e1llalunk felel\u0151ss\u00e9get. <\/p>\n<ol start=\"6\">\n<li><strong>\u00c1ltal\u00e1nos felt\u00e9telek m\u00f3dos\u00edt\u00e1sa<\/strong><\/li>\n<\/ol>\n<p>A NIJZ fenntartja a jogot, hogy el\u0151zetes \u00e9rtes\u00edt\u00e9s n\u00e9lk\u00fcl megv\u00e1ltoztassa az \u00e1ltal\u00e1nos felt\u00e9teleket. A v\u00e1ltoz\u00e1sok a k\u00f6zz\u00e9t\u00e9tel\u00fck ut\u00e1n azonnal hat\u00e1lyba l\u00e9pnek. Ezen jogok miatt k\u00e9rj\u00fck, gondosan olvassa el a haszn\u00e1lati szab\u00e1lyokat \u00e9s a felt\u00e9teleket minden alkalommal, amikor megl\u00e1togatja honlapunkat.<strong>\u00a0<\/strong> <\/p>\n<ol start=\"7\">\n<li><strong>Illet\u00e9kes b\u00edr\u00f3s\u00e1g<\/strong><\/li>\n<\/ol>\n<p>Az e honlapokon k\u00f6zz\u00e9tett anyagok felhaszn\u00e1l\u00e1s\u00e1val kapcsolatos \u00e9rtelmez\u00e9sre \u00e9s minden jogi k\u00e9rd\u00e9sre kiz\u00e1r\u00f3lag a szlov\u00e9n jog alkalmazand\u00f3. Az eml\u00edtett anyagok felhaszn\u00e1l\u00e1s\u00e1val kapcsolatos k\u00f6vetel\u00e9sek \u00e9s vit\u00e1k elb\u00edr\u00e1l\u00e1s\u00e1ra a ljubljanai b\u00edr\u00f3s\u00e1g illet\u00e9kes.<strong>\u00a0<\/strong> <\/p>\n<ol start=\"8\">\n<li><strong> Z\u00e1r\u00f3 rendelkez\u00e9sek<\/strong><\/li>\n<\/ol>\n<p> A <a href=\"https:\/\/www.skupajzazdravje.si\">www.skupajzazdravje.si<\/a>honlapra l\u00e9pve a felhaszn\u00e1l\u00f3 meger\u0151s\u00edti, hogy t\u00e1j\u00e9koz\u00f3dott az \u00e1ltal\u00e1nos felt\u00e9telekr\u0151l \u00e9s egyet\u00e9rt ezekkel.<\/p>\n<ol start=\"9\">\n<li><strong> K\u00fcl\u00f6n figyelmeztet\u00e9s<\/strong><\/li>\n<\/ol>\n<p> A<a href=\"https:\/\/www.skupajzazdravje.si\">www.skupajzazdravje.si honlapon<\/a>k\u00f6zz\u00e9tett tartalom \u00e1ltal\u00e1nos t\u00e1j\u00e9koztat\u00e1st ny\u00fajt az eg\u00e9szs\u00e9ges \u00e9letm\u00f3dr\u00f3l, a megel\u0151z\u0151 \u00e9s a sz\u0171r\u0151programokr\u00f3l, a csal\u00e1dorvosi rendel\u0151kben v\u00e9gzett megel\u0151z\u0151 vizsg\u00e1latokr\u00f3l, valamint az eg\u00e9szs\u00e9gfejleszt\u00e9si k\u00f6zpontokban \u00e9s az eg\u00e9szs\u00e9gnevel\u00e9si k\u00f6zpontokban v\u00e9gzett tev\u00e9kenys\u00e9gekr\u0151l \u00e9s kezel\u00e9sekr\u0151l, a k\u00f6z\u00f6ss\u00e9gi szak\u00e1pol\u00e1si szolg\u00e1lat megel\u0151z\u0151 kezel\u00e9s\u00e9r\u0151l, valamint a tev\u00e9kenys\u00e9gekr\u0151l a prevenci\u00f3 \u00e9s az eg\u00e9szs\u00e9ges \u00e9letm\u00f3d ter\u00fclet\u00e9n, helyi k\u00f6rnyezetben. A honlapok tartalma nem helyettes\u00edtheti a kiv\u00e1lasztott szem\u00e9lyi orvosn\u00e1l vagy m\u00e1s szak\u00e9rt\u0151n\u00e9l tett l\u00e1togat\u00e1st.[\/vc_column_text][\/vc_column][\/vc_row]\n","protected":false},"excerpt":{"rendered":"<p>[vc_row type=&#8221;in_container&#8221; full_screen_row_position=&#8221;middle&#8221; column_margin=&#8221;default&#8221; scene_position=&#8221;center&#8221; text_color=&#8221;dark&#8221; text_align=&#8221;left&#8221; overlay_strength=&#8221;0.3&#8243; shape_divider_position=&#8221;bottom&#8221; bg_image_animation=&#8221;none&#8221;][vc_column column_padding=&#8221;no-extra-padding&#8221; column_padding_position=&#8221;all&#8221; background_color_opacity=&#8221;1&#8243; background_hover_color_opacity=&#8221;1&#8243; column_link_target=&#8221;_self&#8221; column_shadow=&#8221;none&#8221; column_border_radius=&#8221;none&#8221; width=&#8221;1\/1&#8243; tablet_width_inherit=&#8221;default&#8221; tablet_text_alignment=&#8221;default&#8221; phone_text_alignment=&#8221;default&#8221; overlay_strength=&#8221;0.3&#8243; column_border_width=&#8221;none&#8221; column_border_style=&#8221;solid&#8221; bg_image_animation=&#8221;none&#8221;][vc_column_text] Adatv\u00e9delmi Ir\u00e1nyelvek A honlap haszn\u00e1lat\u00e1nak&#8230;<\/p>\n","protected":false},"author":12,"featured_media":0,"parent":0,"menu_order":0,"comment_status":"closed","ping_status":"closed","template":"","meta":{"_acf_changed":false,"footnotes":""},"class_list":["post-2707","page","type-page","status-publish"],"acf":[],"_links":{"self":[{"href":"https:\/\/skupajzazdravje.si\/hu\/wp-json\/wp\/v2\/pages\/2707","targetHints":{"allow":["GET"]}}],"collection":[{"href":"https:\/\/skupajzazdravje.si\/hu\/wp-json\/wp\/v2\/pages"}],"about":[{"href":"https:\/\/skupajzazdravje.si\/hu\/wp-json\/wp\/v2\/types\/page"}],"author":[{"embeddable":true,"href":"https:\/\/skupajzazdravje.si\/hu\/wp-json\/wp\/v2\/users\/12"}],"replies":[{"embeddable":true,"href":"https:\/\/skupajzazdravje.si\/hu\/wp-json\/wp\/v2\/comments?post=2707"}],"version-history":[{"count":1,"href":"https:\/\/skupajzazdravje.si\/hu\/wp-json\/wp\/v2\/pages\/2707\/revisions"}],"predecessor-version":[{"id":3045,"href":"https:\/\/skupajzazdravje.si\/hu\/wp-json\/wp\/v2\/pages\/2707\/revisions\/3045"}],"wp:attachment":[{"href":"https:\/\/skupajzazdravje.si\/hu\/wp-json\/wp\/v2\/media?parent=2707"}],"curies":[{"name":"wp","href":"https:\/\/api.w.org\/{rel}","templated":true}]}}