{"id":2693,"date":"2021-01-15T09:18:03","date_gmt":"2021-01-15T09:18:03","guid":{"rendered":"https:\/\/www.skupajzazdravje.si\/obvestilo-o-uporabi-piskotkov\/"},"modified":"2021-01-15T09:18:04","modified_gmt":"2021-01-15T09:18:04","slug":"ertesites-sutik-hasznalatarol","status":"publish","type":"page","link":"https:\/\/skupajzazdravje.si\/hu\/ertesites-sutik-hasznalatarol\/","title":{"rendered":"\u00c9rtes\u00edt\u00e9s s\u00fctik haszn\u00e1lat\u00e1r\u00f3l"},"content":{"rendered":"<h1>\u00c9rtes\u00edt\u00e9s s\u00fctik haszn\u00e1lat\u00e1r\u00f3l<\/h1>\n<p> Ez az \u00e9rtes\u00edt\u00e9s az Elektronikus h\u00edrk\u00f6zl\u00e9si t\u00f6rv\u00e9ny (ZEKom-1) szerint lett megadva, amely az \u00d6n sz\u00e1m\u00edt\u00f3g\u00e9p\u00e9n vagy mobileszk\u00f6z\u00e9n t\u00e1rolt adatok t\u00e1rol\u00e1s\u00e1val vagy az adatok el\u00e9r\u00e9s\u00e9vel kapcsolatban a s\u00fctik \u00e9s hasonl\u00f3 technol\u00f3gi\u00e1k haszn\u00e1lat\u00e1ra vonatkoz\u00f3 szab\u00e1lyokat tartalmazza. <\/p>\n<h3>Mik a s\u00fctik<\/h3>\n<p> A s\u00fctik kis sz\u00f6veges f\u00e1jlok, amelyek egy honlap l\u00e1togat\u00e1sa sor\u00e1n let\u00f6lt\u0151dnek az \u00d6n sz\u00e1m\u00edt\u00f3g\u00e9p\u00e9re vagy mobileszk\u00f6z\u00e9re.  A s\u00fctik \u00e1ltal\u00e1ban tartalmazz\u00e1k a k\u00fcld\u0151 szerver nev\u00e9t, amelyr\u0151l a s\u00fcti \u00e9rkezett az \u00d6n eszk\u00f6z\u00e9re; a s\u00fcti \u00e9lettartam\u00e1t \u00e9s \u00e9rt\u00e9k\u00e9t, ami \u00e1ltal\u00e1ban egy v\u00e9letlenszer\u0171en gener\u00e1lt egyedi sz\u00e1mot jelent. A s\u00fctik a k\u00f6vetkez\u0151 honlapon:\u00a0<a href=\"https:\/\/www.skupajzazdravje.si\/\">skupajzazdravje.si<\/a> jobb felhaszn\u00e1l\u00f3i \u00e9lm\u00e9nyt biztos\u00edtanak \u00e9s lehet\u0151v\u00e9 teszik a honlap haszn\u00e1lat\u00e1t, valamint a honlap funkcionalit\u00e1s\u00e1t is biztos\u00edtj\u00e1k (bejelentkez\u00e9s a fi\u00f3kba, vide\u00f3tartalmak megtekint\u00e9se, tartalmak megoszt\u00e1sa k\u00f6z\u00f6ss\u00e9gi h\u00e1l\u00f3zatokon), ezen k\u00edv\u00fcl t\u00f6m\u00f6r\u00edtett inform\u00e1ci\u00f3kat gy\u0171jtenek a honlapunk haszn\u00e1lat\u00e1r\u00f3l. A s\u00fctik maguk nem teszik lehet\u0151v\u00e9 az \u00d6n azonos\u00edt\u00e1s\u00e1t, \u00e9s a s\u00fctikkel \u00f6nmagukban nem lehets\u00e9ges meg\u00e1llap\u00edtani az \u00d6n konkr\u00e9t szem\u00e9lyazonoss\u00e1g\u00e1t. <\/p>\n<h3>Az \u00e1ltalunk haszn\u00e1lt s\u00fctik t\u00edpusai<\/h3>\n<p> <u>1. csoport \u2013 felt\u00e9tlen\u00fcl sz\u00fcks\u00e9ges s\u00fctik<\/u> a felt\u00e9tlen\u00fcl sz\u00fcks\u00e9ges s\u00fctik k\u00f6z\u00e9 tartoznak azok a s\u00fctik, amelyek lehet\u0151v\u00e9 teszik a honlaphoz val\u00f3 hozz\u00e1f\u00e9r\u00e9st, valamint elengedhetetlenek a honlap megfelel\u0151 funkci\u00f3inak m\u0171k\u00f6d\u00e9s\u00e9hez, \u00edgy ezek mindig telep\u00edtve vannak az \u00d6n eszk\u00f6z\u00e9re. Ezek akkor telep\u00fclnek, amikor b\u00e1rmilyen interakci\u00f3t folytat a honlappal, valamint ezzel egy\u00fctt nem gy\u0171jtenek analitikus vagy egy\u00e9b inform\u00e1ci\u00f3kat az \u00d6n l\u00e1togat\u00e1s\u00e1r\u00f3l a honlapon. Az al\u00e1bbi t\u00e1bl\u00e1zat azokat a s\u00fctiket mutatja, amelyeket a honlapon haszn\u00e1lunk: <\/p>\n<table>\n<tbody>\n<tr>\n<td width=\"90\"><strong>SZOLG\u00c1LTAT\u00c1SOK<\/strong><\/td>\n<td width=\"78\"><strong>A S\u00dcTIK T\u00c1ROL\u00c1S\u00c1NAK ID\u0150TARTAMA<\/strong><\/td>\n<td width=\"86\"><strong>ADATOK TELEP\u00cdT\u00c9SE \u00c9S KEZEL\u00c9SE<\/strong><\/td>\n<td width=\"228\"><strong>AZ \u00d6SSZEGY\u0170JT\u00d6TT ADATOK FELDOLGOZ\u00c1S\u00c1NAK C\u00c9LJA<\/strong><\/td>\n<\/tr>\n<tr>\n<td width=\"90\">cookieconsent_status<\/td>\n<td width=\"78\">1 \u00e9v<\/td>\n<td width=\"86\">skupajzazdravje.si<\/td>\n<td width=\"228\">Ennek a s\u00fctinek a seg\u00edts\u00e9g\u00e9vel r\u00f6gz\u00edtj\u00fck az \u00d6n v\u00e1laszt\u00e1s\u00e1t a s\u00fctik telep\u00edt\u00e9s\u00e9vel kapcsolatban. A s\u00fctik \u00e1ltal gy\u0171jt\u00f6tt adatok nem oszthat\u00f3k meg harmadik szem\u00e9lyekkel.<\/td>\n<\/tr>\n<\/tbody>\n<\/table>\n<p> <u>2. csoport \u2013 saj\u00e1t analitikai s\u00fctik<\/u> Ide tartoznak azok az analitikai \u00e9s funkcion\u00e1lis s\u00fctik, amelyekkel elemezz\u00fck a honlap forgalm\u00e1t. A saj\u00e1t analitikai s\u00fctijeink r\u00f6gt\u00f6n telep\u00edt\u00e9sre ker\u00fclnek az \u00d6n k\u00e9sz\u00fcl\u00e9k\u00e9re, amint meg\u00e9rkeznek a honlapunkra. Minden esetben telep\u00edt\u00e9sre ker\u00fclnek a s\u00fctik, kiv\u00e9ve, ha a s\u00fctik telep\u00edt\u00e9s\u00e9nek be\u00e1ll\u00edt\u00e1saiban a k\u00f6vetkez\u0151 lehet\u0151s\u00e9get v\u00e1lasztja: &#8222;Nem \u00e9rtek egyet&#8221; A saj\u00e1t analitikai s\u00fctik nem gy\u0171jtenek adatokat, ami lehet\u0151v\u00e9 tenn\u00e9 az \u00d6n azonos\u00edt\u00e1s\u00e1t. Az IP-c\u00edm k\u00f3dol\u00e1s\u00e1val garant\u00e1ljuk az adatai v\u00e9delm\u00e9t, hogy az eszk\u00f6zeit ne lehessen nyomon k\u00f6vetni az \u00f6sszegy\u0171jt\u00f6tt adatok alapj\u00e1n. Ugyanakkor a saj\u00e1t analitikai s\u00fctijeinken kereszt\u00fcl gy\u0171jt\u00f6tt adatokat nem osztjuk meg harmadik szem\u00e9lyekkel. Az al\u00e1bbi t\u00e1bl\u00e1zat azokat a s\u00fctiket mutatja, amelyeket a honlapon haszn\u00e1lunk: <\/p>\n<table>\n<tbody>\n<tr>\n<td width=\"85\"><strong>SZOLG\u00c1LTAT\u00c1SOK<\/strong><\/td>\n<td width=\"78\"><strong>A S\u00dcTI T\u00c1ROL\u00c1S\u00c1NAK IDEJE<\/strong><\/td>\n<td width=\"85\"><strong>ADATOK TELEP\u00cdT\u00c9SE \u00c9S KEZEL\u00c9SE<\/strong><\/td>\n<td width=\"234\"><strong>AZ \u00d6SSZEGY\u0170JT\u00d6TT ADATOK FELDOLGOZ\u00c1S\u00c1NAK C\u00c9LJA<\/strong><\/td>\n<\/tr>\n<tr>\n<td width=\"85\">_ga<\/td>\n<td width=\"78\">2 \u00e9v<\/td>\n<td width=\"85\"><a href=\"http:\/\/www.google.com\/about\/company\/\">Google Inc.<\/a><\/td>\n<td width=\"234\">Google Analytics-szolg\u00e1ltat\u00e1sok, a honlapunk l\u00e1togatotts\u00e1g\u00e1nak elemz\u00e9s\u00e9hez. N\u00e9vtelen\u00fcl k\u00f6vetik \u00d6nt, \u00e9s nem ismerik fel a szem\u00e9lyes adatait, csak a honlapunkon val\u00f3 aktivit\u00e1s\u00e1t regisztr\u00e1lj\u00e1k. A s\u00fctiken kereszt\u00fcl gy\u0171jt\u00f6tt adatokhoz val\u00f3 hozz\u00e1f\u00e9r\u00e9s harmadik szem\u00e9lyek sz\u00e1m\u00e1ra nem \u00e1ll rendelkez\u00e9sre.<\/td>\n<\/tr>\n<tr>\n<td width=\"85\">_gat<\/td>\n<td width=\"78\">A munkamenet v\u00e9g\u00e9ig<\/td>\n<td width=\"85\"><a href=\"http:\/\/www.google.com\/about\/company\/\">Google Inc.<\/a><\/td>\n<td width=\"234\">Google Analytics s\u00fctijei, a honlapunk l\u00e1togatotts\u00e1g\u00e1nak elemz\u00e9s\u00e9hez. N\u00e9vtelen\u00fcl k\u00f6vetik \u00d6nt, \u00e9s nem ismerik fel a szem\u00e9lyes adatait, csak a honlapunkon val\u00f3 aktivit\u00e1s\u00e1t regisztr\u00e1lj\u00e1k. A s\u00fctiken kereszt\u00fcl gy\u0171jt\u00f6tt adatokhoz val\u00f3 hozz\u00e1f\u00e9r\u00e9s harmadik szem\u00e9lyek sz\u00e1m\u00e1ra nem \u00e1ll rendelkez\u00e9sre.<\/td>\n<\/tr>\n<tr>\n<td width=\"85\">_gid<\/td>\n<td width=\"78\">A munkamenet v\u00e9g\u00e9ig<\/td>\n<td width=\"85\"><a href=\"http:\/\/www.google.com\/about\/company\/\">Google Inc.<\/a><\/td>\n<td width=\"234\">Google Analytics s\u00fctijei, a honlapunk l\u00e1togatotts\u00e1g\u00e1nak elemz\u00e9s\u00e9hez. N\u00e9vtelen\u00fcl k\u00f6vetik \u00d6nt, \u00e9s nem ismerik fel a szem\u00e9lyes adatait, csak a honlapunkon val\u00f3 aktivit\u00e1s\u00e1t regisztr\u00e1lj\u00e1k. A s\u00fctiken kereszt\u00fcl gy\u0171jt\u00f6tt adatokhoz val\u00f3 hozz\u00e1f\u00e9r\u00e9s harmadik szem\u00e9lyek sz\u00e1m\u00e1ra nem \u00e1ll rendelkez\u00e9sre.<\/td>\n<\/tr>\n<\/tbody>\n<\/table>\n","protected":false},"excerpt":{"rendered":"<p>\u00c9rtes\u00edt\u00e9s s\u00fctik haszn\u00e1lat\u00e1r\u00f3l Ez az \u00e9rtes\u00edt\u00e9s az Elektronikus h\u00edrk\u00f6zl\u00e9si t\u00f6rv\u00e9ny (ZEKom-1) szerint lett megadva, amely az \u00d6n sz\u00e1m\u00edt\u00f3g\u00e9p\u00e9n vagy mobileszk\u00f6z\u00e9n t\u00e1rolt adatok t\u00e1rol\u00e1s\u00e1val vagy az adatok el\u00e9r\u00e9s\u00e9vel kapcsolatban a s\u00fctik&#8230;<\/p>\n","protected":false},"author":12,"featured_media":0,"parent":0,"menu_order":0,"comment_status":"closed","ping_status":"closed","template":"","meta":{"_acf_changed":false,"footnotes":""},"class_list":["post-2693","page","type-page","status-publish"],"acf":[],"_links":{"self":[{"href":"https:\/\/skupajzazdravje.si\/hu\/wp-json\/wp\/v2\/pages\/2693","targetHints":{"allow":["GET"]}}],"collection":[{"href":"https:\/\/skupajzazdravje.si\/hu\/wp-json\/wp\/v2\/pages"}],"about":[{"href":"https:\/\/skupajzazdravje.si\/hu\/wp-json\/wp\/v2\/types\/page"}],"author":[{"embeddable":true,"href":"https:\/\/skupajzazdravje.si\/hu\/wp-json\/wp\/v2\/users\/12"}],"replies":[{"embeddable":true,"href":"https:\/\/skupajzazdravje.si\/hu\/wp-json\/wp\/v2\/comments?post=2693"}],"version-history":[{"count":1,"href":"https:\/\/skupajzazdravje.si\/hu\/wp-json\/wp\/v2\/pages\/2693\/revisions"}],"predecessor-version":[{"id":3050,"href":"https:\/\/skupajzazdravje.si\/hu\/wp-json\/wp\/v2\/pages\/2693\/revisions\/3050"}],"wp:attachment":[{"href":"https:\/\/skupajzazdravje.si\/hu\/wp-json\/wp\/v2\/media?parent=2693"}],"curies":[{"name":"wp","href":"https:\/\/api.w.org\/{rel}","templated":true}]}}