{"id":2686,"date":"2021-01-15T09:18:03","date_gmt":"2021-01-15T09:18:03","guid":{"rendered":"https:\/\/www.skupajzazdravje.si\/kaj-je-preventivni-pregled\/"},"modified":"2021-02-19T10:17:59","modified_gmt":"2021-02-19T10:17:59","slug":"mi-az-a-megelozo-vizsgalat","status":"publish","type":"page","link":"https:\/\/skupajzazdravje.si\/hu\/megelozo-vizsgalat\/mi-az-a-megelozo-vizsgalat\/","title":{"rendered":"Mi az a megel\u0151z\u0151 vizsg\u00e1lat?"},"content":{"rendered":"[vc_row type=&#8221;full_width_background&#8221; full_screen_row_position=&#8221;middle&#8221; column_margin=&#8221;default&#8221; bg_color=&#8221;#ffffff&#8221; scene_position=&#8221;center&#8221; text_color=&#8221;light&#8221; text_align=&#8221;left&#8221; id=&#8221;home&#8221; color_overlay=&#8221;#7fbf37&#8243; overlay_strength=&#8221;1&#8243; enable_shape_divider=&#8221;true&#8221; shape_divider_color=&#8221;#ffffff&#8221; shape_divider_position=&#8221;both&#8221; shape_divider_height=&#8221;20%&#8221; bg_image_animation=&#8221;none&#8221; parallax_bg=&#8221;true&#8221; parallax_bg_speed=&#8221;fast&#8221; shape_type=&#8221;straight_section&#8221;][vc_column column_padding=&#8221;no-extra-padding&#8221; column_padding_position=&#8221;all&#8221; background_color_opacity=&#8221;1&#8243; background_hover_color_opacity=&#8221;1&#8243; background_image=&#8221;69&#8243; enable_bg_scale=&#8221;true&#8221; column_link_target=&#8221;_self&#8221; column_shadow=&#8221;none&#8221; column_border_radius=&#8221;5px&#8221; width=&#8221;1\/1&#8243; tablet_width_inherit=&#8221;default&#8221; tablet_text_alignment=&#8221;default&#8221; phone_text_alignment=&#8221;default&#8221; enable_gradient=&#8221;true&#8221; color_overlay_2=&#8221;#000000&#8243; gradient_direction=&#8221;top_to_bottom&#8221; overlay_strength=&#8221;0.5&#8243; column_border_width=&#8221;none&#8221; bg_image_animation=&#8221;zoom-out-reveal&#8221;][vc_row_inner content_placement=&#8221;bottom&#8221; column_margin=&#8221;none&#8221; top_padding=&#8221;15%&#8221; bottom_padding=&#8221;15%&#8221; text_align=&#8221;left&#8221;][vc_column_inner column_padding=&#8221;no-extra-padding&#8221; column_padding_position=&#8221;all&#8221; centered_text=&#8221;true&#8221; background_color_opacity=&#8221;1&#8243; background_hover_color_opacity=&#8221;1&#8243; column_shadow=&#8221;none&#8221; column_border_radius=&#8221;none&#8221; column_link_target=&#8221;_self&#8221; width=&#8221;1\/1&#8243; tablet_width_inherit=&#8221;default&#8221; overlay_strength=&#8221;0.3&#8243; column_border_width=&#8221;none&#8221; column_border_style=&#8221;solid&#8221; bg_image_animation=&#8221;none&#8221;][split_line_heading animation_type=&#8221;line-reveal-by-space&#8221; font_style=&#8221;h1&#8243; text_content=&#8221;Mi az a megel\u0151z\u0151 vizsg\u00e1lat?&#8221;][\/split_line_heading][\/vc_column_inner][\/vc_row_inner][\/vc_column][\/vc_row][vc_row type=&#8221;full_width_background&#8221; full_screen_row_position=&#8221;middle&#8221; equal_height=&#8221;yes&#8221; content_placement=&#8221;middle&#8221; column_margin=&#8221;default&#8221; scene_position=&#8221;center&#8221; text_color=&#8221;dark&#8221; text_align=&#8221;left&#8221; top_padding=&#8221;3%&#8221; bottom_padding=&#8221;2%&#8221; overlay_strength=&#8221;1&#8243; shape_divider_color=&#8221;#f4f4f4&#8243; shape_divider_position=&#8221;bottom&#8221; shape_divider_height=&#8221;40%&#8221; bg_image_animation=&#8221;none&#8221; shape_type=&#8221;curve_opacity&#8221;][vc_column column_padding=&#8221;no-extra-padding&#8221; column_padding_position=&#8221;right&#8221; background_color_opacity=&#8221;1&#8243; background_hover_color_opacity=&#8221;1&#8243; column_link_target=&#8221;_self&#8221; column_shadow=&#8221;none&#8221; column_border_radius=&#8221;none&#8221; width=&#8221;1\/6&#8243; tablet_width_inherit=&#8221;default&#8221; tablet_text_alignment=&#8221;default&#8221; phone_text_alignment=&#8221;default&#8221; overlay_strength=&#8221;0.3&#8243; column_border_width=&#8221;none&#8221; column_border_style=&#8221;solid&#8221; bg_image_animation=&#8221;none&#8221;][\/vc_column][vc_column column_padding=&#8221;no-extra-padding&#8221; column_padding_position=&#8221;all&#8221; background_color_opacity=&#8221;1&#8243; background_hover_color_opacity=&#8221;1&#8243; column_link_target=&#8221;_self&#8221; column_shadow=&#8221;none&#8221; column_border_radius=&#8221;none&#8221; width=&#8221;2\/3&#8243; tablet_width_inherit=&#8221;default&#8221; tablet_text_alignment=&#8221;default&#8221; phone_text_alignment=&#8221;default&#8221; overlay_strength=&#8221;0.3&#8243; column_border_width=&#8221;none&#8221; column_border_style=&#8221;solid&#8221; bg_image_animation=&#8221;none&#8221;][vc_row_inner column_margin=&#8221;default&#8221; bottom_padding=&#8221;2%&#8221; text_align=&#8221;left&#8221;][vc_column_inner column_padding=&#8221;no-extra-padding&#8221; column_padding_position=&#8221;all&#8221; background_color_opacity=&#8221;1&#8243; background_hover_color_opacity=&#8221;1&#8243; column_shadow=&#8221;none&#8221; column_border_radius=&#8221;none&#8221; column_link_target=&#8221;_self&#8221; width=&#8221;1\/1&#8243; tablet_width_inherit=&#8221;default&#8221; overlay_strength=&#8221;0.3&#8243; column_border_width=&#8221;none&#8221; column_border_style=&#8221;solid&#8221; bg_image_animation=&#8221;none&#8221;][vc_widget_sidebar sidebar_id=&#8221;page-sidebar&#8221;][vc_column_text]\n<h3><strong>A megel\u0151z\u0151 vizsg\u00e1latra a csal\u00e1dgy\u00f3gy\u00e1szati rendel\u0151ben ker\u00fcl sor, abb\u00f3l a c\u00e9lb\u00f3l, hogy a kr\u00f3nikus betegs\u00e9gek fejl\u0151d\u00e9s\u00e9nek kock\u00e1zat\u00e1t felm\u00e9rje (m\u00e9g miel\u0151tt megjelenn\u00e9nek a betegs\u00e9g konkr\u00e9t jelei, szimpt\u00f3m\u00e1i), valamint hogy id\u0151ben f\u00e9ny der\u00fclj\u00f6n a m\u00e1r megl\u00e9v\u0151 kr\u00f3nikus betegs\u00e9gekre.\u00a0<\/strong><\/h3>\n[\/vc_column_text][\/vc_column_inner][\/vc_row_inner][vc_row_inner column_margin=&#8221;default&#8221; bottom_padding=&#8221;0%&#8221; text_align=&#8221;left&#8221;][vc_column_inner column_padding=&#8221;no-extra-padding&#8221; column_padding_position=&#8221;all&#8221; background_color_opacity=&#8221;1&#8243; background_hover_color_opacity=&#8221;1&#8243; column_shadow=&#8221;none&#8221; column_border_radius=&#8221;none&#8221; column_link_target=&#8221;_self&#8221; width=&#8221;1\/1&#8243; tablet_width_inherit=&#8221;default&#8221; overlay_strength=&#8221;0.3&#8243; column_border_width=&#8221;none&#8221; column_border_style=&#8221;solid&#8221; bg_image_animation=&#8221;none&#8221;][vc_column_text]A vizsg\u00e1lat c\u00e9lja a korai diagn\u00f3zis, vagyis a k\u00f6vetkez\u0151 kr\u00f3nikus betegs\u00e9gek megel\u0151z\u00e9se: kardio-\u00e9rrendszeri betegs\u00e9gek, 2-es t\u00edpus\u00fa diabetes mellitus, elh\u00edz\u00e1s, magas v\u00e9rnyom\u00e1s, asztma, kr\u00f3nikus obstrukt\u00edv t\u00fcd\u0151betegs\u00e9g, \u00f6r\u00f6kletes r\u00e1k, depresszi\u00f3, csontritkul\u00e1s.<\/p>\n<p>A megel\u0151z\u0151 vizsg\u00e1lat elv\u00e9gz\u00e9se ut\u00e1n megtudhatja, hogy fenn\u00e1ll-e a vesz\u00e9lye annak, hogy kr\u00f3nikus betegs\u00e9gek tudjanak kifejl\u0151dni \u00d6nn\u00e9l, illetve, ha m\u00e1r esetleg vannak kifejl\u0151d\u00f6tt kr\u00f3nikus betegs\u00e9gei. R\u00e9szes\u00fclni fog:[\/vc_column_text]<div class=\"nectar-fancy-ul\" data-list-icon=\"icon-arrow-right\" data-animation=\"false\" data-animation-delay=\"0\" data-color=\"accent-color\" data-spacing=\"default\" data-alignment=\"left\"> \n<ul>\n<li>az eg\u00e9szs\u00e9ges \u00e9letm\u00f3dra \u00e9s ment\u00e1lis eg\u00e9szs\u00e9g er\u0151s\u00edt\u00e9s\u00e9re vonatkoz\u00f3 r\u00f6vid tan\u00e1csad\u00e1sban,<\/li>\n<li>ig\u00e9ny szerint gy\u00f3gyszeres kezel\u00e9sben, \u00e9s<\/li>\n<li>eg\u00e9szs\u00e9gfejleszt\u00e9sben, az eg\u00e9szs\u00e9gfejleszt\u00e9si, valamint az eg\u00e9szs\u00e9gnevel\u00e9si k\u00f6zpontba, mindezt abban az esetben, amennyiben erre ig\u00e9nyt tart, illetve ha \u00d6nn\u00e9l fenn\u00e1ll kr\u00f3nikus betegs\u00e9g vagy kr\u00f3nikus betegs\u00e9gek kialakul\u00e1s\u00e1nak vesz\u00e9lye.<\/li>\n<\/ul>\n <\/div>[vc_column_text]Amennyiben a kr\u00f3nikus betegs\u00e9get id\u0151ben felismerik, az megakad\u00e1lyozhatja vagy k\u00e9sleltetheti a betegs\u00e9g kialakul\u00e1s\u00e1t. A fejl\u0151d\u00e9s korai szakasz\u00e1ban \u00e9szlelt betegs\u00e9g gyakran kev\u00e9sb\u00e9 radik\u00e1lis kezel\u00e9st ig\u00e9nyel. Ily m\u00f3don megakad\u00e1lyozhatja a kr\u00f3nikus betegs\u00e9gek sz\u00e1mos negat\u00edv k\u00f6vetkezm\u00e9ny\u00e9t, befoly\u00e1solhatja \u00e9let\u00e9nek min\u0151s\u00e9g\u00e9t.[\/vc_column_text][\/vc_column_inner][\/vc_row_inner][\/vc_column][vc_column column_padding=&#8221;no-extra-padding&#8221; column_padding_position=&#8221;all&#8221; background_color_opacity=&#8221;1&#8243; background_hover_color_opacity=&#8221;1&#8243; column_link_target=&#8221;_self&#8221; column_shadow=&#8221;none&#8221; column_border_radius=&#8221;none&#8221; width=&#8221;1\/6&#8243; tablet_width_inherit=&#8221;default&#8221; tablet_text_alignment=&#8221;default&#8221; phone_text_alignment=&#8221;default&#8221; overlay_strength=&#8221;0.3&#8243; column_border_width=&#8221;none&#8221; column_border_style=&#8221;solid&#8221; bg_image_animation=&#8221;none&#8221;][\/vc_column][\/vc_row][vc_row type=&#8221;in_container&#8221; full_screen_row_position=&#8221;middle&#8221; column_margin=&#8221;default&#8221; scene_position=&#8221;center&#8221; text_color=&#8221;dark&#8221; text_align=&#8221;left&#8221; bottom_padding=&#8221;2%&#8221; id=&#8221;kako-poteka-pregled&#8221; overlay_strength=&#8221;0.3&#8243; shape_divider_position=&#8221;bottom&#8221; bg_image_animation=&#8221;none&#8221; shape_type=&#8221;&#8221;][vc_column column_padding=&#8221;no-extra-padding&#8221; column_padding_position=&#8221;all&#8221; background_color_opacity=&#8221;1&#8243; background_hover_color_opacity=&#8221;1&#8243; column_link_target=&#8221;_self&#8221; column_shadow=&#8221;none&#8221; column_border_radius=&#8221;none&#8221; width=&#8221;1\/6&#8243; tablet_width_inherit=&#8221;default&#8221; tablet_text_alignment=&#8221;default&#8221; phone_text_alignment=&#8221;default&#8221; overlay_strength=&#8221;0.3&#8243; column_border_width=&#8221;none&#8221; column_border_style=&#8221;solid&#8221; bg_image_animation=&#8221;none&#8221;][\/vc_column][vc_column column_padding=&#8221;no-extra-padding&#8221; column_padding_position=&#8221;all&#8221; background_color_opacity=&#8221;1&#8243; background_hover_color_opacity=&#8221;1&#8243; column_link_target=&#8221;_self&#8221; column_shadow=&#8221;none&#8221; column_border_radius=&#8221;none&#8221; width=&#8221;2\/3&#8243; tablet_width_inherit=&#8221;default&#8221; tablet_text_alignment=&#8221;default&#8221; phone_text_alignment=&#8221;default&#8221; overlay_strength=&#8221;0.3&#8243; column_border_width=&#8221;none&#8221; column_border_style=&#8221;solid&#8221; bg_image_animation=&#8221;none&#8221;][toggles style=&#8221;minimal&#8221; accordion=&#8221;true&#8221;][toggle color=&#8221;Default&#8221; title=&#8221;Hogyan folyik a megel\u0151z\u0151 vizsg\u00e1lat?&#8221;][vc_column_text]A megel\u0151z\u0151 vizsg\u00e1latot okleveles n\u0151v\u00e9r v\u00e9gzi a v\u00e1lasztott szem\u00e9lyi orvos rendel\u0151j\u00e9ben. A megel\u0151z\u0151 vizsg\u00e1lat keret\u00e9n bel\u00fcl el fogjuk v\u00e9gezni a k\u00f6vetkez\u0151ket:<strong>\u00a0<\/strong> <strong>Laborat\u00f3riumi vizsg\u00e1latok <\/strong>A v\u00e9rv\u00e9tel ut\u00e1n v\u00e9gzett laborat\u00f3riumi m\u00e9r\u00e9sek a k\u00f6vetkez\u0151 \u00e9rt\u00e9keket mutatj\u00e1k:<\/p>\n<ul>\n<li> a v\u00e9rcukor szintje v\u00e9n\u00e1s v\u00e9rb\u0151l, \u00e9hgyomorra,<\/li>\n<li>lipidogramban (\u00f6sszkoleszterin, LDL-koleszterin, HDL-koleszterin, trigliceridek).<\/li>\n<\/ul>\n<p>Sz\u00fcks\u00e9g eset\u00e9n or\u00e1lis gl\u00fck\u00f3ztolerancia-tesztet (OGTT) is v\u00e9geznek, amivel kimutathat\u00f3 az esetleges v\u00e9rcukorszint rendellenes metabolizmusa. Az egy\u00e9b laborat\u00f3riumi vizsg\u00e1latok meghat\u00e1roz\u00e1sa a v\u00e1lasztott szem\u00e9lyi orvos hat\u00e1sk\u00f6r\u00e9be tartozik. <strong>Besz\u00e9lget\u00e9s az \u00d6n \u00e9letvitel\u00e9r\u0151l <\/strong>A kit\u00f6lt\u00f6tt k\u00e9rd\u0151\u00edvek alapj\u00e1n besz\u00e9lget\u00e9st folytat egy \u00e1pol\u00f3n\u0151vel az \u00e9letvitel\u00e9r\u0151l, vagyis olyan \u00e9letm\u00f3dbeli t\u00e9nyez\u0151kr\u0151l, amelyek az eg\u00e9szs\u00e9g\u00e9vel kapcsolatosak:<\/p>\n<ul>\n<li>\u00e9tkez\u00e9si szok\u00e1sok,<\/li>\n<li>testmozg\u00e1s,<\/li>\n<li>doh\u00e1nyz\u00e1s,<\/li>\n<li>alkoholfogyaszt\u00e1s,<\/li>\n<li>stresszkezel\u00e9s,<\/li>\n<li>depresszi\u00f3 t\u00fcneteinek felismer\u00e9se,<\/li>\n<li>r\u00e1k figyelmeztet\u0151 jeleinek felismer\u00e9se,<\/li>\n<li>sz\u0171r\u0151programokba val\u00f3 bevon\u00e1s a korai r\u00e1k kimutat\u00e1s\u00e1ra.<\/li>\n<\/ul>\n<p><strong>A v\u00e9rnyom\u00e1s, a magass\u00e1g, a s\u00faly \u00e9s a der\u00e9k m\u00e9r\u00e9s\u00e9t minden egyes megel\u0151z\u0151 ellen\u0151rz\u00e9sn\u00e9l el kell v\u00e9gezni. <\/strong> Ha azonban \u00d6nn\u00e9l meg\u00e1llap\u00edtj\u00e1k, hogy kr\u00f3nikus betegs\u00e9g vesz\u00e9lye \u00e1ll fenn, akkor a m\u00e9r\u00e9seket a j\u00f6v\u0151ben gyakrabban lehet elv\u00e9gezni. <strong>Tov\u00e1bbi m\u00e9r\u00e9sek\/vizsg\u00e1latok <\/strong>Amennyiben a megel\u0151z\u0151 vizsg\u00e1lat eredm\u00e9nyei azt mutatj\u00e1k, hogy tov\u00e1bbi m\u00e9r\u00e9sekre van sz\u00fcks\u00e9ge, akkor ezeket is elv\u00e9gezhetik:<\/p>\n<ul>\n<li>elektrokardiogram (EKG),<\/li>\n<li>spirometria,<\/li>\n<li>24-\u00f3r\u00e1s v\u00e9rnyom\u00e1sm\u00e9r\u00e9s \u00e9s a<\/li>\n<li>boka\/kar index m\u00e9r\u00e9se.<\/li>\n<\/ul>\n[\/vc_column_text][\/toggle][toggle color=&#8221;Default&#8221; title=&#8221;Mi k\u00f6vetkezik a megel\u0151z\u0151 vizsg\u00e1lat ut\u00e1n?&#8221;][vc_column_text]\n<p style=\"text-align: left;\">A vizsg\u00e1lat eredm\u00e9ny\u00e9t\u0151l f\u00fcgg\u0151en tan\u00e1csot kap az eg\u00e9szs\u00e9ges \u00e9letm\u00f3d kialak\u00edt\u00e1s\u00e1r\u00f3l, valamint a ment\u00e1lis eg\u00e9szs\u00e9g er\u0151s\u00edt\u00e9s\u00e9r\u0151l.<\/p>\n<p>A megel\u0151z\u0151 vizsg\u00e1lat elv\u00e9gz\u00e9se ut\u00e1n a k\u00f6vetkez\u0151 esetekben folytatja a vizsg\u00e1latot a kiv\u00e1lasztott szem\u00e9lyi orvosn\u00e1l:<\/p>\n<ul style=\"text-align: left;\">\n<li>amennyiben a megel\u0151z\u0151 vizsg\u00e1lat eredm\u00e9nyei azt mutatj\u00e1k, hogy nagy a kock\u00e1zata a kr\u00f3nikus betegs\u00e9gek kialakul\u00e1s\u00e1nak, illetve ha m\u00e1r van kialakult kr\u00f3nikus betegs\u00e9ge,<\/li>\n<li>valamint, ha \u00d6n ezt k\u00edv\u00e1nja, f\u00fcggetlen\u00fcl a vizsg\u00e1lat eredm\u00e9ny\u00e9t\u0151l.<\/li>\n<\/ul>\n<p style=\"text-align: left;\">A megel\u0151z\u0151 vizsg\u00e1lat v\u00e9g\u00e9n a n\u0151v\u00e9r vagy a szem\u00e9lyi orvos az eredm\u00e9nyekt\u0151l, illetve az \u00d6n k\u00edv\u00e1ns\u00e1gait\u00f3l \u00e9s \u00e9rdekeit\u0151l f\u00fcgg\u0151en <a href=\"https:\/\/www.skupajzazdravje.si\/aktivnosti-za-krepitev-zdravja\/\"> eg\u00e9szs\u00e9gfejleszt\u00e9si tev\u00e9kenys\u00e9gek aktivit\u00e1sra <\/a> ir\u00e1ny\u00edtja \u00d6nt az eg\u00e9szs\u00e9gfejleszt\u00e9si\/eg\u00e9szs\u00e9gnevel\u00e9si k\u00f6zpontba.<\/p>\n[\/vc_column_text][\/toggle][toggle color=&#8221;Default&#8221; title=&#8221;Mi van abban az esetben, ha nemr\u00e9g a munkahelyem keret\u00e9ben r\u00e9szt vettem megel\u0151z\u0151 vizsg\u00e1laton?&#8221;][vc_column_text]\n<p style=\"text-align: left;\">A csal\u00e1dorvosi rendel\u0151ben v\u00e9gzett megel\u0151z\u0151 vizsg\u00e1lat, valamint a munkahelyi, k\u00f6zleked\u00e9si \u00e9s sportorvosi klinik\u00e1n v\u00e9gzett orvosi vizsg\u00e1lat c\u00e9lja az eg\u00e9szs\u00e9g v\u00e9delme. Mindk\u00e9t ellen\u0151rz\u00e9s sor\u00e1n a vizsg\u00e1latok k\u00f6re is \u00f6sszef\u00fcgg. A f\u0151 k\u00fcl\u00f6nbs\u00e9g a kett\u0151 k\u00f6z\u00f6tt az, hogy:<\/p>\n<ul style=\"text-align: left;\">\n<li><em>a foglalkoz\u00e1si, a k\u00f6zleked\u00e9si \u00e9s a sportorvosi vizsg\u00e1lat<\/em>a megterhel\u00e9sek okozta rendelleness\u00e9gekre, illetve a munkav\u00e9delmi kock\u00e1zatokra koncentr\u00e1l, mik\u00f6zben<\/li>\n<li><em>a csal\u00e1dgy\u00f3gy\u00e1szati vizsg\u00e1lat<\/em> arra hivatott, hogy megakad\u00e1lyozza a leggyakoribb kr\u00f3nikus betegs\u00e9geket, illetve id\u0151ben \u00e9szlelje az esetlegesen m\u00e1r fenn\u00e1ll\u00f3 kr\u00f3nikus betegs\u00e9geket, \u00e9s ez\u00e1ltal megfelel\u0151en reag\u00e1ljon r\u00e1juk.<\/li>\n<\/ul>\n<p style=\"text-align: left;\"><strong>Mi\u00e9rt sz\u00fcks\u00e9ges a munkav\u00e9gz\u00e9s el\u0151tti orvosi vizsg\u00e1lat?<\/strong><\/p>\n<p style=\"text-align: left;\">A megel\u0151z\u0151 orvosi vizsg\u00e1lat a munkav\u00e1llal\u00f3 \u00e9let\u00e9nek, eg\u00e9szs\u00e9g\u00e9nek \u00e9s munkak\u00e9pess\u00e9g\u00e9nek v\u00e9delme, a munkahelyi balesetek \u00e9s s\u00e9r\u00fcl\u00e9sek, foglalkoz\u00e1si megbeteged\u00e9sek, a munk\u00e1val kapcsolatos betegs\u00e9gek, valamint a rokkants\u00e1g megel\u0151z\u00e9se \u00e9rdek\u00e9ben v\u00e9gzik. A megel\u0151z\u0151 munkav\u00e1llal\u00f3i eg\u00e9szs\u00e9g\u00fcgyi vizsg\u00e1lat \u00e1ltal meg kell hat\u00e1rozniuk a munkav\u00e1llal\u00f3 eg\u00e9szs\u00e9g\u00e9t \u00e9s a munkahelyen v\u00e9gzett bizonyos munk\u00e1k elv\u00e9gz\u00e9s\u00e9re val\u00f3 k\u00e9pess\u00e9g\u00e9t.<\/p>\n<p style=\"text-align: left;\">Az orvos, aki a foglalkoz\u00e1si, forgalmi \u00e9s a sport gy\u00f3gy\u00e1szatra szakosodott, a munkahelyi eg\u00e9szs\u00e9get \u00e9s biztons\u00e1got \u00e9rint\u0151 kock\u00e1zatok alapj\u00e1n, valamint az ir\u00e1ny\u00edtott vizsg\u00e1latokat egy\u00fcttv\u00e9ve felbecs\u00fcli a munkav\u00e1llal\u00f3 eg\u00e9szs\u00e9g\u00fcgyi kock\u00e1zat\u00e1t, valamint az adott munka \u00e1ltal k\u00f6vetelt eg\u00e9szs\u00e9g\u00fcgyi k\u00f6vetelm\u00e9nyek kiel\u00e9g\u00edt\u00e9s\u00e9t.<\/p>\n<p style=\"text-align: left;\">Az elv\u00e9gzett foglalkoz\u00e1si, k\u00f6zleked\u00e9si, sportgy\u00f3gy\u00e1szati-orvosi megel\u0151z\u0151 vizsg\u00e1latot k\u00f6vet\u0151en t\u00e1j\u00e9koztat\u00e1st kapnak az elv\u00e9gzett megel\u0151z\u0151 vizsg\u00e1lat eredm\u00e9nyeir\u0151l, amelyet a kiv\u00e1lasztott szem\u00e9lyi orvosokhoz kell vinni. A kapott eredm\u00e9nyek f\u00e9ny\u00e9ben eld\u00f6ntheti, hogy:<\/p>\n<ul style=\"text-align: left;\">\n<li>ter\u00e1pi\u00e1s int\u00e9zked\u00e9sekre van sz\u00fcks\u00e9g,<\/li>\n<li>vagy tov\u00e1bbi diagnosztik\u00e1t fog v\u00e9gezni,<\/li>\n<li>vagy egy okleveles n\u0151v\u00e9rhez ir\u00e1ny\u00edtja, aki csapatban dolgozik,<\/li>\n<li>vagy olyan tev\u00e9kenys\u00e9gre ir\u00e1ny\u00edtja \u00d6nt az eg\u00e9szs\u00e9gfejleszt\u00e9si\/eg\u00e9szs\u00e9gnevel\u00e9si k\u00f6zpontba, amely az eg\u00e9szs\u00e9g er\u0151s\u00edt\u00e9s\u00e9vel, illetve az eg\u00e9szs\u00e9gtelen \u00e9letm\u00f3d megv\u00e1ltoztat\u00e1s\u00e1val \u00e9s a ment\u00e1lis eg\u00e9szs\u00e9g er\u0151s\u00edt\u00e9s\u00e9vel kapcsolatos.<\/li>\n<\/ul>\n<p style=\"text-align: left;\">\u00cdgy az inform\u00e1ci\u00f3\u00e1raml\u00e1s l\u00e9trej\u00f6tt, ami lehet\u0151v\u00e9 teszi a legmagasabb fok\u00fa min\u0151s\u00e9gi kezel\u00e9st.<\/p>\n[\/vc_column_text][\/toggle][\/toggles][\/vc_column][vc_column column_padding=&#8221;no-extra-padding&#8221; column_padding_position=&#8221;all&#8221; background_color_opacity=&#8221;1&#8243; background_hover_color_opacity=&#8221;1&#8243; column_link_target=&#8221;_self&#8221; column_shadow=&#8221;none&#8221; column_border_radius=&#8221;none&#8221; width=&#8221;1\/6&#8243; tablet_width_inherit=&#8221;default&#8221; tablet_text_alignment=&#8221;default&#8221; phone_text_alignment=&#8221;default&#8221; overlay_strength=&#8221;0.3&#8243; column_border_width=&#8221;none&#8221; column_border_style=&#8221;solid&#8221; bg_image_animation=&#8221;none&#8221;][\/vc_column][\/vc_row]\n","protected":false},"excerpt":{"rendered":"<p>[vc_row type=&#8221;full_width_background&#8221; full_screen_row_position=&#8221;middle&#8221; column_margin=&#8221;default&#8221; bg_color=&#8221;#ffffff&#8221; scene_position=&#8221;center&#8221; text_color=&#8221;light&#8221; text_align=&#8221;left&#8221; id=&#8221;home&#8221; color_overlay=&#8221;#7fbf37&#8243; overlay_strength=&#8221;1&#8243; enable_shape_divider=&#8221;true&#8221; shape_divider_color=&#8221;#ffffff&#8221; shape_divider_position=&#8221;both&#8221; shape_divider_height=&#8221;20%&#8221; bg_image_animation=&#8221;none&#8221; parallax_bg=&#8221;true&#8221; parallax_bg_speed=&#8221;fast&#8221; shape_type=&#8221;straight_section&#8221;][vc_column column_padding=&#8221;no-extra-padding&#8221; column_padding_position=&#8221;all&#8221; background_color_opacity=&#8221;1&#8243; background_hover_color_opacity=&#8221;1&#8243; background_image=&#8221;69&#8243; enable_bg_scale=&#8221;true&#8221; column_link_target=&#8221;_self&#8221; column_shadow=&#8221;none&#8221; column_border_radius=&#8221;5px&#8221; width=&#8221;1\/1&#8243; tablet_width_inherit=&#8221;default&#8221;&#8230;<\/p>\n","protected":false},"author":12,"featured_media":0,"parent":2762,"menu_order":0,"comment_status":"closed","ping_status":"closed","template":"","meta":{"_acf_changed":false,"footnotes":""},"class_list":["post-2686","page","type-page","status-publish"],"acf":[],"_links":{"self":[{"href":"https:\/\/skupajzazdravje.si\/hu\/wp-json\/wp\/v2\/pages\/2686","targetHints":{"allow":["GET"]}}],"collection":[{"href":"https:\/\/skupajzazdravje.si\/hu\/wp-json\/wp\/v2\/pages"}],"about":[{"href":"https:\/\/skupajzazdravje.si\/hu\/wp-json\/wp\/v2\/types\/page"}],"author":[{"embeddable":true,"href":"https:\/\/skupajzazdravje.si\/hu\/wp-json\/wp\/v2\/users\/12"}],"replies":[{"embeddable":true,"href":"https:\/\/skupajzazdravje.si\/hu\/wp-json\/wp\/v2\/comments?post=2686"}],"version-history":[{"count":3,"href":"https:\/\/skupajzazdravje.si\/hu\/wp-json\/wp\/v2\/pages\/2686\/revisions"}],"predecessor-version":[{"id":3204,"href":"https:\/\/skupajzazdravje.si\/hu\/wp-json\/wp\/v2\/pages\/2686\/revisions\/3204"}],"up":[{"embeddable":true,"href":"https:\/\/skupajzazdravje.si\/hu\/wp-json\/wp\/v2\/pages\/2762"}],"wp:attachment":[{"href":"https:\/\/skupajzazdravje.si\/hu\/wp-json\/wp\/v2\/media?parent=2686"}],"curies":[{"name":"wp","href":"https:\/\/api.w.org\/{rel}","templated":true}]}}