{"id":2684,"date":"2021-01-15T09:18:03","date_gmt":"2021-01-15T09:18:03","guid":{"rendered":"https:\/\/www.skupajzazdravje.si\/kdaj-in-kam-na-preventivni-pregled\/"},"modified":"2021-02-19T10:16:52","modified_gmt":"2021-02-19T10:16:52","slug":"mikor-es-hova-mehetek-megelozo-vizsgalatra","status":"publish","type":"page","link":"https:\/\/skupajzazdravje.si\/hu\/megelozo-vizsgalat\/mikor-es-hova-mehetek-megelozo-vizsgalatra\/","title":{"rendered":"Mikor \u00e9s hova mehetek megel\u0151z\u0151 vizsg\u00e1latra?"},"content":{"rendered":"[vc_row type=&#8221;full_width_background&#8221; full_screen_row_position=&#8221;middle&#8221; column_margin=&#8221;default&#8221; bg_color=&#8221;#ffffff&#8221; scene_position=&#8221;center&#8221; text_color=&#8221;light&#8221; text_align=&#8221;left&#8221; id=&#8221;home&#8221; color_overlay=&#8221;#7fbf37&#8243; overlay_strength=&#8221;1&#8243; enable_shape_divider=&#8221;true&#8221; shape_divider_color=&#8221;#ffffff&#8221; shape_divider_position=&#8221;both&#8221; shape_divider_height=&#8221;20%&#8221; bg_image_animation=&#8221;none&#8221; parallax_bg=&#8221;true&#8221; parallax_bg_speed=&#8221;fast&#8221; shape_type=&#8221;straight_section&#8221;][vc_column column_padding=&#8221;no-extra-padding&#8221; column_padding_position=&#8221;all&#8221; background_color_opacity=&#8221;1&#8243; background_hover_color_opacity=&#8221;1&#8243; background_image=&#8221;74&#8243; enable_bg_scale=&#8221;true&#8221; column_link_target=&#8221;_self&#8221; column_shadow=&#8221;none&#8221; column_border_radius=&#8221;5px&#8221; width=&#8221;1\/1&#8243; tablet_width_inherit=&#8221;default&#8221; tablet_text_alignment=&#8221;default&#8221; phone_text_alignment=&#8221;default&#8221; enable_gradient=&#8221;true&#8221; color_overlay_2=&#8221;#000000&#8243; gradient_direction=&#8221;top_to_bottom&#8221; overlay_strength=&#8221;0.5&#8243; column_border_width=&#8221;none&#8221; bg_image_animation=&#8221;zoom-out-reveal&#8221;][vc_row_inner content_placement=&#8221;bottom&#8221; column_margin=&#8221;none&#8221; top_padding=&#8221;15%&#8221; bottom_padding=&#8221;15%&#8221; text_align=&#8221;left&#8221;][vc_column_inner column_padding=&#8221;no-extra-padding&#8221; column_padding_position=&#8221;all&#8221; centered_text=&#8221;true&#8221; background_color_opacity=&#8221;1&#8243; background_hover_color_opacity=&#8221;1&#8243; column_shadow=&#8221;none&#8221; column_border_radius=&#8221;none&#8221; column_link_target=&#8221;_self&#8221; width=&#8221;1\/1&#8243; tablet_width_inherit=&#8221;default&#8221; overlay_strength=&#8221;0.3&#8243; column_border_width=&#8221;none&#8221; column_border_style=&#8221;solid&#8221; bg_image_animation=&#8221;none&#8221;][split_line_heading animation_type=&#8221;line-reveal-by-space&#8221; font_style=&#8221;h1&#8243; text_content=&#8221;Mikor \u00e9s hova mehetek megel\u0151z\u0151 vizsg\u00e1latra&#8221;][\/split_line_heading][\/vc_column_inner][\/vc_row_inner][\/vc_column][\/vc_row][vc_row type=&#8221;full_width_background&#8221; full_screen_row_position=&#8221;middle&#8221; equal_height=&#8221;yes&#8221; content_placement=&#8221;middle&#8221; column_margin=&#8221;default&#8221; scene_position=&#8221;center&#8221; text_color=&#8221;dark&#8221; text_align=&#8221;left&#8221; top_padding=&#8221;3%&#8221; bottom_padding=&#8221;3%&#8221; overlay_strength=&#8221;1&#8243; shape_divider_color=&#8221;#f4f4f4&#8243; shape_divider_position=&#8221;bottom&#8221; shape_divider_height=&#8221;40%&#8221; bg_image_animation=&#8221;none&#8221; shape_type=&#8221;curve_opacity&#8221;][vc_column column_padding=&#8221;no-extra-padding&#8221; column_padding_position=&#8221;right&#8221; background_color_opacity=&#8221;1&#8243; background_hover_color_opacity=&#8221;1&#8243; column_link_target=&#8221;_self&#8221; column_shadow=&#8221;none&#8221; column_border_radius=&#8221;none&#8221; width=&#8221;1\/6&#8243; tablet_width_inherit=&#8221;default&#8221; tablet_text_alignment=&#8221;default&#8221; phone_text_alignment=&#8221;default&#8221; overlay_strength=&#8221;0.3&#8243; column_border_width=&#8221;none&#8221; column_border_style=&#8221;solid&#8221; bg_image_animation=&#8221;none&#8221;][\/vc_column][vc_column column_padding=&#8221;no-extra-padding&#8221; column_padding_position=&#8221;all&#8221; background_color_opacity=&#8221;1&#8243; background_hover_color_opacity=&#8221;1&#8243; column_link_target=&#8221;_self&#8221; column_shadow=&#8221;none&#8221; column_border_radius=&#8221;none&#8221; width=&#8221;2\/3&#8243; tablet_width_inherit=&#8221;default&#8221; tablet_text_alignment=&#8221;default&#8221; phone_text_alignment=&#8221;default&#8221; overlay_strength=&#8221;0.3&#8243; column_border_width=&#8221;none&#8221; column_border_style=&#8221;solid&#8221; bg_image_animation=&#8221;none&#8221;][vc_row_inner column_margin=&#8221;default&#8221; bottom_padding=&#8221;2%&#8221; text_align=&#8221;left&#8221;][vc_column_inner column_padding=&#8221;no-extra-padding&#8221; column_padding_position=&#8221;all&#8221; background_color_opacity=&#8221;1&#8243; background_hover_color_opacity=&#8221;1&#8243; column_shadow=&#8221;none&#8221; column_border_radius=&#8221;none&#8221; column_link_target=&#8221;_self&#8221; width=&#8221;1\/1&#8243; tablet_width_inherit=&#8221;default&#8221; overlay_strength=&#8221;0.3&#8243; column_border_width=&#8221;none&#8221; column_border_style=&#8221;solid&#8221; bg_image_animation=&#8221;none&#8221;][vc_widget_sidebar sidebar_id=&#8221;page-sidebar&#8221;][vc_column_text]\n<h3>A megel\u0151z\u0151 vizsg\u00e1latra az \u00d6n \u00e1ltal v\u00e1lasztott szem\u00e9lyi orvos csal\u00e1dgy\u00f3gy\u00e1szati rendel\u0151j\u00e9ben ker\u00fcl sor. Okleveles n\u0151v\u00e9r v\u00e9gzi.<\/h3>\n[\/vc_column_text][\/vc_column_inner][\/vc_row_inner][vc_row_inner column_margin=&#8221;default&#8221; bottom_padding=&#8221;2%&#8221; text_align=&#8221;left&#8221;][vc_column_inner column_padding=&#8221;no-extra-padding&#8221; column_padding_position=&#8221;all&#8221; background_color_opacity=&#8221;1&#8243; background_hover_color_opacity=&#8221;1&#8243; column_shadow=&#8221;none&#8221; column_border_radius=&#8221;none&#8221; column_link_target=&#8221;_self&#8221; width=&#8221;1\/1&#8243; tablet_width_inherit=&#8221;default&#8221; overlay_strength=&#8221;0.3&#8243; column_border_width=&#8221;none&#8221; column_border_style=&#8221;solid&#8221; bg_image_animation=&#8221;none&#8221;][vc_column_text]Megel\u0151z\u0151 vizsg\u00e1latra t\u00f6bb m\u00f3don ker\u00fclhet sor. Az \u00d6n szem\u00e9lyi orvosa ir\u00e1ny\u00edthatja megel\u0151z\u0151 vizsg\u00e1latra, vagy a diplom\u00e1s n\u0151v\u00e9r \u00e9rtes\u00edt\u00e9st k\u00fcldhet postai \u00faton vagy telefonon, vagy saj\u00e1t maga is k\u00e9rheti.<\/p>\n<p>Abban az esetben, ha az <a href=\"\/preventivni-pregled\/kaj-je-preventivni-pregled\/#kako-poteka-pregled\">orvosi megel\u0151z\u00e9si vizsg\u00e1latot a munkahely\u00e9n m\u00e1r elv\u00e9gezte<\/a>, jogosult a megel\u0151z\u0151 vizsg\u00e1latra az \u00d6n \u00e1ltal v\u00e1lasztott szem\u00e9lyi orvos rendel\u0151j\u00e9ben, hiszen a k\u00e9t vizsg\u00e1lat elt\u00e9r egym\u00e1st\u00f3l.<\/p>\n<p><strong>Ki vehet r\u00e9szt a megel\u0151z\u0151 vizsg\u00e1latban?<\/strong><\/p>\n<p>A megel\u0151z\u0151 vizsg\u00e1latban minden 30. \u00e9let\u00e9v\u00e9t bet\u00f6lt\u0151 feln\u0151tt ember r\u00e9szt vehet. Ugyanakkor r\u00e9szt vehet a megel\u0151z\u0151 vizsg\u00e1latban minden 30 \u00e9ven aluli feln\u0151tt, amennyiben:<\/p>\n<ul>\n<li>cukorbeteg \u00e9s\/vagy<\/li>\n<li>a csal\u00e1dban valaki sz\u00edv- \u00e9s \u00e9rrendszeri betegs\u00e9gben szenved<\/li>\n<li>a csal\u00e1dban valakinek hiperkoleszterinszintje \/ diszlipidaemi\u00e1ja van (megn\u00f6vekedett zs\u00edr a v\u00e9rben).<\/li>\n<\/ul>\n<p><strong> Mikor vagyok jogosult a megel\u0151z\u0151 vizsg\u00e1latra? <\/strong><\/p>\n<p>A megel\u0151z\u0151 vizsg\u00e1latra \u00f6t\u00e9vente jogosult. Amennyiben a megel\u0151z\u0151 vizsg\u00e1lat azt mutatja, hogy \u00d6nn\u00e9l nagyobb a kr\u00f3nikus betegs\u00e9gek kialakul\u00e1s\u00e1nak kock\u00e1zata, akkor a megel\u0151z\u0151 vizsg\u00e1latot minden \u00e9vben el kell v\u00e9gezni.[\/vc_column_text][\/vc_column_inner][\/vc_row_inner][\/vc_column][vc_column column_padding=&#8221;no-extra-padding&#8221; column_padding_position=&#8221;all&#8221; background_color_opacity=&#8221;1&#8243; background_hover_color_opacity=&#8221;1&#8243; column_link_target=&#8221;_self&#8221; column_shadow=&#8221;none&#8221; column_border_radius=&#8221;none&#8221; width=&#8221;1\/6&#8243; tablet_width_inherit=&#8221;default&#8221; tablet_text_alignment=&#8221;default&#8221; phone_text_alignment=&#8221;default&#8221; overlay_strength=&#8221;0.3&#8243; column_border_width=&#8221;none&#8221; column_border_style=&#8221;solid&#8221; bg_image_animation=&#8221;none&#8221;][\/vc_column][\/vc_row]\n","protected":false},"excerpt":{"rendered":"<p>[vc_row type=&#8221;full_width_background&#8221; full_screen_row_position=&#8221;middle&#8221; column_margin=&#8221;default&#8221; bg_color=&#8221;#ffffff&#8221; scene_position=&#8221;center&#8221; text_color=&#8221;light&#8221; text_align=&#8221;left&#8221; id=&#8221;home&#8221; color_overlay=&#8221;#7fbf37&#8243; overlay_strength=&#8221;1&#8243; enable_shape_divider=&#8221;true&#8221; shape_divider_color=&#8221;#ffffff&#8221; shape_divider_position=&#8221;both&#8221; shape_divider_height=&#8221;20%&#8221; bg_image_animation=&#8221;none&#8221; parallax_bg=&#8221;true&#8221; parallax_bg_speed=&#8221;fast&#8221; shape_type=&#8221;straight_section&#8221;][vc_column column_padding=&#8221;no-extra-padding&#8221; column_padding_position=&#8221;all&#8221; background_color_opacity=&#8221;1&#8243; background_hover_color_opacity=&#8221;1&#8243; background_image=&#8221;74&#8243; enable_bg_scale=&#8221;true&#8221; column_link_target=&#8221;_self&#8221; column_shadow=&#8221;none&#8221; column_border_radius=&#8221;5px&#8221; width=&#8221;1\/1&#8243; tablet_width_inherit=&#8221;default&#8221;&#8230;<\/p>\n","protected":false},"author":12,"featured_media":0,"parent":2762,"menu_order":2,"comment_status":"closed","ping_status":"closed","template":"","meta":{"_acf_changed":false,"footnotes":""},"class_list":["post-2684","page","type-page","status-publish"],"acf":[],"_links":{"self":[{"href":"https:\/\/skupajzazdravje.si\/hu\/wp-json\/wp\/v2\/pages\/2684","targetHints":{"allow":["GET"]}}],"collection":[{"href":"https:\/\/skupajzazdravje.si\/hu\/wp-json\/wp\/v2\/pages"}],"about":[{"href":"https:\/\/skupajzazdravje.si\/hu\/wp-json\/wp\/v2\/types\/page"}],"author":[{"embeddable":true,"href":"https:\/\/skupajzazdravje.si\/hu\/wp-json\/wp\/v2\/users\/12"}],"replies":[{"embeddable":true,"href":"https:\/\/skupajzazdravje.si\/hu\/wp-json\/wp\/v2\/comments?post=2684"}],"version-history":[{"count":3,"href":"https:\/\/skupajzazdravje.si\/hu\/wp-json\/wp\/v2\/pages\/2684\/revisions"}],"predecessor-version":[{"id":3203,"href":"https:\/\/skupajzazdravje.si\/hu\/wp-json\/wp\/v2\/pages\/2684\/revisions\/3203"}],"up":[{"embeddable":true,"href":"https:\/\/skupajzazdravje.si\/hu\/wp-json\/wp\/v2\/pages\/2762"}],"wp:attachment":[{"href":"https:\/\/skupajzazdravje.si\/hu\/wp-json\/wp\/v2\/media?parent=2684"}],"curies":[{"name":"wp","href":"https:\/\/api.w.org\/{rel}","templated":true}]}}