{"id":2683,"date":"2021-01-15T09:18:03","date_gmt":"2021-01-15T09:18:03","guid":{"rendered":"https:\/\/www.skupajzazdravje.si\/kaj-so-kronicne-bolezni\/"},"modified":"2021-02-19T10:05:48","modified_gmt":"2021-02-19T10:05:48","slug":"mik-azok-a-kronikus-betegsegek","status":"publish","type":"page","link":"https:\/\/skupajzazdravje.si\/hu\/megelozo-vizsgalat\/mik-azok-a-kronikus-betegsegek\/","title":{"rendered":"Mik azok a kr\u00f3nikus betegs\u00e9gek?"},"content":{"rendered":"[vc_row type=&#8221;full_width_background&#8221; full_screen_row_position=&#8221;middle&#8221; column_margin=&#8221;default&#8221; bg_color=&#8221;#ffffff&#8221; scene_position=&#8221;center&#8221; text_color=&#8221;light&#8221; text_align=&#8221;left&#8221; id=&#8221;home&#8221; color_overlay=&#8221;#7fbf37&#8243; overlay_strength=&#8221;1&#8243; enable_shape_divider=&#8221;true&#8221; shape_divider_color=&#8221;#ffffff&#8221; shape_divider_position=&#8221;both&#8221; shape_divider_height=&#8221;20%&#8221; bg_image_animation=&#8221;none&#8221; parallax_bg=&#8221;true&#8221; parallax_bg_speed=&#8221;fast&#8221; shape_type=&#8221;straight_section&#8221;][vc_column column_padding=&#8221;no-extra-padding&#8221; column_padding_position=&#8221;all&#8221; background_color_opacity=&#8221;1&#8243; background_hover_color_opacity=&#8221;1&#8243; background_image=&#8221;71&#8243; enable_bg_scale=&#8221;true&#8221; column_link_target=&#8221;_self&#8221; column_shadow=&#8221;none&#8221; column_border_radius=&#8221;5px&#8221; width=&#8221;1\/1&#8243; tablet_width_inherit=&#8221;default&#8221; tablet_text_alignment=&#8221;default&#8221; phone_text_alignment=&#8221;default&#8221; enable_gradient=&#8221;true&#8221; color_overlay_2=&#8221;#000000&#8243; gradient_direction=&#8221;top_to_bottom&#8221; overlay_strength=&#8221;0.5&#8243; column_border_width=&#8221;none&#8221; bg_image_animation=&#8221;zoom-out-reveal&#8221;][vc_row_inner content_placement=&#8221;bottom&#8221; column_margin=&#8221;none&#8221; top_padding=&#8221;15%&#8221; bottom_padding=&#8221;15%&#8221; text_align=&#8221;left&#8221;][vc_column_inner column_padding=&#8221;no-extra-padding&#8221; column_padding_position=&#8221;all&#8221; centered_text=&#8221;true&#8221; background_color_opacity=&#8221;1&#8243; background_hover_color_opacity=&#8221;1&#8243; column_shadow=&#8221;none&#8221; column_border_radius=&#8221;none&#8221; column_link_target=&#8221;_self&#8221; width=&#8221;1\/1&#8243; tablet_width_inherit=&#8221;default&#8221; overlay_strength=&#8221;0.3&#8243; column_border_width=&#8221;none&#8221; column_border_style=&#8221;solid&#8221; bg_image_animation=&#8221;none&#8221;][split_line_heading animation_type=&#8221;line-reveal-by-space&#8221; font_style=&#8221;h1&#8243; text_content=&#8221;Mik azok a kr\u00f3nikus betegs\u00e9gek?&#8221;][\/split_line_heading][\/vc_column_inner][\/vc_row_inner][\/vc_column][\/vc_row][vc_row type=&#8221;full_width_background&#8221; full_screen_row_position=&#8221;middle&#8221; equal_height=&#8221;yes&#8221; content_placement=&#8221;middle&#8221; column_margin=&#8221;default&#8221; scene_position=&#8221;center&#8221; text_color=&#8221;dark&#8221; text_align=&#8221;left&#8221; top_padding=&#8221;3%&#8221; bottom_padding=&#8221;3%&#8221; overlay_strength=&#8221;1&#8243; shape_divider_color=&#8221;#f4f4f4&#8243; shape_divider_position=&#8221;bottom&#8221; shape_divider_height=&#8221;40%&#8221; bg_image_animation=&#8221;none&#8221; shape_type=&#8221;curve_opacity&#8221;][vc_column column_padding=&#8221;no-extra-padding&#8221; column_padding_position=&#8221;right&#8221; background_color_opacity=&#8221;1&#8243; background_hover_color_opacity=&#8221;1&#8243; column_link_target=&#8221;_self&#8221; column_shadow=&#8221;none&#8221; column_border_radius=&#8221;none&#8221; width=&#8221;1\/6&#8243; tablet_width_inherit=&#8221;default&#8221; tablet_text_alignment=&#8221;default&#8221; phone_text_alignment=&#8221;default&#8221; overlay_strength=&#8221;0.3&#8243; column_border_width=&#8221;none&#8221; column_border_style=&#8221;solid&#8221; bg_image_animation=&#8221;none&#8221;][\/vc_column][vc_column column_padding=&#8221;no-extra-padding&#8221; column_padding_position=&#8221;all&#8221; background_color_opacity=&#8221;1&#8243; background_hover_color_opacity=&#8221;1&#8243; column_link_target=&#8221;_self&#8221; column_shadow=&#8221;none&#8221; column_border_radius=&#8221;none&#8221; width=&#8221;2\/3&#8243; tablet_width_inherit=&#8221;default&#8221; tablet_text_alignment=&#8221;default&#8221; phone_text_alignment=&#8221;default&#8221; overlay_strength=&#8221;0.3&#8243; column_border_width=&#8221;none&#8221; column_border_style=&#8221;solid&#8221; bg_image_animation=&#8221;none&#8221;][vc_row_inner column_margin=&#8221;default&#8221; bottom_padding=&#8221;2%&#8221; text_align=&#8221;left&#8221;][vc_column_inner column_padding=&#8221;no-extra-padding&#8221; column_padding_position=&#8221;all&#8221; background_color_opacity=&#8221;1&#8243; background_hover_color_opacity=&#8221;1&#8243; column_shadow=&#8221;none&#8221; column_border_radius=&#8221;none&#8221; column_link_target=&#8221;_self&#8221; width=&#8221;1\/1&#8243; tablet_width_inherit=&#8221;default&#8221; overlay_strength=&#8221;0.3&#8243; column_border_width=&#8221;none&#8221; column_border_style=&#8221;solid&#8221; bg_image_animation=&#8221;none&#8221;][vc_widget_sidebar sidebar_id=&#8221;page-sidebar&#8221;][vc_column_text]\n<h3>A kr\u00f3nikus betegs\u00e9gek az olyan betegs\u00e9gek csoportja, ahov\u00e1 a k\u00f6vetkez\u0151ket soroljuk: sz\u00edv- \u00e9s \u00e9rrendszeri betegs\u00e9gek, r\u00e1k, diab\u00e9tesz, kr\u00f3nikus l\u00e9gz\u0151szervi betegs\u00e9gek, ment\u00e1lis rendelleness\u00e9gek \u00e9s v\u00e1zizomrendszeri rendelleness\u00e9gek. Ezek a betegs\u00e9gek cs\u00f6kkentik a betegek \u00e9letmin\u0151s\u00e9g\u00e9t, ugyanakkor a sz\u00edv-\u00e9s \u00e9rrendszeri betegs\u00e9gek, valamint a r\u00e1k a szlov\u00e9n lakoss\u00e1g elhal\u00e1loz\u00e1s\u00e1nak leggyakoribb ok\u00e1t k\u00e9pezik.<\/h3>\n[\/vc_column_text][\/vc_column_inner][\/vc_row_inner][vc_row_inner column_margin=&#8221;default&#8221; bottom_padding=&#8221;2%&#8221; text_align=&#8221;left&#8221;][vc_column_inner column_padding=&#8221;no-extra-padding&#8221; column_padding_position=&#8221;all&#8221; background_color_opacity=&#8221;1&#8243; background_hover_color_opacity=&#8221;1&#8243; column_shadow=&#8221;none&#8221; column_border_radius=&#8221;none&#8221; column_link_target=&#8221;_self&#8221; width=&#8221;1\/1&#8243; tablet_width_inherit=&#8221;default&#8221; overlay_strength=&#8221;0.3&#8243; column_border_width=&#8221;none&#8221; column_border_style=&#8221;solid&#8221; bg_image_animation=&#8221;none&#8221;][vc_column_text]Az ilyen betegs\u00e9gek kialakul\u00e1s\u00e1nak fokozott kock\u00e1zat\u00e1t &#8211; egy\u00e9nek eset\u00e9ben &#8211; az \u00fagynevezett kock\u00e1zati t\u00e9nyez\u0151k alapj\u00e1n \u00e1llap\u00edthatjuk meg. A legfontosabbak k\u00f6z\u00e9 soroljuk azokat, amelyek az egy\u00e9n eg\u00e9szs\u00e9gtelen \u00e9letm\u00f3dbeli szok\u00e1saihoz kapcsol\u00f3dnak: eg\u00e9szs\u00e9gtelen t\u00e1pl\u00e1lkoz\u00e1s, el\u00e9gtelen fizikai aktivit\u00e1s, doh\u00e1nyz\u00e1s, kock\u00e1zatos \u00e9s k\u00e1ros alkoholfogyaszt\u00e1s, valamint a hosszan tart\u00f3 stressz-kitetts\u00e9g. A kr\u00f3nikus betegs\u00e9gek kialakul\u00e1s\u00e1hoz ugyanakkor hozz\u00e1j\u00e1rulnak az emelkedett v\u00e9rnyom\u00e1s, v\u00e9rnyom\u00e1s \u00e9s v\u00e9rzs\u00edrszint (koleszterin, triglicerid), valamint a megn\u00f6vekedett v\u00e9rcukorszint.\u00a0 A t\u00fals\u00faly \u00e9s az elh\u00edz\u00e1s szint\u00e9n fontos kock\u00e1zati t\u00e9nyez\u0151k.<\/p>\n<p>A kr\u00f3nikus betegs\u00e9gek kialakul\u00e1s\u00e1nak megel\u0151z\u00e9se, illetve a kialakul\u00e1suk k\u00e9sleltet\u00e9se \u00e9rdek\u00e9ben, a fejl\u0151d\u00e9s\u00fckh\u00f6z sz\u00fcks\u00e9ges kock\u00e1zati t\u00e9nyez\u0151ket m\u00f3dszeresen fel kell t\u00e1rni \u00e9s azokat meg kell akad\u00e1lyozni.<\/p>\n<p>A kr\u00f3nikus betegs\u00e9gek id\u0151ben t\u00f6rt\u00e9n\u0151 felismer\u00e9se, \u00e9s az eg\u00e9szs\u00e9g er\u0151s\u00edt\u00e9se, meg\u0151rz\u00e9se vagy jav\u00edt\u00e1sa \u00e9rdek\u00e9ben a szlov\u00e9n eg\u00e9szs\u00e9g\u00fcgyi rendszerben rendelkez\u00e9s\u00e9re \u00e1ll <a href=\"https:\/\/www.skupajzazdravje.si\/o-programu\/\">egy megel\u0151z\u00e9si program: Egy\u00fctt az eg\u00e9szs\u00e9g\u00e9rt<\/a>.[\/vc_column_text][\/vc_column_inner][\/vc_row_inner][\/vc_column][vc_column column_padding=&#8221;no-extra-padding&#8221; column_padding_position=&#8221;all&#8221; background_color_opacity=&#8221;1&#8243; background_hover_color_opacity=&#8221;1&#8243; column_link_target=&#8221;_self&#8221; column_shadow=&#8221;none&#8221; column_border_radius=&#8221;none&#8221; width=&#8221;1\/6&#8243; tablet_width_inherit=&#8221;default&#8221; tablet_text_alignment=&#8221;default&#8221; phone_text_alignment=&#8221;default&#8221; overlay_strength=&#8221;0.3&#8243; column_border_width=&#8221;none&#8221; column_border_style=&#8221;solid&#8221; bg_image_animation=&#8221;none&#8221;][\/vc_column][\/vc_row]\n","protected":false},"excerpt":{"rendered":"<p>[vc_row type=&#8221;full_width_background&#8221; full_screen_row_position=&#8221;middle&#8221; column_margin=&#8221;default&#8221; bg_color=&#8221;#ffffff&#8221; scene_position=&#8221;center&#8221; text_color=&#8221;light&#8221; text_align=&#8221;left&#8221; id=&#8221;home&#8221; color_overlay=&#8221;#7fbf37&#8243; overlay_strength=&#8221;1&#8243; enable_shape_divider=&#8221;true&#8221; shape_divider_color=&#8221;#ffffff&#8221; shape_divider_position=&#8221;both&#8221; shape_divider_height=&#8221;20%&#8221; bg_image_animation=&#8221;none&#8221; parallax_bg=&#8221;true&#8221; parallax_bg_speed=&#8221;fast&#8221; shape_type=&#8221;straight_section&#8221;][vc_column column_padding=&#8221;no-extra-padding&#8221; column_padding_position=&#8221;all&#8221; background_color_opacity=&#8221;1&#8243; background_hover_color_opacity=&#8221;1&#8243; background_image=&#8221;71&#8243; enable_bg_scale=&#8221;true&#8221; column_link_target=&#8221;_self&#8221; column_shadow=&#8221;none&#8221; column_border_radius=&#8221;5px&#8221; width=&#8221;1\/1&#8243; tablet_width_inherit=&#8221;default&#8221;&#8230;<\/p>\n","protected":false},"author":12,"featured_media":0,"parent":2762,"menu_order":3,"comment_status":"closed","ping_status":"closed","template":"","meta":{"_acf_changed":false,"footnotes":""},"class_list":["post-2683","page","type-page","status-publish"],"acf":[],"_links":{"self":[{"href":"https:\/\/skupajzazdravje.si\/hu\/wp-json\/wp\/v2\/pages\/2683","targetHints":{"allow":["GET"]}}],"collection":[{"href":"https:\/\/skupajzazdravje.si\/hu\/wp-json\/wp\/v2\/pages"}],"about":[{"href":"https:\/\/skupajzazdravje.si\/hu\/wp-json\/wp\/v2\/types\/page"}],"author":[{"embeddable":true,"href":"https:\/\/skupajzazdravje.si\/hu\/wp-json\/wp\/v2\/users\/12"}],"replies":[{"embeddable":true,"href":"https:\/\/skupajzazdravje.si\/hu\/wp-json\/wp\/v2\/comments?post=2683"}],"version-history":[{"count":2,"href":"https:\/\/skupajzazdravje.si\/hu\/wp-json\/wp\/v2\/pages\/2683\/revisions"}],"predecessor-version":[{"id":3201,"href":"https:\/\/skupajzazdravje.si\/hu\/wp-json\/wp\/v2\/pages\/2683\/revisions\/3201"}],"up":[{"embeddable":true,"href":"https:\/\/skupajzazdravje.si\/hu\/wp-json\/wp\/v2\/pages\/2762"}],"wp:attachment":[{"href":"https:\/\/skupajzazdravje.si\/hu\/wp-json\/wp\/v2\/media?parent=2683"}],"curies":[{"name":"wp","href":"https:\/\/api.w.org\/{rel}","templated":true}]}}