{"id":2671,"date":"2021-01-15T09:18:03","date_gmt":"2021-01-15T09:18:03","guid":{"rendered":"https:\/\/www.skupajzazdravje.si\/nevladne-organizacije\/"},"modified":"2021-01-15T09:18:05","modified_gmt":"2021-01-15T09:18:05","slug":"civil-szervezetek-reszere","status":"publish","type":"page","link":"https:\/\/skupajzazdravje.si\/hu\/egeszseges-kozosseg\/civil-szervezetek-reszere\/","title":{"rendered":"Civil szervezetek r\u00e9sz\u00e9re"},"content":{"rendered":"[vc_row type=&#8221;full_width_background&#8221; full_screen_row_position=&#8221;middle&#8221; column_margin=&#8221;default&#8221; bg_color=&#8221;#ffffff&#8221; scene_position=&#8221;center&#8221; text_color=&#8221;light&#8221; text_align=&#8221;left&#8221; id=&#8221;home&#8221; color_overlay=&#8221;#7fbf37&#8243; overlay_strength=&#8221;1&#8243; enable_shape_divider=&#8221;true&#8221; shape_divider_color=&#8221;#ffffff&#8221; shape_divider_position=&#8221;both&#8221; shape_divider_height=&#8221;20%&#8221; bg_image_animation=&#8221;none&#8221; parallax_bg=&#8221;true&#8221; parallax_bg_speed=&#8221;fast&#8221; shape_type=&#8221;straight_section&#8221;][vc_column column_padding=&#8221;no-extra-padding&#8221; column_padding_position=&#8221;all&#8221; background_color_opacity=&#8221;1&#8243; background_hover_color_opacity=&#8221;1&#8243; background_image=&#8221;215&#8243; enable_bg_scale=&#8221;true&#8221; column_link_target=&#8221;_self&#8221; column_shadow=&#8221;none&#8221; column_border_radius=&#8221;5px&#8221; width=&#8221;1\/1&#8243; tablet_width_inherit=&#8221;default&#8221; tablet_text_alignment=&#8221;default&#8221; phone_text_alignment=&#8221;default&#8221; enable_gradient=&#8221;true&#8221; color_overlay_2=&#8221;#000000&#8243; gradient_direction=&#8221;top_to_bottom&#8221; overlay_strength=&#8221;0.5&#8243; column_border_width=&#8221;none&#8221; bg_image_animation=&#8221;zoom-out-reveal&#8221;][vc_row_inner content_placement=&#8221;bottom&#8221; column_margin=&#8221;none&#8221; top_padding=&#8221;15%&#8221; bottom_padding=&#8221;15%&#8221; text_align=&#8221;left&#8221;][vc_column_inner column_padding=&#8221;no-extra-padding&#8221; column_padding_position=&#8221;all&#8221; centered_text=&#8221;true&#8221; background_color_opacity=&#8221;1&#8243; background_hover_color_opacity=&#8221;1&#8243; column_shadow=&#8221;none&#8221; column_border_radius=&#8221;none&#8221; column_link_target=&#8221;_self&#8221; width=&#8221;1\/1&#8243; tablet_width_inherit=&#8221;default&#8221; overlay_strength=&#8221;0.3&#8243; column_border_width=&#8221;none&#8221; column_border_style=&#8221;solid&#8221; bg_image_animation=&#8221;none&#8221;][split_line_heading animation_type=&#8221;line-reveal-by-space&#8221; font_style=&#8221;h1&#8243; text_content=&#8221;Civil szervezetek r\u00e9sz\u00e9re&#8221;][\/split_line_heading][\/vc_column_inner][\/vc_row_inner][\/vc_column][\/vc_row][vc_row type=&#8221;full_width_background&#8221; full_screen_row_position=&#8221;middle&#8221; equal_height=&#8221;yes&#8221; content_placement=&#8221;middle&#8221; column_margin=&#8221;default&#8221; scene_position=&#8221;center&#8221; text_color=&#8221;dark&#8221; text_align=&#8221;left&#8221; top_padding=&#8221;3%&#8221; bottom_padding=&#8221;3%&#8221; overlay_strength=&#8221;1&#8243; shape_divider_color=&#8221;#f4f4f4&#8243; shape_divider_position=&#8221;bottom&#8221; shape_divider_height=&#8221;40%&#8221; bg_image_animation=&#8221;none&#8221; shape_type=&#8221;curve_opacity&#8221;][vc_column column_padding=&#8221;no-extra-padding&#8221; column_padding_position=&#8221;right&#8221; background_color_opacity=&#8221;1&#8243; background_hover_color_opacity=&#8221;1&#8243; column_link_target=&#8221;_self&#8221; column_shadow=&#8221;none&#8221; column_border_radius=&#8221;none&#8221; width=&#8221;1\/6&#8243; tablet_width_inherit=&#8221;default&#8221; tablet_text_alignment=&#8221;default&#8221; phone_text_alignment=&#8221;default&#8221; overlay_strength=&#8221;0.3&#8243; column_border_width=&#8221;none&#8221; column_border_style=&#8221;solid&#8221; bg_image_animation=&#8221;none&#8221;][\/vc_column][vc_column column_padding=&#8221;no-extra-padding&#8221; column_padding_position=&#8221;all&#8221; background_color_opacity=&#8221;1&#8243; background_hover_color_opacity=&#8221;1&#8243; column_link_target=&#8221;_self&#8221; column_shadow=&#8221;none&#8221; column_border_radius=&#8221;none&#8221; width=&#8221;2\/3&#8243; tablet_width_inherit=&#8221;default&#8221; tablet_text_alignment=&#8221;default&#8221; phone_text_alignment=&#8221;default&#8221; overlay_strength=&#8221;0.3&#8243; column_border_width=&#8221;none&#8221; column_border_style=&#8221;solid&#8221; bg_image_animation=&#8221;none&#8221;][vc_row_inner column_margin=&#8221;default&#8221; bottom_padding=&#8221;2%&#8221; text_align=&#8221;left&#8221;][vc_column_inner column_padding=&#8221;no-extra-padding&#8221; column_padding_position=&#8221;all&#8221; background_color_opacity=&#8221;1&#8243; background_hover_color_opacity=&#8221;1&#8243; column_shadow=&#8221;none&#8221; column_border_radius=&#8221;none&#8221; column_link_target=&#8221;_self&#8221; width=&#8221;1\/1&#8243; tablet_width_inherit=&#8221;default&#8221; overlay_strength=&#8221;0.3&#8243; column_border_width=&#8221;none&#8221; column_border_style=&#8221;solid&#8221; bg_image_animation=&#8221;none&#8221;][vc_widget_sidebar sidebar_id=&#8221;page-sidebar&#8221;][vc_column_text] <\/p>\n<h3>A civil szervezetek kulcsfontoss\u00e1g\u00fa partnerek a lakoss\u00e1g jobb eg\u00e9szs\u00e9g\u00e9r\u0151l val\u00f3 gondoskod\u00e1sban. Ez\u00e9rt az Egy\u00fctt az eg\u00e9szs\u00e9g\u00e9rt program tev\u00e9kenys\u00e9gei keret\u00e9ben \u00f6szt\u00f6n\u00f6zz\u00fck az eg\u00e9szs\u00e9g meg\u0151rz\u00e9s\u00e9re \u00e9s fejleszt\u00e9s\u00e9re ir\u00e1nyul\u00f3 egy\u00fcttm\u0171k\u00f6d\u00e9st a helyi k\u00f6rnyezetekben.<\/h3>\n<p> [\/vc_column_text][\/vc_column_inner][\/vc_row_inner][vc_row_inner column_margin=&#8221;default&#8221; bottom_padding=&#8221;2%&#8221; text_align=&#8221;left&#8221;][vc_column_inner column_padding=&#8221;no-extra-padding&#8221; column_padding_position=&#8221;all&#8221; background_color_opacity=&#8221;1&#8243; background_hover_color_opacity=&#8221;1&#8243; column_shadow=&#8221;none&#8221; column_border_radius=&#8221;none&#8221; column_link_target=&#8221;_self&#8221; width=&#8221;1\/1&#8243; tablet_width_inherit=&#8221;default&#8221; overlay_strength=&#8221;0.3&#8243; column_border_width=&#8221;none&#8221; column_border_style=&#8221;solid&#8221; bg_image_animation=&#8221;none&#8221;][vc_column_text]Ha a saj\u00e1t szervezet\u00e9n bel\u00fcl l\u00e1t egy\u00fcttm\u0171k\u00f6d\u00e9si lehet\u0151s\u00e9get, vegye fel a kapcsolatot a legk\u00f6zelebbi <a href=\"https:\/\/www.skupajzazdravje.si\/zemljevid\/\" target=\"_blank\" rel=\"noopener noreferrer\">eg\u00e9szs\u00e9gfejleszt\u00e9si vagy eg\u00e9szs\u00e9gnevel\u00e9si k\u00f6zponttal<\/a>, \u00e9s besz\u00e9ljen meg egy tal\u00e1lkoz\u00f3t! A k\u00f6zpont szakembereivel az \u00d6n munkater\u00fclet\u00e9re szabott tev\u00e9kenys\u00e9geket alak\u00edtanak ki. Ezzel hozz\u00e1j\u00e1rul esem\u00e9nye r\u00e9sztvev\u0151inek \u00e9s a helyi k\u00f6rnyezet lakosainak jobb eg\u00e9szs\u00e9g\u00e9hez \u00e9s k\u00f6z\u00e9rzet\u00e9hez. El\u0151ad\u00e1sokat, tan\u00e1csad\u00e1sokat, m\u0171helymunk\u00e1kat, esem\u00e9nyeket \u00e9s egy\u00e9b egy\u00fcttm\u0171k\u00f6d\u00e9si form\u00e1kat egyeztethetnek a k\u00f6vetkez\u0151 ter\u00fcleteken:[\/vc_column_text]<div class=\"nectar-fancy-ul\" data-list-icon=\"icon-arrow-right\" data-animation=\"false\" data-animation-delay=\"0\" data-color=\"accent-color\" data-spacing=\"default\" data-alignment=\"left\">  <\/p>\n<ul>\n<li>eg\u00e9szs\u00e9ges t\u00e1pl\u00e1lkoz\u00e1s,<\/li>\n<li>eg\u00e9szs\u00e9gfejleszt\u00e9si fizikai tev\u00e9kenys\u00e9gek,<\/li>\n<li>s\u00falykezel\u00e9s,<\/li>\n<li>szabadid\u0151 akt\u00edv elt\u00f6lt\u00e9se,<\/li>\n<li>ment\u00e1lis eg\u00e9szs\u00e9g \u00e9s stresszkezel\u00e9s,<\/li>\n<li>relax\u00e1ci\u00f3s technik\u00e1k,<\/li>\n<li>kr\u00f3nikus betegs\u00e9ggel val\u00f3 \u00e9let,<\/li>\n<li>funkcion\u00e1lis fogyat\u00e9koss\u00e1g sz\u0171r\u00e9se,<\/li>\n<li>es\u00e9sek megel\u0151z\u00e9se,<\/li>\n<li>olt\u00e1s,<\/li>\n<li>a r\u00e1k korai felismer\u00e9s\u00e9re ir\u00e1nyul\u00f3 megel\u0151z\u0151 \u00e9s sz\u0171r\u0151programok (<a href=\"https:\/\/dora.onko-i.si\/\" target=\"_blank\" rel=\"noopener noreferrer\">Dora<\/a>,\u00a0<a href=\"https:\/\/zora.onko-i.si\/\" target=\"_blank\" rel=\"noopener noreferrer\">Zora<\/a>,\u00a0<a href=\"https:\/\/www.program-svit.si\/\" target=\"_blank\" rel=\"noopener noreferrer\">Svit<\/a>) \u00e9s<\/li>\n<li>sz\u00e1mos egy\u00e9b fontos, valamint aktu\u00e1lis t\u00e9m\u00e1ban.<\/li>\n<\/ul>\n<p>  <\/div>[vc_column_text]Ugyancsak egyeztetheti egy eg\u00e9szs\u00e9g\u00fcgyi ny\u00edlt nap megszervez\u00e9s\u00e9t a szervezete helyis\u00e9geiben.[\/vc_column_text][\/vc_column_inner][\/vc_row_inner][\/vc_column][vc_column column_padding=&#8221;no-extra-padding&#8221; column_padding_position=&#8221;all&#8221; background_color_opacity=&#8221;1&#8243; background_hover_color_opacity=&#8221;1&#8243; column_link_target=&#8221;_self&#8221; column_shadow=&#8221;none&#8221; column_border_radius=&#8221;none&#8221; width=&#8221;1\/6&#8243; tablet_width_inherit=&#8221;default&#8221; tablet_text_alignment=&#8221;default&#8221; phone_text_alignment=&#8221;default&#8221; overlay_strength=&#8221;0.3&#8243; column_border_width=&#8221;none&#8221; column_border_style=&#8221;solid&#8221; bg_image_animation=&#8221;none&#8221;][\/vc_column][\/vc_row]\n","protected":false},"excerpt":{"rendered":"<p>[vc_row type=&#8221;full_width_background&#8221; full_screen_row_position=&#8221;middle&#8221; column_margin=&#8221;default&#8221; bg_color=&#8221;#ffffff&#8221; scene_position=&#8221;center&#8221; text_color=&#8221;light&#8221; text_align=&#8221;left&#8221; id=&#8221;home&#8221; color_overlay=&#8221;#7fbf37&#8243; overlay_strength=&#8221;1&#8243; enable_shape_divider=&#8221;true&#8221; shape_divider_color=&#8221;#ffffff&#8221; shape_divider_position=&#8221;both&#8221; shape_divider_height=&#8221;20%&#8221; bg_image_animation=&#8221;none&#8221; parallax_bg=&#8221;true&#8221; parallax_bg_speed=&#8221;fast&#8221; shape_type=&#8221;straight_section&#8221;][vc_column column_padding=&#8221;no-extra-padding&#8221; column_padding_position=&#8221;all&#8221; background_color_opacity=&#8221;1&#8243; background_hover_color_opacity=&#8221;1&#8243; background_image=&#8221;215&#8243; enable_bg_scale=&#8221;true&#8221; column_link_target=&#8221;_self&#8221; column_shadow=&#8221;none&#8221; column_border_radius=&#8221;5px&#8221; width=&#8221;1\/1&#8243; tablet_width_inherit=&#8221;default&#8221;&#8230;<\/p>\n","protected":false},"author":12,"featured_media":0,"parent":2752,"menu_order":0,"comment_status":"closed","ping_status":"closed","template":"","meta":{"_acf_changed":false,"footnotes":""},"class_list":["post-2671","page","type-page","status-publish"],"acf":[],"_links":{"self":[{"href":"https:\/\/skupajzazdravje.si\/hu\/wp-json\/wp\/v2\/pages\/2671","targetHints":{"allow":["GET"]}}],"collection":[{"href":"https:\/\/skupajzazdravje.si\/hu\/wp-json\/wp\/v2\/pages"}],"about":[{"href":"https:\/\/skupajzazdravje.si\/hu\/wp-json\/wp\/v2\/types\/page"}],"author":[{"embeddable":true,"href":"https:\/\/skupajzazdravje.si\/hu\/wp-json\/wp\/v2\/users\/12"}],"replies":[{"embeddable":true,"href":"https:\/\/skupajzazdravje.si\/hu\/wp-json\/wp\/v2\/comments?post=2671"}],"version-history":[{"count":1,"href":"https:\/\/skupajzazdravje.si\/hu\/wp-json\/wp\/v2\/pages\/2671\/revisions"}],"predecessor-version":[{"id":3062,"href":"https:\/\/skupajzazdravje.si\/hu\/wp-json\/wp\/v2\/pages\/2671\/revisions\/3062"}],"up":[{"embeddable":true,"href":"https:\/\/skupajzazdravje.si\/hu\/wp-json\/wp\/v2\/pages\/2752"}],"wp:attachment":[{"href":"https:\/\/skupajzazdravje.si\/hu\/wp-json\/wp\/v2\/media?parent=2671"}],"curies":[{"name":"wp","href":"https:\/\/api.w.org\/{rel}","templated":true}]}}