{"id":2664,"date":"2021-01-15T09:18:03","date_gmt":"2021-01-15T09:18:03","guid":{"rendered":"https:\/\/www.skupajzazdravje.si\/krepitev-zdravja-v-skupnosti\/"},"modified":"2021-01-15T09:18:05","modified_gmt":"2021-01-15T09:18:05","slug":"kozossegi-egeszsegfejlesztes","status":"publish","type":"page","link":"https:\/\/skupajzazdravje.si\/hu\/egeszseges-kozosseg\/kozossegi-egeszsegfejlesztes\/","title":{"rendered":"K\u00f6z\u00f6ss\u00e9gi eg\u00e9szs\u00e9gfejleszt\u00e9s"},"content":{"rendered":"[vc_row type=&#8221;full_width_background&#8221; full_screen_row_position=&#8221;middle&#8221; column_margin=&#8221;default&#8221; bg_color=&#8221;#ffffff&#8221; scene_position=&#8221;center&#8221; text_color=&#8221;light&#8221; text_align=&#8221;left&#8221; id=&#8221;home&#8221; color_overlay=&#8221;#7fbf37&#8243; overlay_strength=&#8221;1&#8243; enable_shape_divider=&#8221;true&#8221; shape_divider_color=&#8221;#ffffff&#8221; shape_divider_position=&#8221;both&#8221; shape_divider_height=&#8221;20%&#8221; bg_image_animation=&#8221;none&#8221; parallax_bg=&#8221;true&#8221; parallax_bg_speed=&#8221;fast&#8221; shape_type=&#8221;straight_section&#8221;][vc_column column_padding=&#8221;no-extra-padding&#8221; column_padding_position=&#8221;all&#8221; background_color_opacity=&#8221;1&#8243; background_hover_color_opacity=&#8221;1&#8243; background_image=&#8221;685&#8243; enable_bg_scale=&#8221;true&#8221; column_link_target=&#8221;_self&#8221; column_shadow=&#8221;none&#8221; column_border_radius=&#8221;5px&#8221; width=&#8221;1\/1&#8243; tablet_width_inherit=&#8221;default&#8221; tablet_text_alignment=&#8221;default&#8221; phone_text_alignment=&#8221;default&#8221; enable_gradient=&#8221;true&#8221; color_overlay_2=&#8221;#000000&#8243; gradient_direction=&#8221;top_to_bottom&#8221; overlay_strength=&#8221;0.5&#8243; column_border_width=&#8221;none&#8221; bg_image_animation=&#8221;zoom-out-reveal&#8221;][vc_row_inner content_placement=&#8221;bottom&#8221; column_margin=&#8221;none&#8221; top_padding=&#8221;15%&#8221; bottom_padding=&#8221;15%&#8221; text_align=&#8221;left&#8221;][vc_column_inner column_padding=&#8221;no-extra-padding&#8221; column_padding_position=&#8221;all&#8221; centered_text=&#8221;true&#8221; background_color_opacity=&#8221;1&#8243; background_hover_color_opacity=&#8221;1&#8243; column_shadow=&#8221;none&#8221; column_border_radius=&#8221;none&#8221; column_link_target=&#8221;_self&#8221; width=&#8221;1\/1&#8243; tablet_width_inherit=&#8221;default&#8221; overlay_strength=&#8221;0.3&#8243; column_border_width=&#8221;none&#8221; column_border_style=&#8221;solid&#8221; bg_image_animation=&#8221;none&#8221;][split_line_heading animation_type=&#8221;line-reveal-by-space&#8221; font_style=&#8221;h1&#8243; text_content=&#8221;K\u00f6z\u00f6ss\u00e9gi eg\u00e9szs\u00e9gfejleszt\u00e9s&#8221;][\/split_line_heading][\/vc_column_inner][\/vc_row_inner][\/vc_column][\/vc_row][vc_row type=&#8221;full_width_background&#8221; full_screen_row_position=&#8221;middle&#8221; equal_height=&#8221;yes&#8221; content_placement=&#8221;middle&#8221; column_margin=&#8221;default&#8221; scene_position=&#8221;center&#8221; text_color=&#8221;dark&#8221; text_align=&#8221;left&#8221; top_padding=&#8221;3%&#8221; bottom_padding=&#8221;3%&#8221; overlay_strength=&#8221;1&#8243; shape_divider_color=&#8221;#f4f4f4&#8243; shape_divider_position=&#8221;bottom&#8221; shape_divider_height=&#8221;40%&#8221; bg_image_animation=&#8221;none&#8221; shape_type=&#8221;curve_opacity&#8221;][vc_column column_padding=&#8221;no-extra-padding&#8221; column_padding_position=&#8221;right&#8221; background_color_opacity=&#8221;1&#8243; background_hover_color_opacity=&#8221;1&#8243; column_link_target=&#8221;_self&#8221; column_shadow=&#8221;none&#8221; column_border_radius=&#8221;none&#8221; width=&#8221;1\/6&#8243; tablet_width_inherit=&#8221;default&#8221; tablet_text_alignment=&#8221;default&#8221; phone_text_alignment=&#8221;default&#8221; overlay_strength=&#8221;0.3&#8243; column_border_width=&#8221;none&#8221; column_border_style=&#8221;solid&#8221; bg_image_animation=&#8221;none&#8221;][\/vc_column][vc_column column_padding=&#8221;no-extra-padding&#8221; column_padding_position=&#8221;all&#8221; background_color_opacity=&#8221;1&#8243; background_hover_color_opacity=&#8221;1&#8243; column_link_target=&#8221;_self&#8221; column_shadow=&#8221;none&#8221; column_border_radius=&#8221;none&#8221; width=&#8221;2\/3&#8243; tablet_width_inherit=&#8221;default&#8221; tablet_text_alignment=&#8221;default&#8221; phone_text_alignment=&#8221;default&#8221; overlay_strength=&#8221;0.3&#8243; column_border_width=&#8221;none&#8221; column_border_style=&#8221;solid&#8221; bg_image_animation=&#8221;none&#8221;][vc_row_inner column_margin=&#8221;default&#8221; bottom_padding=&#8221;2%&#8221; text_align=&#8221;left&#8221;][vc_column_inner column_padding=&#8221;no-extra-padding&#8221; column_padding_position=&#8221;all&#8221; background_color_opacity=&#8221;1&#8243; background_hover_color_opacity=&#8221;1&#8243; column_shadow=&#8221;none&#8221; column_border_radius=&#8221;none&#8221; column_link_target=&#8221;_self&#8221; width=&#8221;1\/1&#8243; tablet_width_inherit=&#8221;default&#8221; overlay_strength=&#8221;0.3&#8243; column_border_width=&#8221;none&#8221; column_border_style=&#8221;solid&#8221; bg_image_animation=&#8221;none&#8221;][vc_widget_sidebar sidebar_id=&#8221;page-sidebar&#8221;][vc_column_text] <\/p>\n<h3>Ha nyugodt k\u00f6rnyezetben, j\u00f3l ismert emberek k\u00f6r\u00e9ben szeretne gondoskodni az eg\u00e9szs\u00e9g\u00e9r\u0151l, akkor a k\u00f6z\u00f6ss\u00e9gi eg\u00e9szs\u00e9gfejleszt\u00e9si tev\u00e9kenys\u00e9gek a megfelel\u0151 v\u00e1laszt\u00e1s az \u00d6n sz\u00e1m\u00e1ra.<\/h3>\n<p> [\/vc_column_text][\/vc_column_inner][\/vc_row_inner][vc_row_inner column_margin=&#8221;default&#8221; bottom_padding=&#8221;2%&#8221; text_align=&#8221;left&#8221;][vc_column_inner column_padding=&#8221;no-extra-padding&#8221; column_padding_position=&#8221;all&#8221; background_color_opacity=&#8221;1&#8243; background_hover_color_opacity=&#8221;1&#8243; column_shadow=&#8221;none&#8221; column_border_radius=&#8221;none&#8221; column_link_target=&#8221;_self&#8221; width=&#8221;1\/1&#8243; tablet_width_inherit=&#8221;default&#8221; overlay_strength=&#8221;0.3&#8243; column_border_width=&#8221;none&#8221; column_border_style=&#8221;solid&#8221; bg_image_animation=&#8221;none&#8221;][vc_column_text]Az eg\u00e9szs\u00e9g\u00fcgyi k\u00f6zpontok szakemberei az \u00d6n k\u00f6z\u00f6ss\u00e9g\u00e9ben sz\u00e1mos olyan tev\u00e9kenys\u00e9get v\u00e9geznek, amelyek az eg\u00e9szs\u00e9g er\u0151s\u00edt\u00e9s\u00e9t c\u00e9lozz\u00e1k. A kapott inform\u00e1ci\u00f3k \u00e9s a megtanult k\u00e9szs\u00e9gek felhaszn\u00e1l\u00e1s\u00e1val eg\u00e9szs\u00e9ges szok\u00e1sokat alak\u00edthat ki az \u00e9let\u00e9ben, \u00e9s ezzel k\u00f6nnyebb d\u00f6nt\u00e9seket hozhat az eg\u00e9szs\u00e9g\u00e9vel kapcsolatban. Szerveznek \u00d6nnek:[\/vc_column_text]<div class=\"nectar-fancy-ul\" data-list-icon=\"icon-arrow-right\" data-animation=\"false\" data-animation-delay=\"0\" data-color=\"accent-color\" data-spacing=\"default\" data-alignment=\"left\">  <\/p>\n<ul>\n<li>eg\u00e9szs\u00e9g\u00fcgyi napokat az eg\u00e9szs\u00e9gfejleszt\u00e9s k\u00fcl\u00f6nb\u00f6z\u0151 t\u00e9m\u00e1ival,<\/li>\n<li>ny\u00edlt napokat az eg\u00e9szs\u00e9gh\u00e1zakban,<\/li>\n<li>el\u0151ad\u00e1sokat, m\u0171helymunk\u00e1kat \u00e9s tan\u00e1csad\u00e1st a k\u00f6vetkez\u0151kr\u0151l:\n<ul>\n<li>eg\u00e9szs\u00e9ges \u00e9letm\u00f3d,<\/li>\n<li>eg\u00e9szs\u00e9ges t\u00e1pl\u00e1lkoz\u00e1s,<\/li>\n<li>eg\u00e9szs\u00e9ger\u0151s\u00edt\u0151 testmozg\u00e1s,<\/li>\n<li>ment\u00e1lis eg\u00e9szs\u00e9g er\u0151s\u00edt\u00e9se,<\/li>\n<li>doh\u00e1nyz\u00e1sr\u00f3l val\u00f3 leszok\u00e1s,<\/li>\n<li>kock\u00e1zatos\/k\u00e1ros alkoholfogyaszt\u00e1s,<\/li>\n<li>sz\u00e1jhigi\u00e9nia,<\/li>\n<li>test\u00e1pol\u00e1s,<\/li>\n<li>biztons\u00e1gos napoz\u00e1s,<\/li>\n<li>a mellek, her\u00e9k, anyajegyek \u00f6nvizsg\u00e1lata,<\/li>\n<li>alv\u00e1s \u00e9s pihen\u00e9s jelent\u0151s\u00e9ge,<\/li>\n<li>2-es t\u00edpus\u00fa cukorbetegs\u00e9g,<\/li>\n<li>olt\u00e1s,<\/li>\n<li>id\u0151sebb szem\u00e9lyek es\u00e9seinek megel\u0151z\u00e9se,<\/li>\n<li>nemzeti megel\u0151z\u0151 \u00e9s sz\u0171r\u0151 programokban val\u00f3 r\u00e9szv\u00e9tel (<a href=\"https:\/\/dora.onko-i.si\/\" target=\"_blank\" rel=\"noopener noreferrer\">Dora<\/a>, <a href=\"https:\/\/zora.onko-i.si\/\" target=\"_blank\" rel=\"noopener noreferrer\">Zora<\/a>, <a href=\"https:\/\/www.program-svit.si\/\" target=\"_blank\" rel=\"noopener noreferrer\">Svit<\/a>) \u00e9s<\/li>\n<li>m\u00e1s, az eg\u00e9szs\u00e9ggel kapcsolatos aktu\u00e1lis k\u00e9rd\u00e9sek, t\u00e9m\u00e1k.<\/li>\n<\/ul>\n<\/li>\n<li>Svit napokat, melyek keret\u00e9ben mindent megtudhat a <a href=\"https:\/\/www.program-svit.si\" target=\"_blank\" rel=\"noopener noreferrer\">Svit programban<\/a>, a r\u00e1kmegel\u0151z\u0151 elv\u00e1ltoz\u00e1sok, valamint a vastag- \u00e9s v\u00e9gb\u00e9lr\u00e1k sz\u0171r\u00e9s\u00e9t \u00e9s korai felfedez\u00e9s\u00e9t szolg\u00e1l\u00f3 \u00e1llami sz\u0171r\u0151programban val\u00f3 r\u00e9szv\u00e9telr\u0151l<\/li>\n<li>k\u00f6zs\u00e9gi 2 km-s j\u00e1r\u00e1steszteket,<\/li>\n<li>sok egy\u00e9b, a helyi k\u00f6z\u00f6ss\u00e9gek sz\u00e1m\u00e1ra aktu\u00e1lis tev\u00e9kenys\u00e9get \u00e9s esem\u00e9nyt.<\/li>\n<\/ul>\n<p>  <\/div>[vc_column_text]<a href=\"https:\/\/www.skupajzazdravje.si\/zemljevid\/\" target=\"_blank\" rel=\"noopener noreferrer\">Eg\u00e9szs\u00e9gfejleszt\u00e9si vagy eg\u00e9szs\u00e9gnevel\u00e9si k\u00f6zpontj\u00e1ban<\/a> \u00e9rdekl\u0151dje meg, mely tev\u00e9kenys\u00e9gek folynak az \u00d6n telep\u00fcl\u00e9s\u00e9n.[\/vc_column_text][\/vc_column_inner][\/vc_row_inner][\/vc_column][vc_column column_padding=&#8221;no-extra-padding&#8221; column_padding_position=&#8221;all&#8221; background_color_opacity=&#8221;1&#8243; background_hover_color_opacity=&#8221;1&#8243; column_link_target=&#8221;_self&#8221; column_shadow=&#8221;none&#8221; column_border_radius=&#8221;none&#8221; width=&#8221;1\/6&#8243; tablet_width_inherit=&#8221;default&#8221; tablet_text_alignment=&#8221;default&#8221; phone_text_alignment=&#8221;default&#8221; overlay_strength=&#8221;0.3&#8243; column_border_width=&#8221;none&#8221; column_border_style=&#8221;solid&#8221; bg_image_animation=&#8221;none&#8221;][\/vc_column][\/vc_row]\n","protected":false},"excerpt":{"rendered":"<p>[vc_row type=&#8221;full_width_background&#8221; full_screen_row_position=&#8221;middle&#8221; column_margin=&#8221;default&#8221; bg_color=&#8221;#ffffff&#8221; scene_position=&#8221;center&#8221; text_color=&#8221;light&#8221; text_align=&#8221;left&#8221; id=&#8221;home&#8221; color_overlay=&#8221;#7fbf37&#8243; overlay_strength=&#8221;1&#8243; enable_shape_divider=&#8221;true&#8221; shape_divider_color=&#8221;#ffffff&#8221; shape_divider_position=&#8221;both&#8221; shape_divider_height=&#8221;20%&#8221; bg_image_animation=&#8221;none&#8221; parallax_bg=&#8221;true&#8221; parallax_bg_speed=&#8221;fast&#8221; shape_type=&#8221;straight_section&#8221;][vc_column column_padding=&#8221;no-extra-padding&#8221; column_padding_position=&#8221;all&#8221; background_color_opacity=&#8221;1&#8243; background_hover_color_opacity=&#8221;1&#8243; background_image=&#8221;685&#8243; enable_bg_scale=&#8221;true&#8221; column_link_target=&#8221;_self&#8221; column_shadow=&#8221;none&#8221; column_border_radius=&#8221;5px&#8221; width=&#8221;1\/1&#8243; tablet_width_inherit=&#8221;default&#8221;&#8230;<\/p>\n","protected":false},"author":12,"featured_media":0,"parent":2752,"menu_order":0,"comment_status":"closed","ping_status":"closed","template":"","meta":{"_acf_changed":false,"footnotes":""},"class_list":["post-2664","page","type-page","status-publish"],"acf":[],"_links":{"self":[{"href":"https:\/\/skupajzazdravje.si\/hu\/wp-json\/wp\/v2\/pages\/2664","targetHints":{"allow":["GET"]}}],"collection":[{"href":"https:\/\/skupajzazdravje.si\/hu\/wp-json\/wp\/v2\/pages"}],"about":[{"href":"https:\/\/skupajzazdravje.si\/hu\/wp-json\/wp\/v2\/types\/page"}],"author":[{"embeddable":true,"href":"https:\/\/skupajzazdravje.si\/hu\/wp-json\/wp\/v2\/users\/12"}],"replies":[{"embeddable":true,"href":"https:\/\/skupajzazdravje.si\/hu\/wp-json\/wp\/v2\/comments?post=2664"}],"version-history":[{"count":2,"href":"https:\/\/skupajzazdravje.si\/hu\/wp-json\/wp\/v2\/pages\/2664\/revisions"}],"predecessor-version":[{"id":3060,"href":"https:\/\/skupajzazdravje.si\/hu\/wp-json\/wp\/v2\/pages\/2664\/revisions\/3060"}],"up":[{"embeddable":true,"href":"https:\/\/skupajzazdravje.si\/hu\/wp-json\/wp\/v2\/pages\/2752"}],"wp:attachment":[{"href":"https:\/\/skupajzazdravje.si\/hu\/wp-json\/wp\/v2\/media?parent=2664"}],"curies":[{"name":"wp","href":"https:\/\/api.w.org\/{rel}","templated":true}]}}